{"id":2114,"date":"2023-05-04T18:55:55","date_gmt":"2023-05-04T17:55:55","guid":{"rendered":"https:\/\/taxiwordpress.com\/?page_id=2114"},"modified":"2023-05-04T19:04:38","modified_gmt":"2023-05-04T18:04:38","slug":"geschaftsbedingungen","status":"publish","type":"page","link":"https:\/\/taxiwordpress.com\/de\/geschaftsbedingungen\/","title":{"rendered":"Terms &amp; amp; Bedingungen"},"content":{"rendered":"<div class=\"wpb-content-wrapper\"><section class=\"wpb_row vc_row-fluid\"><div class=\"container\"><div class=\"vc_row\"><div class=\"wpb_column vc_column_container vc_col-sm-12\"><div class=\"vc_column-inner\"><div class=\"wpb_wrapper\"><div class=\"vc_empty_space\"   style=\"height: 32px\"><span class=\"vc_empty_space_inner\"><\/span><\/div>\n    <div class=\"section-head\">\n                <h2 class=\"section-title\">AGB f\u00fcr das Taxi-WordPress-Plugin<\/h2>\n            <\/div>\n\n<div class=\"vc_empty_space\"   style=\"height: 32px\"><span class=\"vc_empty_space_inner\"><\/span><\/div>\n\t<div class=\"wpb_text_column wpb_content_element\" >\n\t\t<div class=\"wpb_wrapper\">\n\t\t\t<ol class=\"my-2\">\n<li class=\"ml-4 flex gap-2\"><strong>Annahme der Bedingungen.<\/strong>\u00a0Durch die Nutzung des Taxi WordPress Plugins (das \u201ePlugin\u201c) stimmen Sie diesen Allgemeinen Gesch\u00e4ftsbedingungen (\u201eBedingungen\u201c) zu. Wenn Sie diesen Bedingungen nicht zustimmen, verwenden Sie das Plugin nicht.<\/li>\n<li class=\"ml-4 flex gap-2\"><strong>Lizenz.<\/strong>\u00a0Wir gew\u00e4hren Ihnen eine begrenzte, nicht ausschlie\u00dfliche, nicht \u00fcbertragbare und widerrufliche Lizenz zur Nutzung des Plugins f\u00fcr Ihre pers\u00f6nlichen oder kommerziellen Zwecke, vorbehaltlich dieser Bedingungen und aller geltenden Gesetze und Vorschriften.<\/li>\n<li class=\"ml-4 flex gap-2\"><strong>\u00c4nderung.<\/strong>\u00a0Wir behalten uns das Recht vor, diese Bedingungen jederzeit und ohne vorherige Ank\u00fcndigung zu \u00e4ndern oder zu aktualisieren. Durch Ihre fortgesetzte Nutzung des Plugins nach solchen \u00c4nderungen oder Aktualisierungen erkl\u00e4ren Sie sich mit den \u00fcberarbeiteten Bedingungen einverstanden.<\/li>\n<li class=\"ml-4 flex gap-2\"><strong>Geistigen Eigentums.<\/strong>\u00a0Das Plugin und alle mit dem Plugin verbundenen Inhalte und Materialien, einschlie\u00dflich, aber nicht beschr\u00e4nkt auf Texte, Grafiken, Logos, Bilder und Software, sind unser Eigentum oder das Eigentum unserer Lizenzgeber und sind durch Urheberrecht, Markenrecht und andere Gesetze zum Schutz des geistigen Eigentums gesch\u00fctzt .<\/li>\n<li class=\"ml-4 flex gap-2\"><strong>Haftungsbeschr\u00e4nkung.<\/strong>\u00a0Wir haften nicht f\u00fcr Sch\u00e4den, einschlie\u00dflich, aber nicht beschr\u00e4nkt auf direkte, indirekte, zuf\u00e4llige, Folge- oder Strafsch\u00e4den, die sich aus oder im Zusammenhang mit der Nutzung des Plugins oder dieser Bedingungen ergeben.<\/li>\n<li class=\"ml-4 flex gap-2\"><strong>Entsch\u00e4digung.<\/strong>\u00a0Sie erkl\u00e4ren sich damit einverstanden, uns von allen Anspr\u00fcchen, Sch\u00e4den, Verbindlichkeiten, Kosten und Ausgaben, einschlie\u00dflich angemessener Anwaltskosten, die sich aus oder im Zusammenhang mit Ihrer Nutzung des Plugins oder Ihrem Versto\u00df gegen diese Bedingungen ergeben, freizustellen, zu verteidigen und schadlos zu halten.<\/li>\n<li class=\"ml-4 flex gap-2\"><strong>Beendigung.<\/strong>\u00a0Wir k\u00f6nnen Ihre Lizenz zur Nutzung des Plugins jederzeit mit oder ohne Angabe von Gr\u00fcnden und ohne Vorank\u00fcndigung an Sie k\u00fcndigen. Nach der K\u00fcndigung m\u00fcssen Sie die Nutzung des Plugins sofort einstellen und alle Kopien des Plugins von Ihrem Computer oder Ger\u00e4t l\u00f6schen.<\/li>\n<li class=\"ml-4 flex gap-2\"><strong>Geltendes Recht.<\/strong>\u00a0Diese Bedingungen und Ihre Nutzung des Plugins unterliegen den Gesetzen des Staates oder Landes, in dem wir ans\u00e4ssig sind, ungeachtet etwaiger Kollisionsnormen.<\/li>\n<li class=\"ml-4 flex gap-2\"><strong>Ganze Vereinbarung.<\/strong>\u00a0Diese Bedingungen stellen die gesamte Vereinbarung zwischen Ihnen und uns bez\u00fcglich Ihrer Nutzung des Plugins dar und ersetzen alle vorherigen schriftlichen oder m\u00fcndlichen Vereinbarungen und Absprachen.<\/li>\n<\/ol>\n<div class=\"\">Wenn Sie Fragen oder Bedenken zu diesen Bedingungen haben, wenden Sie sich bitte an uns <a href=\"https:\/\/taxiwordpress.com\/de\/kontaktiere-uns\/\">kontaktiere uns<\/a><\/div>\n\n\t\t<\/div>\n\t<\/div>\n<div class=\"vc_empty_space\"   style=\"height: 32px\"><span class=\"vc_empty_space_inner\"><\/span><\/div><\/div><\/div><\/div><\/div><\/div><\/section>\n<\/div>","protected":false},"excerpt":{"rendered":"AGB f\u00fcr das Taxi WordPress Plugin Akzeptanz der Bedingungen. Durch die Nutzung des Taxi WordPress Plugin (das \u201ePlugin\u201c) stimmen Sie diesen Allgemeinen Gesch\u00e4ftsbedingungen (\u201eBedingungen\u201c) zu. Wenn Sie diesen Bedingungen nicht zustimmen, verwenden Sie das Plugin nicht. Lizenz. Wir gew\u00e4hren Ihnen eine begrenzte, nicht exklusive, nicht \u00fcbertragbare und widerrufliche Lizenz zur Nutzung des Plugins f\u00fcr Ihre pers\u00f6nlichen oder kommerziellen Zwecke [...]","protected":false},"author":1,"featured_media":0,"parent":0,"menu_order":0,"comment_status":"closed","ping_status":"closed","template":"","meta":{"om_disable_all_campaigns":false,"footnotes":""},"class_list":["post-2114","page","type-page","status-publish","hentry"],"_links":{"self":[{"href":"https:\/\/taxiwordpress.com\/de\/wp-json\/wp\/v2\/pages\/2114","targetHints":{"allow":["GET"]}}],"collection":[{"href":"https:\/\/taxiwordpress.com\/de\/wp-json\/wp\/v2\/pages"}],"about":[{"href":"https:\/\/taxiwordpress.com\/de\/wp-json\/wp\/v2\/types\/page"}],"author":[{"embeddable":true,"href":"https:\/\/taxiwordpress.com\/de\/wp-json\/wp\/v2\/users\/1"}],"replies":[{"embeddable":true,"href":"https:\/\/taxiwordpress.com\/de\/wp-json\/wp\/v2\/comments?post=2114"}],"version-history":[{"count":0,"href":"https:\/\/taxiwordpress.com\/de\/wp-json\/wp\/v2\/pages\/2114\/revisions"}],"wp:attachment":[{"href":"https:\/\/taxiwordpress.com\/de\/wp-json\/wp\/v2\/media?parent=2114"}],"curies":[{"name":"wp","href":"https:\/\/api.w.org\/{rel}","templated":true}]}}