{"id":2125,"date":"2023-05-04T19:06:52","date_gmt":"2023-05-04T18:06:52","guid":{"rendered":"https:\/\/taxiwordpress.com\/?page_id=2125"},"modified":"2023-05-04T19:15:03","modified_gmt":"2023-05-04T18:15:03","slug":"datenschutzrichtlinie","status":"publish","type":"page","link":"https:\/\/taxiwordpress.com\/de\/datenschutzrichtlinie\/","title":{"rendered":"Datenschutz-Bestimmungen"},"content":{"rendered":"<div class=\"wpb-content-wrapper\"><section class=\"wpb_row vc_row-fluid\"><div class=\"container\"><div class=\"vc_row\"><div class=\"wpb_column vc_column_container vc_col-sm-12\"><div class=\"vc_column-inner\"><div class=\"wpb_wrapper\"><div class=\"vc_empty_space\"   style=\"height: 32px\"><span class=\"vc_empty_space_inner\"><\/span><\/div>\n    <div class=\"section-head\">\n                <h2 class=\"section-title\">Datenschutz-Bestimmungen<\/h2>\n            <\/div>\n\n<div class=\"vc_empty_space\"   style=\"height: 32px\"><span class=\"vc_empty_space_inner\"><\/span><\/div>\n\t<div class=\"wpb_text_column wpb_content_element\" >\n\t\t<div class=\"wpb_wrapper\">\n\t\t\t<div class=\"\">Diese Datenschutzrichtlinie beschreibt, wie wir Informationen sammeln, verwenden und offenlegen, wenn Sie unser Taxi-WordPress-Plugin (das \u201ePlugin\u201c) verwenden.<\/div>\n<div class=\"\"><strong>Informationen, die wir sammeln<\/strong><\/div>\n<div class=\"\">Wir k\u00f6nnen die folgenden Informationen von Ihnen sammeln:<\/div>\n<ol class=\"my-2\">\n<li class=\"ml-4 flex gap-2\">\n<div>\n<div class=\"rounded-full h-1 w-1 bg-primary-300 mt-&#091;10px&#093;\"><\/div>\n<\/div>\n<div class=\"\"><strong>Pers\u00f6nliche Angaben:<\/strong>\u00a0Wenn Sie unser Plugin nutzen, erfassen wir m\u00f6glicherweise personenbezogene Daten wie Ihren Namen, Ihre E-Mail-Adresse und Ihre Telefonnummer.<\/div>\n<\/li>\n<li class=\"ml-4 flex gap-2\">\n<div>\n<div class=\"rounded-full h-1 w-1 bg-primary-300 mt-&#091;10px&#093;\"><\/div>\n<\/div>\n<div class=\"\"><strong>Nutzungsinformationen:<\/strong>\u00a0Wir erfassen m\u00f6glicherweise Informationen dar\u00fcber, wie Sie unser Plugin nutzen, z. B. die von Ihnen besuchten Seiten und die von Ihnen genutzten Funktionen.<\/div>\n<\/li>\n<li class=\"ml-4 flex gap-2\">\n<div>\n<div class=\"rounded-full h-1 w-1 bg-primary-300 mt-&#091;10px&#093;\"><\/div>\n<\/div>\n<div class=\"\"><strong>Ger\u00e4teinformation:<\/strong>\u00a0Wir erfassen m\u00f6glicherweise Informationen \u00fcber das Ger\u00e4t, mit dem Sie auf unser Plugin zugreifen, wie z. B. Ihre IP-Adresse, Ihren Browsertyp und Ihr Betriebssystem.<\/div>\n<\/li>\n<\/ol>\n<div class=\"\"><strong>Wie wir Informationen verwenden<\/strong><\/div>\n<div class=\"\">Wir k\u00f6nnen die von uns erfassten Informationen f\u00fcr die folgenden Zwecke verwenden:<\/div>\n<ol class=\"my-2\">\n<li class=\"ml-4 flex gap-2\">\n<div>\n<div class=\"rounded-full h-1 w-1 bg-primary-300 mt-&#091;10px&#093;\"><\/div>\n<\/div>\n<div class=\"\">Zur Bereitstellung und Pflege unseres Plugins.<\/div>\n<\/li>\n<li class=\"ml-4 flex gap-2\">\n<div>\n<div class=\"rounded-full h-1 w-1 bg-primary-300 mt-&#091;10px&#093;\"><\/div>\n<\/div>\n<div class=\"\">Um unser Plugin zu verbessern und neue Funktionen zu entwickeln.<\/div>\n<\/li>\n<li class=\"ml-4 flex gap-2\">\n<div>\n<div class=\"rounded-full h-1 w-1 bg-primary-300 mt-&#091;10px&#093;\"><\/div>\n<\/div>\n<div class=\"\">Um mit Ihnen \u00fcber unser Plugin zu kommunizieren, einschlie\u00dflich Updates und Werbeaktionen.<\/div>\n<\/li>\n<li class=\"ml-4 flex gap-2\">\n<div>\n<div class=\"rounded-full h-1 w-1 bg-primary-300 mt-&#091;10px&#093;\"><\/div>\n<\/div>\n<div class=\"\">Zur Wahrung unserer Rechte und Interessen, etwa im Falle eines Rechtsstreits.<\/div>\n<\/li>\n<\/ol>\n<div class=\"\"><strong>Wie wir Informationen weitergeben<\/strong><\/div>\n<div class=\"\">Wir k\u00f6nnen die von uns erfassten Informationen an die folgenden Parteien weitergeben:<\/div>\n<ol class=\"my-2\">\n<li class=\"ml-4 flex gap-2\">\n<div>\n<div class=\"rounded-full h-1 w-1 bg-primary-300 mt-&#091;10px&#093;\"><\/div>\n<\/div>\n<div class=\"\"><strong>Dienstleister:<\/strong>\u00a0Wir geben m\u00f6glicherweise Informationen an Drittanbieter weiter, die uns bei der Bereitstellung und Wartung unseres Plugins unterst\u00fctzen.<\/div>\n<\/li>\n<li class=\"ml-4 flex gap-2\">\n<div>\n<div class=\"rounded-full h-1 w-1 bg-primary-300 mt-&#091;10px&#093;\"><\/div>\n<\/div>\n<div class=\"\"><strong>Gesetzliche Verpflichtungen:<\/strong>\u00a0Wir k\u00f6nnen Informationen weitergeben, wenn dies gesetzlich vorgeschrieben ist oder als Reaktion auf eine rechtliche Anfrage.<\/div>\n<\/li>\n<li class=\"ml-4 flex gap-2\">\n<div>\n<div class=\"rounded-full h-1 w-1 bg-primary-300 mt-&#091;10px&#093;\"><\/div>\n<\/div>\n<div class=\"\"><strong>Gesch\u00e4fts\u00fcbertragungen:<\/strong>\u00a0Wir k\u00f6nnen Informationen im Zusammenhang mit einer Gesch\u00e4ftstransaktion weitergeben, beispielsweise einer Fusion oder \u00dcbernahme.<\/div>\n<\/li>\n<\/ol>\n<div class=\"\"><strong>Deine Entscheidungen<\/strong><\/div>\n<div class=\"\">Sie k\u00f6nnen sich daf\u00fcr entscheiden, uns bestimmte Informationen nicht zur Verf\u00fcgung zu stellen. Dies kann jedoch Ihre M\u00f6glichkeiten zur Nutzung bestimmter Funktionen unseres Plugins einschr\u00e4nken.<\/div>\n<div class=\"\"><strong>Sicherheit<\/strong><\/div>\n<div class=\"\">Wir ergreifen angemessene Ma\u00dfnahmen, um die von uns erfassten Informationen vor unbefugtem Zugriff oder Offenlegung zu sch\u00fctzen.<\/div>\n<div class=\"\"><strong>\u00c4nderungen dieser Datenschutzrichtlinie<\/strong><\/div>\n<div class=\"\">Wir k\u00f6nnen diese Datenschutzrichtlinie von Zeit zu Zeit aktualisieren. Wir werden Sie \u00fcber alle \u00c4nderungen informieren, indem wir die neue Datenschutzrichtlinie auf unserer Website ver\u00f6ffentlichen.<\/div>\n<div class=\"\"><strong>Kontaktiere uns<\/strong><\/div>\n<div class=\"\">Wenn Sie Fragen zu dieser Datenschutzrichtlinie haben, wenden Sie sich bitte an uns <a href=\"https:\/\/taxiwordpress.com\/de\/kontaktiere-uns\/\">kontaktiere uns<\/a>.<\/div>\n\n\t\t<\/div>\n\t<\/div>\n<div class=\"vc_empty_space\"   style=\"height: 32px\"><span class=\"vc_empty_space_inner\"><\/span><\/div><\/div><\/div><\/div><\/div><\/div><\/section>\n<\/div>","protected":false},"excerpt":{"rendered":"Datenschutzrichtlinie Diese Datenschutzrichtlinie beschreibt, wie wir Informationen sammeln, verwenden und weitergeben, wenn Sie unser Taxi WordPress Plugin (das \u201ePlugin\u201c) verwenden. Von uns gesammelte Informationen Wir k\u00f6nnen die folgenden Informationen von Ihnen sammeln: Pers\u00f6nliche Informationen: Wenn Sie unser Plugin verwenden, k\u00f6nnen wir pers\u00f6nliche Informationen wie Ihren Namen, Ihre E-Mail-Adresse und Ihre Telefonnummer sammeln. Nutzungsinformationen: Wir [...]","protected":false},"author":1,"featured_media":0,"parent":0,"menu_order":0,"comment_status":"closed","ping_status":"closed","template":"","meta":{"om_disable_all_campaigns":false,"footnotes":""},"class_list":["post-2125","page","type-page","status-publish","hentry"],"_links":{"self":[{"href":"https:\/\/taxiwordpress.com\/de\/wp-json\/wp\/v2\/pages\/2125","targetHints":{"allow":["GET"]}}],"collection":[{"href":"https:\/\/taxiwordpress.com\/de\/wp-json\/wp\/v2\/pages"}],"about":[{"href":"https:\/\/taxiwordpress.com\/de\/wp-json\/wp\/v2\/types\/page"}],"author":[{"embeddable":true,"href":"https:\/\/taxiwordpress.com\/de\/wp-json\/wp\/v2\/users\/1"}],"replies":[{"embeddable":true,"href":"https:\/\/taxiwordpress.com\/de\/wp-json\/wp\/v2\/comments?post=2125"}],"version-history":[{"count":0,"href":"https:\/\/taxiwordpress.com\/de\/wp-json\/wp\/v2\/pages\/2125\/revisions"}],"wp:attachment":[{"href":"https:\/\/taxiwordpress.com\/de\/wp-json\/wp\/v2\/media?parent=2125"}],"curies":[{"name":"wp","href":"https:\/\/api.w.org\/{rel}","templated":true}]}}