{"id":2135,"date":"2023-05-04T19:40:58","date_gmt":"2023-05-04T18:40:58","guid":{"rendered":"https:\/\/taxiwordpress.com\/?page_id=2135"},"modified":"2025-10-07T19:36:30","modified_gmt":"2025-10-07T18:36:30","slug":"kauf-kaufen","status":"publish","type":"page","link":"https:\/\/taxiwordpress.com\/de\/kauf-kaufen\/","title":{"rendered":"Kaufen \/ Kaufen"},"content":{"rendered":"<div class=\"wpb-content-wrapper\"><section class=\"wpb_row vc_row-fluid vc_custom_1759862188194\"><div class=\"container\"><div class=\"vc_row\"><div class=\"wpb_column vc_column_container vc_col-sm-8\"><div class=\"vc_column-inner vc_custom_1759862150004\"><div class=\"wpb_wrapper\"><div class=\"vc_empty_space\"   style=\"height: 32px\"><span class=\"vc_empty_space_inner\"><\/span><\/div>\n    <div class=\"section-head\">\n                <h2 class=\"section-title\">Check-out-Prozess<\/h2>\n            <\/div>\n\n<div class=\"vc_empty_space\"   style=\"height: 32px\"><span class=\"vc_empty_space_inner\"><\/span><\/div>\n\t<div class=\"wpb_raw_code wpb_raw_html wpb_content_element vc_custom_1759862108890\" >\n\t\t<div class=\"wpb_wrapper\">\n\t\t\t<script src=\"https:\/\/app.taxiwordpress.com\/iframe-resizer\/iframeResizer.min.js\"><\/script><iframe loading=\"lazy\" id=\"myIframe\" src=\"https:\/\/app.taxiwordpress.com\/registration\/new_customer.php\" width=\"100%\" min-width=\"100%\" height=\"1800px\" frameborder=\"0\" scrolling=\"no\"><\/iframe><script>iFrameResize({ log: true }, '#myIframe')<\/script>\n\n\t\t<\/div>\n\t<\/div>\n<\/div><\/div><\/div><div class=\"wpb_column vc_column_container vc_col-sm-4\"><div class=\"vc_column-inner\"><div class=\"wpb_wrapper\"><div class=\"vc_empty_space\"   style=\"height: 32px\"><span class=\"vc_empty_space_inner\"><\/span><\/div>\n    <div class=\"section-head\">\n                <h2 class=\"section-title\">Sichere Bezahlung<\/h2>\n            <\/div>\n\n\n\t<div class=\"wpb_text_column wpb_content_element\" >\n\t\t<div class=\"wpb_wrapper\">\n\t\t\t<p>Unsere PayPal-Integration sorgt daf\u00fcr, dass Ihre Zahlung sicher und effizient abgewickelt wird, sodass Sie beim Bezahlvorgang beruhigt sein k\u00f6nnen.<\/p>\n\n\t\t<\/div>\n\t<\/div>\n\n\t<div  class=\"wpb_single_image wpb_content_element vc_align_center wpb_content_element\">\n\t\t\n\t\t<figure class=\"wpb_wrapper vc_figure\">\n\t\t\t<div class=\"vc_single_image-wrapper   vc_box_border_grey\"><img loading=\"lazy\" decoding=\"async\" width=\"302\" height=\"92\" src=\"https:\/\/taxiwordpress.com\/wp-content\/uploads\/2023\/05\/paypal_secure_payment.png\" class=\"vc_single_image-img attachment-full\" alt=\"paypal_secure_zahlung\" title=\"paypal_secure_zahlung\" srcset=\"https:\/\/taxiwordpress.com\/wp-content\/uploads\/2023\/05\/paypal_secure_payment.png 302w, https:\/\/taxiwordpress.com\/wp-content\/uploads\/2023\/05\/paypal_secure_payment-300x91.png 300w\" sizes=\"auto, (max-width: 302px) 100vw, 302px\" \/><\/div>\n\t\t<\/figure>\n\t<\/div>\n<div class=\"vc_empty_space\"   style=\"height: 32px\"><span class=\"vc_empty_space_inner\"><\/span><\/div>\n    <div class=\"section-head\">\n                <h2 class=\"section-title\">F\u00fcllen Sie das Formular mit genauen Daten aus, um Ihr Unternehmen zu gr\u00fcnden<\/h2>\n            <\/div>\n\n\n\t<div class=\"wpb_text_column wpb_content_element\" >\n\t\t<div class=\"wpb_wrapper\">\n\t\t\t<div class=\"flex-grow py-4 rounded-lg flex flex-col gap-4 overflow-y-auto\">\n<div>\n<div class=\"flex-grow lg:max-w-&#091;70%&#093; max-w-&#091;90%&#093; flex gap-2 w-full justify-start items-end\">\n<div class=\"bg-primary-650 text-white rounded-2xl py-2 px-3\">\n<div class=\"flex flex-col gap-2\">\n<div class=\"\">Um Ihr Unternehmen zu gr\u00fcnden und mit der Nutzung unserer Dienste zu beginnen, ist es wichtig, dass Sie im Formular genaue Informationen angeben. Wenn Sie Wiederverk\u00e4ufer oder Webentwickler sind, k\u00f6nnen Sie Ihre pers\u00f6nlichen Daten vorerst verwenden und sie sp\u00e4ter im Kontrollfeld unter der Registerkarte \u201eUnternehmen\u201c aktualisieren.<\/div>\n<div class=\"\">Es ist jedoch wichtig, dass Sie die tats\u00e4chlichen Standortdaten Ihres Unternehmens angeben, um sicherzustellen, dass Ihre Dienste korrekt eingerichtet sind. Dazu geh\u00f6ren Ihre Gesch\u00e4ftsadresse, Telefonnummer und andere relevante Details. Durch die Bereitstellung pr\u00e4ziser Informationen k\u00f6nnen Sie uns dabei helfen, einen reibungslosen Einrichtungsprozess zu erm\u00f6glichen und sicherzustellen, dass Ihr Unternehmen in k\u00fcrzester Zeit betriebsbereit ist.<\/div>\n<div class=\"\">Vielen Dank f\u00fcr Ihre Kooperation bei der Bereitstellung pr\u00e4ziser Informationen, die uns helfen, Sie besser zu bedienen.<\/div>\n<\/div>\n<\/div>\n<\/div>\n<\/div>\n<div><\/div>\n<\/div>\n<div class=\"pt-4\"><\/div>\n\n\t\t<\/div>\n\t<\/div>\n<\/div><\/div><\/div><\/div><\/div><\/section>\n<\/div>","protected":false},"excerpt":{"rendered":"Checkout-Prozess Sichere Zahlung Unsere PayPal-Integration stellt sicher, dass Ihre Zahlung sicher und effizient abgewickelt wird, sodass Sie w\u00e4hrend des Checkout-Prozesses beruhigt sein k\u00f6nnen. F\u00fcllen Sie das Formular mit korrekten Daten aus, um Ihr Unternehmen zu gr\u00fcnden. Um Ihr Unternehmen zu gr\u00fcnden und mit der Nutzung unserer Dienste zu beginnen, ist es wichtig, dass Sie im Formular korrekte Informationen angeben. [...]","protected":false},"author":1,"featured_media":0,"parent":0,"menu_order":0,"comment_status":"closed","ping_status":"closed","template":"","meta":{"om_disable_all_campaigns":false,"footnotes":""},"class_list":["post-2135","page","type-page","status-publish","hentry"],"_links":{"self":[{"href":"https:\/\/taxiwordpress.com\/de\/wp-json\/wp\/v2\/pages\/2135","targetHints":{"allow":["GET"]}}],"collection":[{"href":"https:\/\/taxiwordpress.com\/de\/wp-json\/wp\/v2\/pages"}],"about":[{"href":"https:\/\/taxiwordpress.com\/de\/wp-json\/wp\/v2\/types\/page"}],"author":[{"embeddable":true,"href":"https:\/\/taxiwordpress.com\/de\/wp-json\/wp\/v2\/users\/1"}],"replies":[{"embeddable":true,"href":"https:\/\/taxiwordpress.com\/de\/wp-json\/wp\/v2\/comments?post=2135"}],"version-history":[{"count":5,"href":"https:\/\/taxiwordpress.com\/de\/wp-json\/wp\/v2\/pages\/2135\/revisions"}],"predecessor-version":[{"id":2412,"href":"https:\/\/taxiwordpress.com\/de\/wp-json\/wp\/v2\/pages\/2135\/revisions\/2412"}],"wp:attachment":[{"href":"https:\/\/taxiwordpress.com\/de\/wp-json\/wp\/v2\/media?parent=2135"}],"curies":[{"name":"wp","href":"https:\/\/api.w.org\/{rel}","templated":true}]}}