{"id":2146,"date":"2023-05-06T07:56:51","date_gmt":"2023-05-06T06:56:51","guid":{"rendered":"https:\/\/taxiwordpress.com\/?page_id=2146"},"modified":"2023-05-13T16:47:51","modified_gmt":"2023-05-13T15:47:51","slug":"preisgestaltung","status":"publish","type":"page","link":"https:\/\/taxiwordpress.com\/de\/preisgestaltung\/","title":{"rendered":"Preisgestaltung"},"content":{"rendered":"<div class=\"wpb-content-wrapper\"><section class=\"wpb_row vc_row-fluid\"><div class=\"container\"><div class=\"vc_row\"><div class=\"wpb_column vc_column_container vc_col-sm-12\"><div class=\"vc_column-inner vc_custom_1683361845543\"><div class=\"wpb_wrapper\">\n    <div class=\"section-head\">\n                <h2 class=\"section-title\">Preistabelle<\/h2>\n            <\/div>\n\n\n\t<div class=\"wpb_text_column wpb_content_element\" >\n\t\t<div class=\"wpb_wrapper\">\n\t\t\t<div id=\"rpt_pricr\" class=\"rpt_plans rpt_3_plans rpt_style_basic\"><div class=\"\"><div class=\"rpt_plan  rpt_plugin_f rpt_plan_0\"><div style=\"text-align:center;\" class=\"rpt_title rpt_title_0\">Bronze<\/div><div class=\"rpt_head rpt_head_0\"><div class=\"rpt_recurrence rpt_recurrence_0\">Jahresgeb\u00fchr 49 \u00a3<\/div><div class=\"rpt_price rpt_price_0\">99 \u00a3<\/div><div style=\"color:#dd9933;\" class=\"rpt_subtitle rpt_subtitle_0\">Softwarelizenz<\/div><div class=\"rpt_description rpt_description_0\">Nur Paypal-Zahlungsgateway<\/div><\/div><div class=\"rpt_custom_btn\" style=\"background-color:#dd9933\"><a target=\"_self\" href=\"\/de\/kauf-kaufen\/\" style=\"background:#dd9933;\" class=\"rpt_foot rpt_foot_0\">Kaufen<\/a><\/div><\/div><div class=\"rpt_plan  rpt_plugin_f rpt_plan_1 rpt_recommended_plan\"><div style=\"text-align:center;\" class=\"rpt_title rpt_title_1\">Silber<img decoding=\"async\" style=\"height:30px !important; width:30px !important;\" class=\"rpt_recommended\" src=\"https:\/\/taxiwordpress.com\/wp-content\/plugins\/dk-pricr-responsive-pricing-table\/inc\/img\/rpt_recommended.png\"\/><\/div><div class=\"rpt_head rpt_head_1\"><div class=\"rpt_recurrence rpt_recurrence_1\">Jahresgeb\u00fchr 99 \u00a3<\/div><div class=\"rpt_price rpt_price_1\">149 \u00a3<\/div><div style=\"color:#f26522;\" class=\"rpt_subtitle rpt_subtitle_1\">Softwarelizenz<\/div><div class=\"rpt_description rpt_description_1\">Mit Stripe Payment Gateway<\/div><\/div><div class=\"rpt_custom_btn\" style=\"background-color:#f26522\"><a target=\"_self\" href=\"#\" style=\"background:#f26522\" class=\"rpt_foot rpt_foot_0\">Bald<\/a><\/div><\/div><div class=\"rpt_plan  rpt_plugin_f rpt_plan_2\"><div style=\"text-align:center;\" class=\"rpt_title rpt_title_2\">Gold<\/div><div class=\"rpt_head rpt_head_2\"><div class=\"rpt_recurrence rpt_recurrence_2\">Jahresgeb\u00fchr 149 \u00a3<\/div><div class=\"rpt_price rpt_price_2\">250 \u00a3<\/div><div style=\"color:#dd9933;\" class=\"rpt_subtitle rpt_subtitle_2\">Softwarelizenz<\/div><div class=\"rpt_description rpt_description_2\">Mit Stripe &amp; Website<\/div><\/div><div class=\"rpt_custom_btn\" style=\"background-color:#dd9933\"><a target=\"_self\" href=\"#\" style=\"background:#dd9933\" class=\"rpt_foot rpt_foot_0\">Bald<\/a><\/div><\/div><\/div><\/div><div style=\"clear:both;\"><\/div>\n\n\t\t<\/div>\n\t<\/div>\n<div class=\"vc_empty_space\"   style=\"height: 32px\"><span class=\"vc_empty_space_inner\"><\/span><\/div><\/div><\/div><\/div><\/div><\/div><\/section><section id=\"faq\" class=\"wpb_row vc_row-fluid\"><div class=\"container\"><div class=\"vc_row\"><div class=\"wpb_column vc_column_container vc_col-sm-12\"><div class=\"vc_column-inner\"><div class=\"wpb_wrapper\"><div class=\"vc_empty_space\"   style=\"height: 32px\"><span class=\"vc_empty_space_inner\"><\/span><\/div>\n    <div class=\"section-head\">\n                    <h6><span>FAQs \u2013 Klicken Sie auf die Fragen, um die Antworten anzuzeigen<\/span><\/h6>\n                <h2 class=\"section-title\">Stellen Sie h\u00e4ufig Fragen<\/h2>\n            <\/div>\n\n<div class=\"vc_empty_space\"   style=\"height: 32px\"><span class=\"vc_empty_space_inner\"><\/span><\/div><div  class=\"vc_do_toggle vc_toggle vc_toggle_default vc_toggle_color_default  vc_toggle_size_md\"><div class=\"vc_toggle_title\"><h4>Warum muss ich eine Jahresgeb\u00fchr zahlen?<\/h4><i class=\"vc_toggle_icon\"><\/i><\/div><div class=\"vc_toggle_content\"><p>Der Grund, warum Sie f\u00fcr ein Cloud-Plugin f\u00fcr WordPress eine j\u00e4hrliche Geb\u00fchr zahlen m\u00fcssen, liegt darin, dass das Plugin fortlaufende Wartung und Support ben\u00f6tigt, um es auf dem neuesten Stand zu halten und ordnungsgem\u00e4\u00df zu funktionieren. Dazu geh\u00f6ren regelm\u00e4\u00dfige Updates, um die Kompatibilit\u00e4t mit den neuesten Versionen von WordPress sicherzustellen, Sicherheitspatches zum Schutz vor Schwachstellen und technischer Support, der Ihnen bei eventuellen Problemen hilft. Dar\u00fcber hinaus kann die Jahresgeb\u00fchr auch die Kosten f\u00fcr Cloud-Hosting-Dienste decken, die das Plugin zum Speichern und Verwalten der Daten Ihrer Website nutzt. Daher stellt die Zahlung einer Jahresgeb\u00fchr sicher, dass Sie fortlaufenden Support, Wartung und Zugriff auf die neuesten Funktionen und Updates f\u00fcr das Plugin erhalten.<\/p>\n<\/div><\/div><div  class=\"vc_do_toggle vc_toggle vc_toggle_default vc_toggle_color_default  vc_toggle_size_md\"><div class=\"vc_toggle_title\"><h4>Welche Funktionen bietet das Plugin?<\/h4><i class=\"vc_toggle_icon\"><\/i><\/div><div class=\"vc_toggle_content\"><div class=\"\">Unsere Software ist vollgepackt mit Funktionen, die Ihnen dabei helfen, Ihre Abl\u00e4ufe zu optimieren, die Kundenzufriedenheit zu verbessern und Ihr Unternehmen auszubauen. Folgendes k\u00f6nnen Sie erwarten:<\/div>\n<div class=\"\">Basierend auf Google A nach B mit Zwischenstopps: Unsere Software verwendet Google Maps, um die beste Route f\u00fcr Ihre Kunden zu berechnen, einschlie\u00dflich aller Zwischenstopps, die sie unterwegs einlegen m\u00fcssen.<\/div>\n<div>\n<div class=\"rounded-full h-1 w-1 bg-primary-300 mt-&#091;10px&#093;\"><\/div>\n<\/div>\n<div class=\"\">Erhalten Sie direkte Reservierungen\/Buchungen: Kunden k\u00f6nnen ein Taxi direkt \u00fcber Ihre Website oder mobile App buchen, ohne dass Anrufe oder E-Mails erforderlich sind.<\/div>\n<div>\n<div class=\"rounded-full h-1 w-1 bg-primary-300 mt-&#091;10px&#093;\"><\/div>\n<\/div>\n<div class=\"\">Sofortiger Fahrpreisvoranschlag: Unsere Software kann einen sofortigen Fahrpreisvoranschlag basierend auf der Entfernung und der Tageszeit erstellen.<\/div>\n<div>\n<div class=\"rounded-full h-1 w-1 bg-primary-300 mt-&#091;10px&#093;\"><\/div>\n<\/div>\n<div class=\"\">Einrichtung der Fahrzeugpreise: Sie k\u00f6nnen verschiedene Preisstufen f\u00fcr verschiedene Fahrzeugtypen einrichten, z. B. Luxusautos oder Transporter.<\/div>\n<div>\n<div class=\"rounded-full h-1 w-1 bg-primary-300 mt-&#091;10px&#093;\"><\/div>\n<\/div>\n<div class=\"\">Kopf- und Fu\u00dfzeilenbilder: Passen Sie Ihre Buchungsseite mit Ihrem eigenen Branding und Ihren eigenen Bildern an.<\/div>\n<div>\n<div class=\"rounded-full h-1 w-1 bg-primary-300 mt-&#091;10px&#093;\"><\/div>\n<\/div>\n<div class=\"\">E-Mail-Vorlage: Senden Sie automatisierte E-Mails an Kunden, in denen sie ihre Buchung best\u00e4tigen und alle ben\u00f6tigten Details angeben.<\/div>\n<div>\n<div class=\"rounded-full h-1 w-1 bg-primary-300 mt-&#091;10px&#093;\"><\/div>\n<\/div>\n<div class=\"\">Mehrsprachig: Unsere Software unterst\u00fctzt mehrere Sprachen, sodass Sie Kunden aus der ganzen Welt bedienen k\u00f6nnen.<\/div>\n<div>\n<div class=\"rounded-full h-1 w-1 bg-primary-300 mt-&#091;10px&#093;\"><\/div>\n<\/div>\n<div class=\"\">Fahrer einer Reservierung zuweisen: Weisen Sie einer Reservierung einen bestimmten Fahrer zu, um eine reibungslose Abholung und R\u00fcckgabe zu gew\u00e4hrleisten.<\/div>\n<div>\n<div class=\"rounded-full h-1 w-1 bg-primary-300 mt-&#091;10px&#093;\"><\/div>\n<\/div>\n<div class=\"\">Auto einer Reservierung zuordnen: Weisen Sie einer Reservierung ein bestimmtes Auto zu, um sicherzustellen, dass der Kunde den Fahrzeugtyp erh\u00e4lt, den er ben\u00f6tigt.<\/div>\n<div>\n<div class=\"rounded-full h-1 w-1 bg-primary-300 mt-&#091;10px&#093;\"><\/div>\n<\/div>\n<div class=\"\">Laden Sie Bilder Ihrer Flotte hoch: Laden Sie Bilder Ihrer Flotte hoch, um Kunden die Fahrzeuge zu zeigen, aus denen sie w\u00e4hlen k\u00f6nnen.<\/div>\n<div>\n<div class=\"rounded-full h-1 w-1 bg-primary-300 mt-&#091;10px&#093;\"><\/div>\n<\/div>\n<div class=\"\">Firmenkonten: Richten Sie Firmenkonten f\u00fcr Unternehmen ein, die Ihren Taxidienst regelm\u00e4\u00dfig nutzen.<\/div>\n<div>\n<div class=\"rounded-full h-1 w-1 bg-primary-300 mt-&#091;10px&#093;\"><\/div>\n<\/div>\n<div class=\"\">CSS-Steuerung: Passen Sie das Erscheinungsbild Ihrer Buchungsseite mithilfe von CSS an.<\/div>\n<div>\n<div class=\"rounded-full h-1 w-1 bg-primary-300 mt-&#091;10px&#093;\"><\/div>\n<\/div>\n<div class=\"\">Rechnungsstellung an Kunden: Rechnungen automatisch erstellen und an Kunden senden.<\/div>\n<div>\n<div class=\"rounded-full h-1 w-1 bg-primary-300 mt-&#091;10px&#093;\"><\/div>\n<\/div>\n<div class=\"\">Rechnungsstellung an Fahrer: Rechnungen automatisch erstellen und an Fahrer senden.<\/div>\n<div>\n<div class=\"rounded-full h-1 w-1 bg-primary-300 mt-&#091;10px&#093;\"><\/div>\n<\/div>\n<div class=\"\">One-Way-Preis: Richten Sie die Preise f\u00fcr One-Way-Reisen ein.<\/div>\n<div>\n<div class=\"rounded-full h-1 w-1 bg-primary-300 mt-&#091;10px&#093;\"><\/div>\n<\/div>\n<div class=\"\">Hin- und R\u00fcckfahrtpreis: Richten Sie die Preise f\u00fcr Hin- und R\u00fcckfahrten ein.<\/div>\n<div>\n<div class=\"rounded-full h-1 w-1 bg-primary-300 mt-&#091;10px&#093;\"><\/div>\n<\/div>\n<div class=\"\">Standgeb\u00fchr: Richten Sie eine Standgeb\u00fchr f\u00fcr die Wartezeit ein.<\/div>\n<div>\n<div class=\"rounded-full h-1 w-1 bg-primary-300 mt-&#091;10px&#093;\"><\/div>\n<\/div>\n<div class=\"\">Preis von der Basis bis zur Abholung: Richten Sie einen Basispreis f\u00fcr die Abholung von Passagieren ein.<\/div>\n<div>\n<div class=\"rounded-full h-1 w-1 bg-primary-300 mt-&#091;10px&#093;\"><\/div>\n<\/div>\n<div class=\"\">Preis von der Abgabe zur Basis: Richten Sie einen Grundpreis f\u00fcr die Abgabe von Passagieren ein.<\/div>\n<div>\n<div class=\"rounded-full h-1 w-1 bg-primary-300 mt-&#091;10px&#093;\"><\/div>\n<\/div>\n<div class=\"\">Mindestpreis: Legen Sie f\u00fcr jede Reise einen Mindestpreis fest.<\/div>\n<div>\n<div class=\"rounded-full h-1 w-1 bg-primary-300 mt-&#091;10px&#093;\"><\/div>\n<\/div>\n<div class=\"\">Meet &amp; Greet-Preis: Legen Sie einen Preis f\u00fcr Meet &amp; Greet-Services fest.<\/div>\n<div>\n<div class=\"rounded-full h-1 w-1 bg-primary-300 mt-&#091;10px&#093;\"><\/div>\n<\/div>\n<div class=\"\">Preis f\u00fcr Babysitze: Legen Sie einen Preis f\u00fcr Babysitze fest.<\/div>\n<div>\n<div class=\"rounded-full h-1 w-1 bg-primary-300 mt-&#091;10px&#093;\"><\/div>\n<\/div>\n<div class=\"\">Preis f\u00fcr Sitzerh\u00f6hungen: Legen Sie einen Preis f\u00fcr Sitzerh\u00f6hungen fest.<\/div>\n<div>\n<div class=\"rounded-full h-1 w-1 bg-primary-300 mt-&#091;10px&#093;\"><\/div>\n<\/div>\n<div class=\"\">Besondere Termine: Richten Sie Sonderpreise f\u00fcr Feiertage und andere besondere Termine ein.<\/div>\n<div>\n<div class=\"rounded-full h-1 w-1 bg-primary-300 mt-&#091;10px&#093;\"><\/div>\n<\/div>\n<div class=\"\">Passagiergeb\u00fchr: Richten Sie eine Geb\u00fchr f\u00fcr zus\u00e4tzliche Passagiere ein.<\/div>\n<div>\n<div class=\"rounded-full h-1 w-1 bg-primary-300 mt-&#091;10px&#093;\"><\/div>\n<\/div>\n<div class=\"\">Geb\u00fchr f\u00fcr Haustiere: Richten Sie eine Geb\u00fchr f\u00fcr Haustiere ein.<\/div>\n<div>\n<div class=\"rounded-full h-1 w-1 bg-primary-300 mt-&#091;10px&#093;\"><\/div>\n<\/div>\n<div class=\"\">Fahrerwartezeitpreis pro Minute: Richten Sie den Preis f\u00fcr die Fahrerwartezeit ein.<\/div>\n<div>\n<div class=\"rounded-full h-1 w-1 bg-primary-300 mt-&#091;10px&#093;\"><\/div>\n<\/div>\n<div class=\"\">Geb\u00fchr f\u00fcr zus\u00e4tzliches Gep\u00e4ck: Richten Sie eine Geb\u00fchr f\u00fcr zus\u00e4tzliches Gep\u00e4ck ein.<\/div>\n<div>\n<div class=\"rounded-full h-1 w-1 bg-primary-300 mt-&#091;10px&#093;\"><\/div>\n<\/div>\n<div class=\"\">Stundenpreis: Richten Sie die Preise f\u00fcr st\u00fcndliche Fahrten ein.<\/div>\n<div>\n<div class=\"rounded-full h-1 w-1 bg-primary-300 mt-&#091;10px&#093;\"><\/div>\n<\/div>\n<div class=\"\">Zahlung per Kredit- und Debitkarte: Akzeptieren Sie Zahlungen per Kredit- und Debitkarte.<\/div>\n<div>\n<div class=\"rounded-full h-1 w-1 bg-primary-300 mt-&#091;10px&#093;\"><\/div>\n<\/div>\n<div class=\"\">PayPal Gateway: Akzeptieren Sie Zahlungen \u00fcber PayPal.<\/div>\n<\/div><\/div><div  class=\"vc_do_toggle vc_toggle vc_toggle_default vc_toggle_color_default  vc_toggle_size_md\"><div class=\"vc_toggle_title\"><h4>Kann dieses Plugin in Wix implementiert werden?<\/h4><i class=\"vc_toggle_icon\"><\/i><\/div><div class=\"vc_toggle_content\"><p>Ja, unser Cloud-Plugin f\u00fcr WordPress kann mit jeder Art von Website funktionieren, einschlie\u00dflich Wix. Dies liegt daran, dass f\u00fcr den Implementierungsprozess lediglich die Einbettung eines Iframe-Codes in Ihre Website erforderlich ist. Daher k\u00f6nnen Sie unser Plugin ganz einfach in Ihre Wix-Website integrieren, indem Sie die einfachen Schritte zum Einbetten des Iframe-Codes befolgen.<\/p>\n<\/div><\/div><div  class=\"vc_do_toggle vc_toggle vc_toggle_default vc_toggle_color_default  vc_toggle_size_md\"><div class=\"vc_toggle_title\"><h4>Haben Sie eine Demo zum Testen der Software?<\/h4><i class=\"vc_toggle_icon\"><\/i><\/div><div class=\"vc_toggle_content\"><p>Leider steht uns derzeit keine Admin-Demo zum Testen der Software zur Verf\u00fcgung. Wir haben jedoch einige Kundenwebsites im bereitgestellt <a href=\"https:\/\/taxiwordpress.com\/de\/demo\/\">Demo-Registerkarte<\/a> und eine Video\u00fcbersicht des vollst\u00e4ndigen Plugins, die Sie sich ansehen k\u00f6nnen, um einen besseren Eindruck von der Funktionsweise der Software zu bekommen. Wenn Sie spezielle Fragen zur Software haben oder weitere Informationen w\u00fcnschen, k\u00f6nnen Sie sich gerne an uns wenden.<\/p>\n<\/div><\/div><div  class=\"vc_do_toggle vc_toggle vc_toggle_default vc_toggle_color_default  vc_toggle_size_md\"><div class=\"vc_toggle_title\"><h4>Wie hoch ist der Preis des Plugins in Euro?<\/h4><i class=\"vc_toggle_icon\"><\/i><\/div><div class=\"vc_toggle_content\"><p>Wenn Sie den Preis des Plugins in einer anderen W\u00e4hrung als Pfund, beispielsweise Euro, erfahren m\u00f6chten, k\u00f6nnen Sie ein W\u00e4hrungsumrechnungstool wie verwenden <a href=\"https:\/\/xe.com\" target=\"_blank\" rel=\"noopener\">xe.com<\/a> um die neuesten Umrechnungskurse zu \u00fcberpr\u00fcfen. Rechnen Sie einfach den Preis des Plugins mit dem aktuellen Wechselkurs von Pfund in Euro um, um eine Sch\u00e4tzung der Kosten in Euro zu erhalten. Beachten Sie, dass der genaue Betrag je nach Wechselkurs zum Zeitpunkt des Kaufs variieren kann.<\/p>\n<\/div><\/div><div  class=\"vc_do_toggle vc_toggle vc_toggle_default vc_toggle_color_default  vc_toggle_size_md\"><div class=\"vc_toggle_title\"><h4>Wie kann ich auf das Bedienfeld zugreifen?<\/h4><i class=\"vc_toggle_icon\"><\/i><\/div><div class=\"vc_toggle_content\"><div class=\"\">Um auf die Systemsteuerung des Taxi-WordPress-Plugins zuzugreifen, befolgen Sie bitte diese Schritte:<\/div>\n<ol class=\"my-2\">\n<li class=\"ml-4 flex gap-2\">1. Nach Ihrem Kauf erhalten Sie eine E-Mail mit einer ZIP-Datei.<\/li>\n<li class=\"ml-4 flex gap-2\">2. Laden Sie die ZIP-Datei im Plugins-Tab Ihres WordPress-Administrators hoch.<\/li>\n<li class=\"ml-4 flex gap-2\">3. Nach dem Hochladen finden Sie oben links im Men\u00fc Ihres WordPress-Administrators ein \u201eTaxi WordPress Plugin\u201c.<\/li>\n<li class=\"ml-4 flex gap-2\">4. Klicken Sie auf das \u201eTaxi WordPress Plugin\u201c, um auf das Untermen\u00fc zuzugreifen.<\/li>\n<li class=\"ml-4 flex gap-2\">5. \u00dcber das Untermen\u00fc k\u00f6nnen Sie auf das Kontrollfeld und alle Codes zugreifen, die zur Implementierung des Buchungsformulars erforderlich sind.<\/li>\n<\/ol>\n<\/div><\/div><div  class=\"vc_do_toggle vc_toggle vc_toggle_default vc_toggle_color_default  vc_toggle_size_md\"><div class=\"vc_toggle_title\"><h4>Haben Sie ein Video, um zu sehen, wie das Plugin funktioniert?<\/h4><i class=\"vc_toggle_icon\"><\/i><\/div><div class=\"vc_toggle_content\"><p>Ja, wir haben mehrere Videos zur Verf\u00fcgung, die zeigen, wie unser Plugin funktioniert. Diese Videos bieten Schritt-f\u00fcr-Schritt-Anleitungen zur Installation und Verwendung des Plugins und stellen seine Funktionen und F\u00e4higkeiten vor. Sie finden diese Videos auf unserer Website oder auf unserem YouTube-Kanal. Wir empfehlen dringend, sich diese Videos anzusehen, um besser zu verstehen, wie unser Plugin Ihrer Website oder Ihrem Online-Shop zugute kommen kann.<\/p>\n<\/div><\/div><div  class=\"vc_do_toggle vc_toggle vc_toggle_default vc_toggle_color_default  vc_toggle_size_md\"><div class=\"vc_toggle_title\"><h4>Was sind die Unterschiede zwischen Bronze, Silber und Gold?<\/h4><i class=\"vc_toggle_icon\"><\/i><\/div><div class=\"vc_toggle_content\"><p>Unsere Bronze-, Silber- und Goldpakete enthalten alle das gleiche Taxi-WordPress-Plugin, es gibt jedoch einige Unterschiede zwischen ihnen. Das Silberpaket beinhaltet das Stripe-Zahlungsgateway, mit dem Sie Online-Zahlungen Ihrer Kunden akzeptieren k\u00f6nnen. Das Gold-Paket umfasst sowohl das Stripe-Zahlungsgateway als auch eine Website, sodass Sie eine professionelle Online-Pr\u00e4senz f\u00fcr Ihr Taxiunternehmen haben. Mit der Website k\u00f6nnen Sie Ihre Dienstleistungen pr\u00e4sentieren, Informationen \u00fcber Ihr Unternehmen bereitstellen und Kunden die M\u00f6glichkeit geben, Fahrten online zu buchen. Wenn Sie also nach einer einfachen L\u00f6sung f\u00fcr die Verwaltung Ihres Taxiunternehmens suchen, ist das Bronze-Paket eine gute Wahl. Wenn Sie Ihren Kunden Online-Zahlungen anbieten m\u00f6chten, ist das Silberpaket die richtige Wahl. Und wenn Sie eine vollst\u00e4ndige Online-Pr\u00e4senz f\u00fcr Ihr Taxiunternehmen w\u00fcnschen, ist das Gold-Paket die perfekte Wahl.<\/p>\n<\/div><\/div><div  class=\"vc_do_toggle vc_toggle vc_toggle_default vc_toggle_color_default  vc_toggle_size_md\"><div class=\"vc_toggle_title\"><h4>Was muss ich nach dem Kauf tun?<\/h4><i class=\"vc_toggle_icon\"><\/i><\/div><div class=\"vc_toggle_content\"><ol class=\"my-2\">\n<li class=\"ml-4 flex gap-2\">1. Nach Ihrem Kauf erhalten Sie eine E-Mail mit einer ZIP-Datei.<\/li>\n<li class=\"ml-4 flex gap-2\">2. Laden Sie die ZIP-Datei im Plugins-Tab Ihres WordPress-Administrators hoch.<\/li>\n<li class=\"ml-4 flex gap-2\">3. Nach dem Hochladen finden Sie oben links im Men\u00fc Ihres WordPress-Administrators ein \u201eTaxi WordPress Plugin\u201c.<\/li>\n<li class=\"ml-4 flex gap-2\">4. Klicken Sie auf das \u201eTaxi WordPress Plugin\u201c, um auf das Untermen\u00fc zuzugreifen.<\/li>\n<li class=\"ml-4 flex gap-2\">5. \u00dcber das Untermen\u00fc k\u00f6nnen Sie auf das Kontrollfeld und alle Codes zugreifen, die zur Implementierung des Buchungsformulars erforderlich sind.<\/li>\n<\/ol>\n<\/div><\/div><\/div><\/div><\/div><\/div><\/div><\/section>\n<\/div>","protected":false},"excerpt":{"rendered":"","protected":false},"author":1,"featured_media":0,"parent":0,"menu_order":0,"comment_status":"closed","ping_status":"closed","template":"","meta":{"om_disable_all_campaigns":false,"footnotes":""},"class_list":["post-2146","page","type-page","status-publish","hentry"],"_links":{"self":[{"href":"https:\/\/taxiwordpress.com\/de\/wp-json\/wp\/v2\/pages\/2146","targetHints":{"allow":["GET"]}}],"collection":[{"href":"https:\/\/taxiwordpress.com\/de\/wp-json\/wp\/v2\/pages"}],"about":[{"href":"https:\/\/taxiwordpress.com\/de\/wp-json\/wp\/v2\/types\/page"}],"author":[{"embeddable":true,"href":"https:\/\/taxiwordpress.com\/de\/wp-json\/wp\/v2\/users\/1"}],"replies":[{"embeddable":true,"href":"https:\/\/taxiwordpress.com\/de\/wp-json\/wp\/v2\/comments?post=2146"}],"version-history":[{"count":0,"href":"https:\/\/taxiwordpress.com\/de\/wp-json\/wp\/v2\/pages\/2146\/revisions"}],"wp:attachment":[{"href":"https:\/\/taxiwordpress.com\/de\/wp-json\/wp\/v2\/media?parent=2146"}],"curies":[{"name":"wp","href":"https:\/\/api.w.org\/{rel}","templated":true}]}}