{"id":2114,"date":"2023-05-04T18:55:55","date_gmt":"2023-05-04T17:55:55","guid":{"rendered":"https:\/\/taxiwordpress.com\/?page_id=2114"},"modified":"2023-05-04T19:04:38","modified_gmt":"2023-05-04T18:04:38","slug":"terminos-y-condiciones","status":"publish","type":"page","link":"https:\/\/taxiwordpress.com\/es\/terminos-y-condiciones\/","title":{"rendered":"T\u00e9rminos y condiciones"},"content":{"rendered":"<div class=\"wpb-content-wrapper\"><section class=\"wpb_row vc_row-fluid\"><div class=\"container\"><div class=\"vc_row\"><div class=\"wpb_column vc_column_container vc_col-sm-12\"><div class=\"vc_column-inner\"><div class=\"wpb_wrapper\"><div class=\"vc_empty_space\"   style=\"height: 32px\"><span class=\"vc_empty_space_inner\"><\/span><\/div>\n    <div class=\"section-head\">\n                <h2 class=\"section-title\">T\u00e9rminos y condiciones para el complemento de WordPress para taxis<\/h2>\n            <\/div>\n\n<div class=\"vc_empty_space\"   style=\"height: 32px\"><span class=\"vc_empty_space_inner\"><\/span><\/div>\n\t<div class=\"wpb_text_column wpb_content_element\" >\n\t\t<div class=\"wpb_wrapper\">\n\t\t\t<ol class=\"my-2\">\n<li class=\"ml-4 flex gap-2\"><strong>Aceptaci\u00f3n de los t\u00e9rminos.<\/strong>\u00a0Al utilizar el complemento Taxi WordPress (el &quot;Complemento&quot;), usted acepta estos T\u00e9rminos y condiciones (&quot;T\u00e9rminos&quot;). Si no est\u00e1 de acuerdo con estos T\u00e9rminos, no use el Complemento.<\/li>\n<li class=\"ml-4 flex gap-2\"><strong>Licencia.<\/strong>\u00a0Le otorgamos una licencia limitada, no exclusiva, intransferible y revocable para usar el Complemento para sus fines personales o comerciales, sujeto a estos T\u00e9rminos y a las leyes y reglamentaciones aplicables.<\/li>\n<li class=\"ml-4 flex gap-2\"><strong>Modificaci\u00f3n.<\/strong>\u00a0Nos reservamos el derecho de modificar o actualizar estos T\u00e9rminos en cualquier momento sin previo aviso. Su uso continuado del Complemento despu\u00e9s de dichas modificaciones o actualizaciones constituye su aceptaci\u00f3n de los T\u00e9rminos revisados.<\/li>\n<li class=\"ml-4 flex gap-2\"><strong>Propiedad intelectual.<\/strong>\u00a0El Complemento y todo el contenido y los materiales relacionados con el Complemento, incluidos, entre otros, texto, gr\u00e1ficos, logotipos, im\u00e1genes y software, son de nuestra propiedad o propiedad de nuestros otorgantes de licencias y est\u00e1n protegidos por derechos de autor, marcas registradas y otras leyes de propiedad intelectual. .<\/li>\n<li class=\"ml-4 flex gap-2\"><strong>Limitaci\u00f3n de responsabilidad.<\/strong>\u00a0No somos responsables de ning\u00fan da\u00f1o, incluidos, entre otros, da\u00f1os directos, indirectos, incidentales, consecuentes o punitivos, que surjan o est\u00e9n relacionados con el uso del Complemento o estos T\u00e9rminos.<\/li>\n<li class=\"ml-4 flex gap-2\"><strong>Indemnizaci\u00f3n.<\/strong>\u00a0Usted acepta indemnizar, defender y eximirnos de cualquier reclamo, da\u00f1o, responsabilidad, costo y gasto, incluidos los honorarios razonables de los abogados, que surjan de su uso del Complemento o en relaci\u00f3n con su uso del Complemento o su violaci\u00f3n de estos T\u00e9rminos.<\/li>\n<li class=\"ml-4 flex gap-2\"><strong>Terminaci\u00f3n.<\/strong>\u00a0Podemos rescindir su licencia para usar el Complemento en cualquier momento, con o sin causa, sin previo aviso. Tras la rescisi\u00f3n, debe cesar de inmediato todo uso del Complemento y eliminar todas las copias del Complemento de su computadora o dispositivo.<\/li>\n<li class=\"ml-4 flex gap-2\"><strong>Ley que rige.<\/strong>\u00a0Estos T\u00e9rminos y su uso del Complemento se rigen por las leyes del estado o pa\u00eds en el que estamos ubicados, sin tener en cuenta sus disposiciones sobre conflictos de leyes.<\/li>\n<li class=\"ml-4 flex gap-2\"><strong>Acuerdo completo.<\/strong>\u00a0Estos T\u00e9rminos constituyen el acuerdo completo entre usted y nosotros con respecto a su uso del Complemento y reemplazan todos los acuerdos y entendimientos anteriores, ya sean escritos u orales.<\/li>\n<\/ol>\n<div class=\"\">Si tiene alguna pregunta o inquietud acerca de estos T\u00e9rminos, por favor <a href=\"https:\/\/taxiwordpress.com\/es\/contactenos\/\">Cont\u00e1ctenos<\/a><\/div>\n\n\t\t<\/div>\n\t<\/div>\n<div class=\"vc_empty_space\"   style=\"height: 32px\"><span class=\"vc_empty_space_inner\"><\/span><\/div><\/div><\/div><\/div><\/div><\/div><\/section>\n<\/div>","protected":false},"excerpt":{"rendered":"T&C for Taxi WordPress Plugin Acceptance of Terms.\u00a0By using the Taxi WordPress Plugin (the \u201cPlugin\u201d), you agree to these Terms and Conditions (\u201cTerms\u201d). If you do not agree to these Terms, do not use the Plugin. License.\u00a0We grant you a limited, non-exclusive, non-transferable, and revocable license to use the Plugin for your personal or commercial [...]","protected":false},"author":1,"featured_media":0,"parent":0,"menu_order":0,"comment_status":"closed","ping_status":"closed","template":"","meta":{"om_disable_all_campaigns":false,"footnotes":""},"class_list":["post-2114","page","type-page","status-publish","hentry"],"_links":{"self":[{"href":"https:\/\/taxiwordpress.com\/es\/wp-json\/wp\/v2\/pages\/2114","targetHints":{"allow":["GET"]}}],"collection":[{"href":"https:\/\/taxiwordpress.com\/es\/wp-json\/wp\/v2\/pages"}],"about":[{"href":"https:\/\/taxiwordpress.com\/es\/wp-json\/wp\/v2\/types\/page"}],"author":[{"embeddable":true,"href":"https:\/\/taxiwordpress.com\/es\/wp-json\/wp\/v2\/users\/1"}],"replies":[{"embeddable":true,"href":"https:\/\/taxiwordpress.com\/es\/wp-json\/wp\/v2\/comments?post=2114"}],"version-history":[{"count":0,"href":"https:\/\/taxiwordpress.com\/es\/wp-json\/wp\/v2\/pages\/2114\/revisions"}],"wp:attachment":[{"href":"https:\/\/taxiwordpress.com\/es\/wp-json\/wp\/v2\/media?parent=2114"}],"curies":[{"name":"wp","href":"https:\/\/api.w.org\/{rel}","templated":true}]}}