{"id":2125,"date":"2023-05-04T19:06:52","date_gmt":"2023-05-04T18:06:52","guid":{"rendered":"https:\/\/taxiwordpress.com\/?page_id=2125"},"modified":"2023-05-04T19:15:03","modified_gmt":"2023-05-04T18:15:03","slug":"politica-de-privacidad","status":"publish","type":"page","link":"https:\/\/taxiwordpress.com\/es\/politica-de-privacidad\/","title":{"rendered":"Pol\u00edtica de privacidad"},"content":{"rendered":"<div class=\"wpb-content-wrapper\"><section class=\"wpb_row vc_row-fluid\"><div class=\"container\"><div class=\"vc_row\"><div class=\"wpb_column vc_column_container vc_col-sm-12\"><div class=\"vc_column-inner\"><div class=\"wpb_wrapper\"><div class=\"vc_empty_space\"   style=\"height: 32px\"><span class=\"vc_empty_space_inner\"><\/span><\/div>\n    <div class=\"section-head\">\n                <h2 class=\"section-title\">Pol\u00edtica de privacidad<\/h2>\n            <\/div>\n\n<div class=\"vc_empty_space\"   style=\"height: 32px\"><span class=\"vc_empty_space_inner\"><\/span><\/div>\n\t<div class=\"wpb_text_column wpb_content_element\" >\n\t\t<div class=\"wpb_wrapper\">\n\t\t\t<div class=\"\">Esta Pol\u00edtica de privacidad describe c\u00f3mo recopilamos, usamos y divulgamos informaci\u00f3n cuando utiliza nuestro complemento Taxi WordPress (el &quot;Complemento&quot;).<\/div>\n<div class=\"\"><strong>Informaci\u00f3n que recopilamos<\/strong><\/div>\n<div class=\"\">Podemos recopilar la siguiente informaci\u00f3n de usted:<\/div>\n<ol class=\"my-2\">\n<li class=\"ml-4 flex gap-2\">\n<div>\n<div class=\"rounded-full h-1 w-1 bg-primary-300 mt-&#091;10px&#093;\"><\/div>\n<\/div>\n<div class=\"\"><strong>Informacion personal:<\/strong>\u00a0Cuando utiliza nuestro Complemento, podemos recopilar informaci\u00f3n personal como su nombre, direcci\u00f3n de correo electr\u00f3nico y n\u00famero de tel\u00e9fono.<\/div>\n<\/li>\n<li class=\"ml-4 flex gap-2\">\n<div>\n<div class=\"rounded-full h-1 w-1 bg-primary-300 mt-&#091;10px&#093;\"><\/div>\n<\/div>\n<div class=\"\"><strong>Informaci\u00f3n de uso:<\/strong>\u00a0Podemos recopilar informaci\u00f3n sobre c\u00f3mo usa nuestro Complemento, como las p\u00e1ginas que visita y las funciones que usa.<\/div>\n<\/li>\n<li class=\"ml-4 flex gap-2\">\n<div>\n<div class=\"rounded-full h-1 w-1 bg-primary-300 mt-&#091;10px&#093;\"><\/div>\n<\/div>\n<div class=\"\"><strong>Informaci\u00f3n del dispositivo:<\/strong>\u00a0Podemos recopilar informaci\u00f3n sobre el dispositivo que utiliza para acceder a nuestro Complemento, como su direcci\u00f3n IP, tipo de navegador y sistema operativo.<\/div>\n<\/li>\n<\/ol>\n<div class=\"\"><strong>C\u00f3mo usamos la informaci\u00f3n<\/strong><\/div>\n<div class=\"\">Podemos utilizar la informaci\u00f3n que recopilamos para los siguientes prop\u00f3sitos:<\/div>\n<ol class=\"my-2\">\n<li class=\"ml-4 flex gap-2\">\n<div>\n<div class=\"rounded-full h-1 w-1 bg-primary-300 mt-&#091;10px&#093;\"><\/div>\n<\/div>\n<div class=\"\">Para proporcionar y mantener nuestro Complemento.<\/div>\n<\/li>\n<li class=\"ml-4 flex gap-2\">\n<div>\n<div class=\"rounded-full h-1 w-1 bg-primary-300 mt-&#091;10px&#093;\"><\/div>\n<\/div>\n<div class=\"\">Para mejorar nuestro complemento y desarrollar nuevas funciones.<\/div>\n<\/li>\n<li class=\"ml-4 flex gap-2\">\n<div>\n<div class=\"rounded-full h-1 w-1 bg-primary-300 mt-&#091;10px&#093;\"><\/div>\n<\/div>\n<div class=\"\">Para comunicarnos con usted acerca de nuestro Complemento, incluidas actualizaciones y promociones.<\/div>\n<\/li>\n<li class=\"ml-4 flex gap-2\">\n<div>\n<div class=\"rounded-full h-1 w-1 bg-primary-300 mt-&#091;10px&#093;\"><\/div>\n<\/div>\n<div class=\"\">Para proteger nuestros derechos e intereses, como en el caso de una disputa legal.<\/div>\n<\/li>\n<\/ol>\n<div class=\"\"><strong>C\u00f3mo compartimos informaci\u00f3n<\/strong><\/div>\n<div class=\"\">Podemos compartir la informaci\u00f3n que recopilamos con las siguientes partes:<\/div>\n<ol class=\"my-2\">\n<li class=\"ml-4 flex gap-2\">\n<div>\n<div class=\"rounded-full h-1 w-1 bg-primary-300 mt-&#091;10px&#093;\"><\/div>\n<\/div>\n<div class=\"\"><strong>Proveedores de servicio:<\/strong>\u00a0Podemos compartir informaci\u00f3n con proveedores de servicios externos que nos ayuden a proporcionar y mantener nuestro Complemento.<\/div>\n<\/li>\n<li class=\"ml-4 flex gap-2\">\n<div>\n<div class=\"rounded-full h-1 w-1 bg-primary-300 mt-&#091;10px&#093;\"><\/div>\n<\/div>\n<div class=\"\"><strong>Obligaciones legales:<\/strong>\u00a0Podemos compartir informaci\u00f3n si as\u00ed lo exige la ley o en respuesta a una solicitud legal.<\/div>\n<\/li>\n<li class=\"ml-4 flex gap-2\">\n<div>\n<div class=\"rounded-full h-1 w-1 bg-primary-300 mt-&#091;10px&#093;\"><\/div>\n<\/div>\n<div class=\"\"><strong>Transferencias comerciales:<\/strong>\u00a0Podemos compartir informaci\u00f3n en relaci\u00f3n con una transacci\u00f3n comercial, como una fusi\u00f3n o adquisici\u00f3n.<\/div>\n<\/li>\n<\/ol>\n<div class=\"\"><strong>Tus opciones<\/strong><\/div>\n<div class=\"\">Puede optar por no proporcionarnos cierta informaci\u00f3n, pero esto puede limitar su capacidad para usar ciertas funciones de nuestro Complemento.<\/div>\n<div class=\"\"><strong>Seguridad<\/strong><\/div>\n<div class=\"\">Tomamos medidas razonables para proteger la informaci\u00f3n que recopilamos del acceso o divulgaci\u00f3n no autorizados.<\/div>\n<div class=\"\"><strong>Cambios a esta Pol\u00edtica de Privacidad<\/strong><\/div>\n<div class=\"\">Es posible que actualicemos esta Pol\u00edtica de privacidad de vez en cuando. Le notificaremos cualquier cambio publicando la nueva Pol\u00edtica de privacidad en nuestro sitio web.<\/div>\n<div class=\"\"><strong>Cont\u00e1ctenos<\/strong><\/div>\n<div class=\"\">Si tiene alguna pregunta sobre esta Pol\u00edtica de Privacidad, por favor <a href=\"https:\/\/taxiwordpress.com\/es\/contactenos\/\">Cont\u00e1ctenos<\/a>.<\/div>\n\n\t\t<\/div>\n\t<\/div>\n<div class=\"vc_empty_space\"   style=\"height: 32px\"><span class=\"vc_empty_space_inner\"><\/span><\/div><\/div><\/div><\/div><\/div><\/div><\/section>\n<\/div>","protected":false},"excerpt":{"rendered":"Pol\u00edtica de privacidad Esta Pol\u00edtica de privacidad describe c\u00f3mo recopilamos, usamos y divulgamos informaci\u00f3n cuando usted utiliza nuestro complemento Taxi WordPress (el &quot;Complemento&quot;). Informaci\u00f3n que recopilamos Podemos recopilar la siguiente informaci\u00f3n sobre usted: Informaci\u00f3n personal: cuando utiliza nuestro complemento, podemos recopilar informaci\u00f3n personal como su nombre, direcci\u00f3n de correo electr\u00f3nico y n\u00famero de tel\u00e9fono. Informaci\u00f3n de uso: Nosotros [...]","protected":false},"author":1,"featured_media":0,"parent":0,"menu_order":0,"comment_status":"closed","ping_status":"closed","template":"","meta":{"om_disable_all_campaigns":false,"footnotes":""},"class_list":["post-2125","page","type-page","status-publish","hentry"],"_links":{"self":[{"href":"https:\/\/taxiwordpress.com\/es\/wp-json\/wp\/v2\/pages\/2125","targetHints":{"allow":["GET"]}}],"collection":[{"href":"https:\/\/taxiwordpress.com\/es\/wp-json\/wp\/v2\/pages"}],"about":[{"href":"https:\/\/taxiwordpress.com\/es\/wp-json\/wp\/v2\/types\/page"}],"author":[{"embeddable":true,"href":"https:\/\/taxiwordpress.com\/es\/wp-json\/wp\/v2\/users\/1"}],"replies":[{"embeddable":true,"href":"https:\/\/taxiwordpress.com\/es\/wp-json\/wp\/v2\/comments?post=2125"}],"version-history":[{"count":0,"href":"https:\/\/taxiwordpress.com\/es\/wp-json\/wp\/v2\/pages\/2125\/revisions"}],"wp:attachment":[{"href":"https:\/\/taxiwordpress.com\/es\/wp-json\/wp\/v2\/media?parent=2125"}],"curies":[{"name":"wp","href":"https:\/\/api.w.org\/{rel}","templated":true}]}}