{"id":2146,"date":"2023-05-06T07:56:51","date_gmt":"2023-05-06T06:56:51","guid":{"rendered":"https:\/\/taxiwordpress.com\/?page_id=2146"},"modified":"2023-05-13T16:47:51","modified_gmt":"2023-05-13T15:47:51","slug":"fijacion-de-precios","status":"publish","type":"page","link":"https:\/\/taxiwordpress.com\/es\/fijacion-de-precios\/","title":{"rendered":"Precios"},"content":{"rendered":"<div class=\"wpb-content-wrapper\"><section class=\"wpb_row vc_row-fluid\"><div class=\"container\"><div class=\"vc_row\"><div class=\"wpb_column vc_column_container vc_col-sm-12\"><div class=\"vc_column-inner vc_custom_1683361845543\"><div class=\"wpb_wrapper\">\n    <div class=\"section-head\">\n                <h2 class=\"section-title\">Tabla de Precios<\/h2>\n            <\/div>\n\n\n\t<div class=\"wpb_text_column wpb_content_element\" >\n\t\t<div class=\"wpb_wrapper\">\n\t\t\t<div id=\"rpt_pricr\" class=\"rpt_plans rpt_3_plans rpt_style_basic\"><div class=\"\"><div class=\"rpt_plan  rpt_plugin_f rpt_plan_0\"><div style=\"text-align:center;\" class=\"rpt_title rpt_title_0\">Bronce<\/div><div class=\"rpt_head rpt_head_0\"><div class=\"rpt_recurrence rpt_recurrence_0\">Cuota Anual 49 \u00a3<\/div><div class=\"rpt_price rpt_price_0\">99 \u00a3<\/div><div style=\"color:#dd9933;\" class=\"rpt_subtitle rpt_subtitle_0\">Licencia de software<\/div><div class=\"rpt_description rpt_description_0\">Solo pasarela de pago Paypal<\/div><\/div><div class=\"rpt_custom_btn\" style=\"background-color:#dd9933\"><a target=\"_self\" href=\"\/es\/comprar-comprar\/\" style=\"background:#dd9933;\" class=\"rpt_foot rpt_foot_0\">Compra<\/a><\/div><\/div><div class=\"rpt_plan  rpt_plugin_f rpt_plan_1 rpt_recommended_plan\"><div style=\"text-align:center;\" class=\"rpt_title rpt_title_1\">Plata<img decoding=\"async\" style=\"height:30px !important; width:30px !important;\" class=\"rpt_recommended\" src=\"https:\/\/taxiwordpress.com\/wp-content\/plugins\/dk-pricr-responsive-pricing-table\/inc\/img\/rpt_recommended.png\"\/><\/div><div class=\"rpt_head rpt_head_1\"><div class=\"rpt_recurrence rpt_recurrence_1\">Cuota Anual 99 \u00a3<\/div><div class=\"rpt_price rpt_price_1\">149 \u00a3<\/div><div style=\"color:#f26522;\" class=\"rpt_subtitle rpt_subtitle_1\">Licencia de software<\/div><div class=\"rpt_description rpt_description_1\">Con Pasarela de Pago Stripe<\/div><\/div><div class=\"rpt_custom_btn\" style=\"background-color:#f26522\"><a target=\"_self\" href=\"#\" style=\"background:#f26522\" class=\"rpt_foot rpt_foot_0\">Pronto<\/a><\/div><\/div><div class=\"rpt_plan  rpt_plugin_f rpt_plan_2\"><div style=\"text-align:center;\" class=\"rpt_title rpt_title_2\">Oro<\/div><div class=\"rpt_head rpt_head_2\"><div class=\"rpt_recurrence rpt_recurrence_2\">Cuota Anual 149 \u00a3<\/div><div class=\"rpt_price rpt_price_2\">250 \u00a3<\/div><div style=\"color:#dd9933;\" class=\"rpt_subtitle rpt_subtitle_2\">Licencia de software<\/div><div class=\"rpt_description rpt_description_2\">Con raya y sitio web<\/div><\/div><div class=\"rpt_custom_btn\" style=\"background-color:#dd9933\"><a target=\"_self\" href=\"#\" style=\"background:#dd9933\" class=\"rpt_foot rpt_foot_0\">Pronto<\/a><\/div><\/div><\/div><\/div><div style=\"clear:both;\"><\/div>\n\n\t\t<\/div>\n\t<\/div>\n<div class=\"vc_empty_space\"   style=\"height: 32px\"><span class=\"vc_empty_space_inner\"><\/span><\/div><\/div><\/div><\/div><\/div><\/div><\/section><section id=\"faq\" class=\"wpb_row vc_row-fluid\"><div class=\"container\"><div class=\"vc_row\"><div class=\"wpb_column vc_column_container vc_col-sm-12\"><div class=\"vc_column-inner\"><div class=\"wpb_wrapper\"><div class=\"vc_empty_space\"   style=\"height: 32px\"><span class=\"vc_empty_space_inner\"><\/span><\/div>\n    <div class=\"section-head\">\n                    <h6><span>Preguntas frecuentes: haga clic en las preguntas para ver las respuestas.<\/span><\/h6>\n                <h2 class=\"section-title\">Preguntas Frecuentes<\/h2>\n            <\/div>\n\n<div class=\"vc_empty_space\"   style=\"height: 32px\"><span class=\"vc_empty_space_inner\"><\/span><\/div><div  class=\"vc_do_toggle vc_toggle vc_toggle_default vc_toggle_color_default  vc_toggle_size_md\"><div class=\"vc_toggle_title\"><h4>\u00bfPor qu\u00e9 tengo que pagar la cuota anual?<\/h4><i class=\"vc_toggle_icon\"><\/i><\/div><div class=\"vc_toggle_content\"><p>La raz\u00f3n por la que tiene que pagar una tarifa anual por un complemento en la nube para WordPress es porque el complemento requiere mantenimiento y soporte continuos para mantenerlo actualizado y funcionando correctamente. Esto incluye actualizaciones peri\u00f3dicas para garantizar la compatibilidad con las \u00faltimas versiones de WordPress, parches de seguridad para protegerse contra vulnerabilidades y soporte t\u00e9cnico para ayudarlo con cualquier problema que pueda encontrar. Adem\u00e1s, la tarifa anual tambi\u00e9n puede cubrir el costo de los servicios de alojamiento en la nube utilizados por el complemento para almacenar y administrar los datos de su sitio web. Por lo tanto, pagar una tarifa anual garantiza que reciba soporte, mantenimiento y acceso continuos a las \u00faltimas funciones y actualizaciones para el complemento.<\/p>\n<\/div><\/div><div  class=\"vc_do_toggle vc_toggle vc_toggle_default vc_toggle_color_default  vc_toggle_size_md\"><div class=\"vc_toggle_title\"><h4>\u00bfCu\u00e1les son las caracter\u00edsticas del complemento?<\/h4><i class=\"vc_toggle_icon\"><\/i><\/div><div class=\"vc_toggle_content\"><div class=\"\">Nuestro software est\u00e1 repleto de caracter\u00edsticas que lo ayudar\u00e1n a optimizar sus operaciones, mejorar la satisfacci\u00f3n del cliente y hacer crecer su negocio. Esto es lo que puede esperar:<\/div>\n<div class=\"\">Basado en Google A to B con paradas de Way: Nuestro software utiliza Google Maps para calcular la mejor ruta para sus clientes, incluidas las paradas que puedan necesitar hacer en el camino.<\/div>\n<div>\n<div class=\"rounded-full h-1 w-1 bg-primary-300 mt-&#091;10px&#093;\"><\/div>\n<\/div>\n<div class=\"\">Reciba reservas \/ reservas directas: los clientes pueden reservar un taxi directamente a trav\u00e9s de su sitio web o aplicaci\u00f3n m\u00f3vil, sin necesidad de llamadas telef\u00f3nicas o correos electr\u00f3nicos.<\/div>\n<div>\n<div class=\"rounded-full h-1 w-1 bg-primary-300 mt-&#091;10px&#093;\"><\/div>\n<\/div>\n<div class=\"\">Cotizaci\u00f3n de tarifa inmediata: Nuestro software puede proporcionar una cotizaci\u00f3n de tarifa instant\u00e1nea basada en la distancia y la hora del d\u00eda.<\/div>\n<div>\n<div class=\"rounded-full h-1 w-1 bg-primary-300 mt-&#091;10px&#093;\"><\/div>\n<\/div>\n<div class=\"\">Configuraci\u00f3n de precios de veh\u00edculos: puede configurar diferentes niveles de precios para diferentes tipos de veh\u00edculos, como autos de lujo o camionetas.<\/div>\n<div>\n<div class=\"rounded-full h-1 w-1 bg-primary-300 mt-&#091;10px&#093;\"><\/div>\n<\/div>\n<div class=\"\">Im\u00e1genes de encabezado y pie de p\u00e1gina: personalice su p\u00e1gina de reservas con su propia marca e im\u00e1genes.<\/div>\n<div>\n<div class=\"rounded-full h-1 w-1 bg-primary-300 mt-&#091;10px&#093;\"><\/div>\n<\/div>\n<div class=\"\">Plantilla de correo electr\u00f3nico: env\u00ede correos electr\u00f3nicos autom\u00e1ticos a los clientes para confirmar su reserva y proporcionar todos los detalles que necesitan.<\/div>\n<div>\n<div class=\"rounded-full h-1 w-1 bg-primary-300 mt-&#091;10px&#093;\"><\/div>\n<\/div>\n<div class=\"\">Multilenguaje: nuestro software admite varios idiomas, por lo que puede atender a clientes de todo el mundo.<\/div>\n<div>\n<div class=\"rounded-full h-1 w-1 bg-primary-300 mt-&#091;10px&#093;\"><\/div>\n<\/div>\n<div class=\"\">Asignar conductor a la reserva: asigne un conductor espec\u00edfico a una reserva para garantizar una recogida y devoluci\u00f3n sin problemas.<\/div>\n<div>\n<div class=\"rounded-full h-1 w-1 bg-primary-300 mt-&#091;10px&#093;\"><\/div>\n<\/div>\n<div class=\"\">Asignar autom\u00f3vil a reserva: asigne un autom\u00f3vil espec\u00edfico a una reserva para asegurarse de que el cliente obtenga el tipo de veh\u00edculo que necesita.<\/div>\n<div>\n<div class=\"rounded-full h-1 w-1 bg-primary-300 mt-&#091;10px&#093;\"><\/div>\n<\/div>\n<div class=\"\">Cargue las im\u00e1genes de su flota: Cargue im\u00e1genes de su flota para mostrar a los clientes los veh\u00edculos entre los que pueden elegir.<\/div>\n<div>\n<div class=\"rounded-full h-1 w-1 bg-primary-300 mt-&#091;10px&#093;\"><\/div>\n<\/div>\n<div class=\"\">Cuentas corporativas: configure cuentas corporativas para empresas que utilizan regularmente su servicio de taxi.<\/div>\n<div>\n<div class=\"rounded-full h-1 w-1 bg-primary-300 mt-&#091;10px&#093;\"><\/div>\n<\/div>\n<div class=\"\">Control de CSS: Personaliza la apariencia de tu p\u00e1gina de reservas usando CSS.<\/div>\n<div>\n<div class=\"rounded-full h-1 w-1 bg-primary-300 mt-&#091;10px&#093;\"><\/div>\n<\/div>\n<div class=\"\">Facturaci\u00f3n a Clientes: Genere y env\u00ede autom\u00e1ticamente facturas a los clientes.<\/div>\n<div>\n<div class=\"rounded-full h-1 w-1 bg-primary-300 mt-&#091;10px&#093;\"><\/div>\n<\/div>\n<div class=\"\">Facturaci\u00f3n a los conductores: genere y env\u00ede autom\u00e1ticamente facturas a los conductores.<\/div>\n<div>\n<div class=\"rounded-full h-1 w-1 bg-primary-300 mt-&#091;10px&#093;\"><\/div>\n<\/div>\n<div class=\"\">Precio de ida: configure precios para viajes de ida.<\/div>\n<div>\n<div class=\"rounded-full h-1 w-1 bg-primary-300 mt-&#091;10px&#093;\"><\/div>\n<\/div>\n<div class=\"\">Precio de ida y vuelta: configure los precios para los viajes de ida y vuelta.<\/div>\n<div>\n<div class=\"rounded-full h-1 w-1 bg-primary-300 mt-&#091;10px&#093;\"><\/div>\n<\/div>\n<div class=\"\">Tarifa permanente: establezca una tarifa permanente por el tiempo de espera.<\/div>\n<div>\n<div class=\"rounded-full h-1 w-1 bg-primary-300 mt-&#091;10px&#093;\"><\/div>\n<\/div>\n<div class=\"\">Precio base a recogida: Establece un precio base para la recogida de pasajeros.<\/div>\n<div>\n<div class=\"rounded-full h-1 w-1 bg-primary-300 mt-&#091;10px&#093;\"><\/div>\n<\/div>\n<div class=\"\">Precio desde la bajada hasta la base: Establece un precio base para la bajada de pasajeros.<\/div>\n<div>\n<div class=\"rounded-full h-1 w-1 bg-primary-300 mt-&#091;10px&#093;\"><\/div>\n<\/div>\n<div class=\"\">Precio M\u00ednimo: Configura un precio m\u00ednimo para cada viaje.<\/div>\n<div>\n<div class=\"rounded-full h-1 w-1 bg-primary-300 mt-&#091;10px&#093;\"><\/div>\n<\/div>\n<div class=\"\">Precio Meet &amp; Greet: establezca un precio para los servicios Meet &amp; Greet.<\/div>\n<div>\n<div class=\"rounded-full h-1 w-1 bg-primary-300 mt-&#091;10px&#093;\"><\/div>\n<\/div>\n<div class=\"\">Precio del asiento para beb\u00e9s: establezca un precio para los asientos para beb\u00e9s.<\/div>\n<div>\n<div class=\"rounded-full h-1 w-1 bg-primary-300 mt-&#091;10px&#093;\"><\/div>\n<\/div>\n<div class=\"\">Precio de los asientos elevados: establezca un precio para los asientos elevados.<\/div>\n<div>\n<div class=\"rounded-full h-1 w-1 bg-primary-300 mt-&#091;10px&#093;\"><\/div>\n<\/div>\n<div class=\"\">Fechas especiales: configure precios especiales para d\u00edas festivos y otras fechas especiales.<\/div>\n<div>\n<div class=\"rounded-full h-1 w-1 bg-primary-300 mt-&#091;10px&#093;\"><\/div>\n<\/div>\n<div class=\"\">Tarifa de Pasajero: Configure una tarifa para pasajeros adicionales.<\/div>\n<div>\n<div class=\"rounded-full h-1 w-1 bg-primary-300 mt-&#091;10px&#093;\"><\/div>\n<\/div>\n<div class=\"\">Tarifa de mascotas: configure una tarifa para mascotas.<\/div>\n<div>\n<div class=\"rounded-full h-1 w-1 bg-primary-300 mt-&#091;10px&#093;\"><\/div>\n<\/div>\n<div class=\"\">Precio de espera del conductor por minuto: configure el precio del tiempo de espera del conductor.<\/div>\n<div>\n<div class=\"rounded-full h-1 w-1 bg-primary-300 mt-&#091;10px&#093;\"><\/div>\n<\/div>\n<div class=\"\">Cargo por equipaje adicional: configure un cargo por equipaje adicional.<\/div>\n<div>\n<div class=\"rounded-full h-1 w-1 bg-primary-300 mt-&#091;10px&#093;\"><\/div>\n<\/div>\n<div class=\"\">Precio por hora: Configure el precio de los viajes por hora.<\/div>\n<div>\n<div class=\"rounded-full h-1 w-1 bg-primary-300 mt-&#091;10px&#093;\"><\/div>\n<\/div>\n<div class=\"\">Pago con tarjeta de cr\u00e9dito y d\u00e9bito: Acepte pagos a trav\u00e9s de tarjetas de cr\u00e9dito y d\u00e9bito.<\/div>\n<div>\n<div class=\"rounded-full h-1 w-1 bg-primary-300 mt-&#091;10px&#093;\"><\/div>\n<\/div>\n<div class=\"\">Pasarela de PayPal: Acepte pagos a trav\u00e9s de PayPal.<\/div>\n<\/div><\/div><div  class=\"vc_do_toggle vc_toggle vc_toggle_default vc_toggle_color_default  vc_toggle_size_md\"><div class=\"vc_toggle_title\"><h4>\u00bfSe puede implementar este complemento en wix?<\/h4><i class=\"vc_toggle_icon\"><\/i><\/div><div class=\"vc_toggle_content\"><p>S\u00ed, nuestro complemento en la nube para WordPress puede funcionar con cualquier tipo de sitio web, incluido Wix. Esto se debe a que el proceso de implementaci\u00f3n solo requiere incrustar un c\u00f3digo iframe en su sitio web. Por lo tanto, puede integrar f\u00e1cilmente nuestro complemento en su sitio web de Wix siguiendo los sencillos pasos de incrustar el c\u00f3digo iframe.<\/p>\n<\/div><\/div><div  class=\"vc_do_toggle vc_toggle vc_toggle_default vc_toggle_color_default  vc_toggle_size_md\"><div class=\"vc_toggle_title\"><h4>\u00bfTienes una demo para probar el software?<\/h4><i class=\"vc_toggle_icon\"><\/i><\/div><div class=\"vc_toggle_content\"><p>Desafortunadamente, no tenemos una demostraci\u00f3n de administrador disponible para probar el software en este momento. Sin embargo, hemos proporcionado algunos sitios web de clientes en el <a href=\"https:\/\/taxiwordpress.com\/es\/manifestacion\/\">pesta\u00f1a de demostraci\u00f3n<\/a> y una descripci\u00f3n general en video del complemento completo que puede consultar para tener una mejor idea de c\u00f3mo funciona el software. Si tiene alguna pregunta espec\u00edfica sobre el software o desea obtener m\u00e1s informaci\u00f3n, no dude en comunicarse con nosotros.<\/p>\n<\/div><\/div><div  class=\"vc_do_toggle vc_toggle vc_toggle_default vc_toggle_color_default  vc_toggle_size_md\"><div class=\"vc_toggle_title\"><h4>\u00bfCu\u00e1l es el precio del complemento en euros?<\/h4><i class=\"vc_toggle_icon\"><\/i><\/div><div class=\"vc_toggle_content\"><p>Si desea conocer el precio del complemento en una moneda que no sea la libra, como el euro, puede utilizar una herramienta de conversi\u00f3n de moneda como <a href=\"https:\/\/xe.com\" target=\"_blank\" rel=\"noopener\">xe.com<\/a> para comprobar las \u00faltimas tasas de conversi\u00f3n. Simplemente convierta el precio del complemento de libras a euros utilizando el tipo de cambio actual para obtener una estimaci\u00f3n del costo en euros. Ten en cuenta que el importe exacto puede variar seg\u00fan el tipo de cambio en el momento de la compra.<\/p>\n<\/div><\/div><div  class=\"vc_do_toggle vc_toggle vc_toggle_default vc_toggle_color_default  vc_toggle_size_md\"><div class=\"vc_toggle_title\"><h4>\u00bfC\u00f3mo puedo acceder al panel de control?<\/h4><i class=\"vc_toggle_icon\"><\/i><\/div><div class=\"vc_toggle_content\"><div class=\"\">Para acceder al panel de control del complemento de WordPress para taxis, siga estos pasos:<\/div>\n<ol class=\"my-2\">\n<li class=\"ml-4 flex gap-2\">1. Despu\u00e9s de su compra, recibir\u00e1 un correo electr\u00f3nico con un archivo zip.<\/li>\n<li class=\"ml-4 flex gap-2\">2. Cargue el archivo zip en la pesta\u00f1a de complementos de su administrador de WordPress.<\/li>\n<li class=\"ml-4 flex gap-2\">3. Una vez cargado, encontrar\u00e1 un &quot;Complemento de WordPress para taxis&quot; en el men\u00fa superior izquierdo de su administrador de WordPress.<\/li>\n<li class=\"ml-4 flex gap-2\">4. Haga clic en \u201cTaxi WordPress Plugin\u201d para acceder al submen\u00fa.<\/li>\n<li class=\"ml-4 flex gap-2\">5. Desde el submen\u00fa, puede acceder al panel de control y todos los c\u00f3digos necesarios para implementar el formulario de reserva.<\/li>\n<\/ol>\n<\/div><\/div><div  class=\"vc_do_toggle vc_toggle vc_toggle_default vc_toggle_color_default  vc_toggle_size_md\"><div class=\"vc_toggle_title\"><h4>\u00bfTienes alg\u00fan video para ver c\u00f3mo funciona el complemento?<\/h4><i class=\"vc_toggle_icon\"><\/i><\/div><div class=\"vc_toggle_content\"><p>S\u00ed, tenemos varios videos disponibles que demuestran c\u00f3mo funciona nuestro complemento. Estos videos brindan instrucciones paso a paso sobre c\u00f3mo instalar y usar el complemento, adem\u00e1s de mostrar sus caracter\u00edsticas y capacidades. Puede encontrar estos videos en nuestro sitio web o en nuestro canal de YouTube. Recomendamos encarecidamente ver estos videos para comprender mejor c\u00f3mo nuestro complemento puede beneficiar a su sitio web o tienda en l\u00ednea.<\/p>\n<\/div><\/div><div  class=\"vc_do_toggle vc_toggle vc_toggle_default vc_toggle_color_default  vc_toggle_size_md\"><div class=\"vc_toggle_title\"><h4>\u00bfCu\u00e1les son las diferencias entre el bronce, la plata y el oro?<\/h4><i class=\"vc_toggle_icon\"><\/i><\/div><div class=\"vc_toggle_content\"><p>Nuestros paquetes de bronce, plata y oro vienen con el mismo complemento de taxi de WordPress, pero hay algunas diferencias entre ellos. El paquete plata incluye la pasarela de pago Stripe, que te permite aceptar pagos online de tus clientes. El paquete dorado incluye tanto la pasarela de pago Stripe como un sitio web, para que pueda tener una presencia profesional en l\u00ednea para su negocio de taxis. Con el sitio web, puede mostrar sus servicios, proporcionar informaci\u00f3n sobre su empresa y permitir que los clientes reserven viajes en l\u00ednea. Entonces, si est\u00e1 buscando una soluci\u00f3n simple para administrar su negocio de taxis, el paquete de bronce es una excelente opci\u00f3n. Si desea ofrecer pagos en l\u00ednea a sus clientes, el paquete plateado es el camino a seguir. Y si desea una presencia en l\u00ednea completa para su negocio de taxis, el paquete dorado es la elecci\u00f3n perfecta.<\/p>\n<\/div><\/div><div  class=\"vc_do_toggle vc_toggle vc_toggle_default vc_toggle_color_default  vc_toggle_size_md\"><div class=\"vc_toggle_title\"><h4>Despu\u00e9s de la compra, \u00bfqu\u00e9 tengo que hacer?<\/h4><i class=\"vc_toggle_icon\"><\/i><\/div><div class=\"vc_toggle_content\"><ol class=\"my-2\">\n<li class=\"ml-4 flex gap-2\">1. Despu\u00e9s de su compra, recibir\u00e1 un correo electr\u00f3nico con un archivo zip.<\/li>\n<li class=\"ml-4 flex gap-2\">2. Cargue el archivo zip en la pesta\u00f1a de complementos de su administrador de WordPress.<\/li>\n<li class=\"ml-4 flex gap-2\">3. Una vez cargado, encontrar\u00e1 un &quot;Complemento de WordPress para taxis&quot; en el men\u00fa superior izquierdo de su administrador de WordPress.<\/li>\n<li class=\"ml-4 flex gap-2\">4. Haga clic en \u201cTaxi WordPress Plugin\u201d para acceder al submen\u00fa.<\/li>\n<li class=\"ml-4 flex gap-2\">5. Desde el submen\u00fa, puede acceder al panel de control y todos los c\u00f3digos necesarios para implementar el formulario de reserva.<\/li>\n<\/ol>\n<\/div><\/div><\/div><\/div><\/div><\/div><\/div><\/section>\n<\/div>","protected":false},"excerpt":{"rendered":"","protected":false},"author":1,"featured_media":0,"parent":0,"menu_order":0,"comment_status":"closed","ping_status":"closed","template":"","meta":{"om_disable_all_campaigns":false,"footnotes":""},"class_list":["post-2146","page","type-page","status-publish","hentry"],"_links":{"self":[{"href":"https:\/\/taxiwordpress.com\/es\/wp-json\/wp\/v2\/pages\/2146","targetHints":{"allow":["GET"]}}],"collection":[{"href":"https:\/\/taxiwordpress.com\/es\/wp-json\/wp\/v2\/pages"}],"about":[{"href":"https:\/\/taxiwordpress.com\/es\/wp-json\/wp\/v2\/types\/page"}],"author":[{"embeddable":true,"href":"https:\/\/taxiwordpress.com\/es\/wp-json\/wp\/v2\/users\/1"}],"replies":[{"embeddable":true,"href":"https:\/\/taxiwordpress.com\/es\/wp-json\/wp\/v2\/comments?post=2146"}],"version-history":[{"count":0,"href":"https:\/\/taxiwordpress.com\/es\/wp-json\/wp\/v2\/pages\/2146\/revisions"}],"wp:attachment":[{"href":"https:\/\/taxiwordpress.com\/es\/wp-json\/wp\/v2\/media?parent=2146"}],"curies":[{"name":"wp","href":"https:\/\/api.w.org\/{rel}","templated":true}]}}