{"id":2114,"date":"2023-05-04T18:55:55","date_gmt":"2023-05-04T17:55:55","guid":{"rendered":"https:\/\/taxiwordpress.com\/?page_id=2114"},"modified":"2023-05-04T19:04:38","modified_gmt":"2023-05-04T18:04:38","slug":"conditions-generales","status":"publish","type":"page","link":"https:\/\/taxiwordpress.com\/fr\/conditions-generales\/","title":{"rendered":"termes et conditions"},"content":{"rendered":"<div class=\"wpb-content-wrapper\"><section class=\"wpb_row vc_row-fluid\"><div class=\"container\"><div class=\"vc_row\"><div class=\"wpb_column vc_column_container vc_col-sm-12\"><div class=\"vc_column-inner\"><div class=\"wpb_wrapper\"><div class=\"vc_empty_space\"   style=\"height: 32px\"><span class=\"vc_empty_space_inner\"><\/span><\/div>\n    <div class=\"section-head\">\n                <h2 class=\"section-title\">T&amp;C pour le plugin WordPress Taxi<\/h2>\n            <\/div>\n\n<div class=\"vc_empty_space\"   style=\"height: 32px\"><span class=\"vc_empty_space_inner\"><\/span><\/div>\n\t<div class=\"wpb_text_column wpb_content_element\" >\n\t\t<div class=\"wpb_wrapper\">\n\t\t\t<ol class=\"my-2\">\n<li class=\"ml-4 flex gap-2\"><strong>Acceptation des conditions.<\/strong>\u00a0En utilisant le plugin Taxi WordPress (le &quot;plugin&quot;), vous acceptez les pr\u00e9sentes conditions g\u00e9n\u00e9rales (&quot;Conditions&quot;). Si vous n&#039;acceptez pas ces Conditions, n&#039;utilisez pas le Plugin.<\/li>\n<li class=\"ml-4 flex gap-2\"><strong>Licence.<\/strong>\u00a0Nous vous accordons une licence limit\u00e9e, non exclusive, non transf\u00e9rable et r\u00e9vocable pour utiliser le Plugin \u00e0 vos fins personnelles ou commerciales, sous r\u00e9serve des pr\u00e9sentes Conditions et de toutes les lois et r\u00e9glementations applicables.<\/li>\n<li class=\"ml-4 flex gap-2\"><strong>Modification.<\/strong>\u00a0Nous nous r\u00e9servons le droit de modifier ou de mettre \u00e0 jour ces Conditions \u00e0 tout moment sans pr\u00e9avis. Votre utilisation continue du Plugin apr\u00e8s de telles modifications ou mises \u00e0 jour constitue votre acceptation des Conditions r\u00e9vis\u00e9es.<\/li>\n<li class=\"ml-4 flex gap-2\"><strong>Propri\u00e9t\u00e9 intellectuelle.<\/strong>\u00a0Le plugin et tous les contenus et \u00e9l\u00e9ments li\u00e9s au plugin, y compris, mais sans s&#039;y limiter, les textes, graphiques, logos, images et logiciels, sont notre propri\u00e9t\u00e9 ou la propri\u00e9t\u00e9 de nos conc\u00e9dants de licence et sont prot\u00e9g\u00e9s par le droit d&#039;auteur, les marques et autres lois sur la propri\u00e9t\u00e9 intellectuelle. .<\/li>\n<li class=\"ml-4 flex gap-2\"><strong>Limitation de responsabilit\u00e9.<\/strong>\u00a0Nous ne sommes pas responsables des dommages, y compris, mais sans s&#039;y limiter, les dommages directs, indirects, accessoires, cons\u00e9cutifs ou punitifs, r\u00e9sultant de ou li\u00e9s \u00e0 l&#039;utilisation du plugin ou des pr\u00e9sentes conditions.<\/li>\n<li class=\"ml-4 flex gap-2\"><strong>Indemnit\u00e9.<\/strong>\u00a0Vous acceptez de nous indemniser, de nous d\u00e9fendre et de nous d\u00e9gager de toute r\u00e9clamation, dommage, responsabilit\u00e9, co\u00fbt et d\u00e9pense, y compris les honoraires d&#039;avocat raisonnables, d\u00e9coulant de ou en relation avec votre utilisation du plugin ou votre violation des pr\u00e9sentes conditions.<\/li>\n<li class=\"ml-4 flex gap-2\"><strong>R\u00e9siliation.<\/strong>\u00a0Nous pouvons r\u00e9silier votre licence d&#039;utilisation du Plugin \u00e0 tout moment, avec ou sans motif, sans pr\u00e9avis. En cas de r\u00e9siliation, vous devez imm\u00e9diatement cesser toute utilisation du Plugin et supprimer toutes les copies du Plugin de votre ordinateur ou appareil.<\/li>\n<li class=\"ml-4 flex gap-2\"><strong>Loi applicable.<\/strong>\u00a0Ces conditions et votre utilisation du plugin sont r\u00e9gies par les lois de l&#039;\u00e9tat ou du pays dans lequel nous nous trouvons, sans \u00e9gard \u00e0 ses dispositions en mati\u00e8re de conflit de lois.<\/li>\n<li class=\"ml-4 flex gap-2\"><strong>Accord complet.<\/strong>\u00a0Ces Conditions constituent l&#039;int\u00e9gralit\u00e9 de l&#039;accord entre vous et nous concernant votre utilisation du Plugin et remplacent tous les accords et accords ant\u00e9rieurs, qu&#039;ils soient \u00e9crits ou oraux.<\/li>\n<\/ol>\n<div class=\"\">Si vous avez des questions ou des pr\u00e9occupations concernant ces conditions, veuillez <a href=\"https:\/\/taxiwordpress.com\/fr\/contactez-nous\/\">Contactez-nous<\/a><\/div>\n\n\t\t<\/div>\n\t<\/div>\n<div class=\"vc_empty_space\"   style=\"height: 32px\"><span class=\"vc_empty_space_inner\"><\/span><\/div><\/div><\/div><\/div><\/div><\/div><\/section>\n<\/div>","protected":false},"excerpt":{"rendered":"Conditions g\u00e9n\u00e9rales pour le plugin Taxi WordPress Acceptation des conditions. En utilisant le plugin Taxi WordPress (le \u00ab Plugin \u00bb), vous acceptez les pr\u00e9sentes Conditions g\u00e9n\u00e9rales (\u00ab Conditions \u00bb). Si vous n&#039;acceptez pas ces conditions, n&#039;utilisez pas le plugin. Licence. Nous vous accordons une licence limit\u00e9e, non exclusive, non transf\u00e9rable et r\u00e9vocable pour utiliser le plugin \u00e0 des fins personnelles ou commerciales [...]","protected":false},"author":1,"featured_media":0,"parent":0,"menu_order":0,"comment_status":"closed","ping_status":"closed","template":"","meta":{"om_disable_all_campaigns":false,"footnotes":""},"class_list":["post-2114","page","type-page","status-publish","hentry"],"_links":{"self":[{"href":"https:\/\/taxiwordpress.com\/fr\/wp-json\/wp\/v2\/pages\/2114","targetHints":{"allow":["GET"]}}],"collection":[{"href":"https:\/\/taxiwordpress.com\/fr\/wp-json\/wp\/v2\/pages"}],"about":[{"href":"https:\/\/taxiwordpress.com\/fr\/wp-json\/wp\/v2\/types\/page"}],"author":[{"embeddable":true,"href":"https:\/\/taxiwordpress.com\/fr\/wp-json\/wp\/v2\/users\/1"}],"replies":[{"embeddable":true,"href":"https:\/\/taxiwordpress.com\/fr\/wp-json\/wp\/v2\/comments?post=2114"}],"version-history":[{"count":0,"href":"https:\/\/taxiwordpress.com\/fr\/wp-json\/wp\/v2\/pages\/2114\/revisions"}],"wp:attachment":[{"href":"https:\/\/taxiwordpress.com\/fr\/wp-json\/wp\/v2\/media?parent=2114"}],"curies":[{"name":"wp","href":"https:\/\/api.w.org\/{rel}","templated":true}]}}