{"id":2125,"date":"2023-05-04T19:06:52","date_gmt":"2023-05-04T18:06:52","guid":{"rendered":"https:\/\/taxiwordpress.com\/?page_id=2125"},"modified":"2023-05-04T19:15:03","modified_gmt":"2023-05-04T18:15:03","slug":"politique-de-confidentialite","status":"publish","type":"page","link":"https:\/\/taxiwordpress.com\/fr\/politique-de-confidentialite\/","title":{"rendered":"politique de confidentialit\u00e9"},"content":{"rendered":"<div class=\"wpb-content-wrapper\"><section class=\"wpb_row vc_row-fluid\"><div class=\"container\"><div class=\"vc_row\"><div class=\"wpb_column vc_column_container vc_col-sm-12\"><div class=\"vc_column-inner\"><div class=\"wpb_wrapper\"><div class=\"vc_empty_space\"   style=\"height: 32px\"><span class=\"vc_empty_space_inner\"><\/span><\/div>\n    <div class=\"section-head\">\n                <h2 class=\"section-title\">politique de confidentialit\u00e9<\/h2>\n            <\/div>\n\n<div class=\"vc_empty_space\"   style=\"height: 32px\"><span class=\"vc_empty_space_inner\"><\/span><\/div>\n\t<div class=\"wpb_text_column wpb_content_element\" >\n\t\t<div class=\"wpb_wrapper\">\n\t\t\t<div class=\"\">Cette politique de confidentialit\u00e9 d\u00e9crit comment nous recueillons, utilisons et divulguons des informations lorsque vous utilisez notre plugin Taxi WordPress (le &quot;plugin&quot;).<\/div>\n<div class=\"\"><strong>Informations que nous recueillons<\/strong><\/div>\n<div class=\"\">Nous pouvons collecter les informations suivantes aupr\u00e8s de vous\u00a0:<\/div>\n<ol class=\"my-2\">\n<li class=\"ml-4 flex gap-2\">\n<div>\n<div class=\"rounded-full h-1 w-1 bg-primary-300 mt-&#091;10px&#093;\"><\/div>\n<\/div>\n<div class=\"\"><strong>Informations personnelles:<\/strong>\u00a0Lorsque vous utilisez notre plugin, nous pouvons collecter des informations personnelles telles que votre nom, votre adresse e-mail et votre num\u00e9ro de t\u00e9l\u00e9phone.<\/div>\n<\/li>\n<li class=\"ml-4 flex gap-2\">\n<div>\n<div class=\"rounded-full h-1 w-1 bg-primary-300 mt-&#091;10px&#093;\"><\/div>\n<\/div>\n<div class=\"\"><strong>Informations d&#039;utilisation\u00a0:<\/strong>\u00a0Nous pouvons collecter des informations sur la fa\u00e7on dont vous utilisez notre plugin, telles que les pages que vous visitez et les fonctionnalit\u00e9s que vous utilisez.<\/div>\n<\/li>\n<li class=\"ml-4 flex gap-2\">\n<div>\n<div class=\"rounded-full h-1 w-1 bg-primary-300 mt-&#091;10px&#093;\"><\/div>\n<\/div>\n<div class=\"\"><strong>Informations sur l&#039;appareil\u00a0:<\/strong>\u00a0Nous pouvons collecter des informations sur l&#039;appareil que vous utilisez pour acc\u00e9der \u00e0 notre Plugin, telles que votre adresse IP, le type de navigateur et le syst\u00e8me d&#039;exploitation.<\/div>\n<\/li>\n<\/ol>\n<div class=\"\"><strong>Comment nous utilisons les informations<\/strong><\/div>\n<div class=\"\">Nous pouvons utiliser les informations que nous recueillons aux fins suivantes :<\/div>\n<ol class=\"my-2\">\n<li class=\"ml-4 flex gap-2\">\n<div>\n<div class=\"rounded-full h-1 w-1 bg-primary-300 mt-&#091;10px&#093;\"><\/div>\n<\/div>\n<div class=\"\">Pour fournir et maintenir notre Plugin.<\/div>\n<\/li>\n<li class=\"ml-4 flex gap-2\">\n<div>\n<div class=\"rounded-full h-1 w-1 bg-primary-300 mt-&#091;10px&#093;\"><\/div>\n<\/div>\n<div class=\"\">Pour am\u00e9liorer notre plugin et d\u00e9velopper de nouvelles fonctionnalit\u00e9s.<\/div>\n<\/li>\n<li class=\"ml-4 flex gap-2\">\n<div>\n<div class=\"rounded-full h-1 w-1 bg-primary-300 mt-&#091;10px&#093;\"><\/div>\n<\/div>\n<div class=\"\">Pour communiquer avec vous \u00e0 propos de notre plugin, y compris les mises \u00e0 jour et les promotions.<\/div>\n<\/li>\n<li class=\"ml-4 flex gap-2\">\n<div>\n<div class=\"rounded-full h-1 w-1 bg-primary-300 mt-&#091;10px&#093;\"><\/div>\n<\/div>\n<div class=\"\">Pour prot\u00e9ger nos droits et int\u00e9r\u00eats, par exemple en cas de litige.<\/div>\n<\/li>\n<\/ol>\n<div class=\"\"><strong>Comment nous partageons les informations<\/strong><\/div>\n<div class=\"\">Nous pouvons partager les informations que nous collectons avec les parties suivantes\u00a0:<\/div>\n<ol class=\"my-2\">\n<li class=\"ml-4 flex gap-2\">\n<div>\n<div class=\"rounded-full h-1 w-1 bg-primary-300 mt-&#091;10px&#093;\"><\/div>\n<\/div>\n<div class=\"\"><strong>Les fournisseurs de services:<\/strong>\u00a0Nous pouvons partager des informations avec des fournisseurs de services tiers qui nous aident \u00e0 fournir et \u00e0 maintenir notre Plugin.<\/div>\n<\/li>\n<li class=\"ml-4 flex gap-2\">\n<div>\n<div class=\"rounded-full h-1 w-1 bg-primary-300 mt-&#091;10px&#093;\"><\/div>\n<\/div>\n<div class=\"\"><strong>Obligations l\u00e9gales:<\/strong>\u00a0Nous pouvons partager des informations si la loi l&#039;exige ou en r\u00e9ponse \u00e0 une demande l\u00e9gale.<\/div>\n<\/li>\n<li class=\"ml-4 flex gap-2\">\n<div>\n<div class=\"rounded-full h-1 w-1 bg-primary-300 mt-&#091;10px&#093;\"><\/div>\n<\/div>\n<div class=\"\"><strong>Transferts d&#039;entreprise\u00a0:<\/strong>\u00a0Nous pouvons partager des informations dans le cadre d&#039;une transaction commerciale, telle qu&#039;une fusion ou une acquisition.<\/div>\n<\/li>\n<\/ol>\n<div class=\"\"><strong>Vos choix<\/strong><\/div>\n<div class=\"\">Vous pouvez choisir de ne pas nous fournir certaines informations, mais cela peut limiter votre capacit\u00e9 \u00e0 utiliser certaines fonctionnalit\u00e9s de notre Plugin.<\/div>\n<div class=\"\"><strong>S\u00e9curit\u00e9<\/strong><\/div>\n<div class=\"\">Nous prenons des mesures raisonnables pour prot\u00e9ger les informations que nous collectons contre tout acc\u00e8s ou divulgation non autoris\u00e9s.<\/div>\n<div class=\"\"><strong>Modifications de cette politique de confidentialit\u00e9<\/strong><\/div>\n<div class=\"\">Nous pouvons mettre \u00e0 jour cette politique de confidentialit\u00e9 de temps \u00e0 autre. Nous vous informerons de tout changement en publiant la nouvelle politique de confidentialit\u00e9 sur notre site Web.<\/div>\n<div class=\"\"><strong>Contactez-nous<\/strong><\/div>\n<div class=\"\">Si vous avez des questions sur cette politique de confidentialit\u00e9, veuillez <a href=\"https:\/\/taxiwordpress.com\/fr\/contactez-nous\/\">Contactez-nous<\/a>.<\/div>\n\n\t\t<\/div>\n\t<\/div>\n<div class=\"vc_empty_space\"   style=\"height: 32px\"><span class=\"vc_empty_space_inner\"><\/span><\/div><\/div><\/div><\/div><\/div><\/div><\/section>\n<\/div>","protected":false},"excerpt":{"rendered":"Politique de confidentialit\u00e9 Cette politique de confidentialit\u00e9 d\u00e9crit la mani\u00e8re dont nous collectons, utilisons et divulguons des informations lorsque vous utilisez notre plugin Taxi WordPress (le \u00ab\u00a0Plugin\u00a0\u00bb). Informations que nous collectons Nous pouvons collecter les informations suivantes aupr\u00e8s de vous : Informations personnelles : lorsque vous utilisez notre plugin, nous pouvons collecter des informations personnelles telles que votre nom, votre adresse e-mail et votre num\u00e9ro de t\u00e9l\u00e9phone. Informations d&#039;utilisation\u00a0: Nous [...]","protected":false},"author":1,"featured_media":0,"parent":0,"menu_order":0,"comment_status":"closed","ping_status":"closed","template":"","meta":{"om_disable_all_campaigns":false,"footnotes":""},"class_list":["post-2125","page","type-page","status-publish","hentry"],"_links":{"self":[{"href":"https:\/\/taxiwordpress.com\/fr\/wp-json\/wp\/v2\/pages\/2125","targetHints":{"allow":["GET"]}}],"collection":[{"href":"https:\/\/taxiwordpress.com\/fr\/wp-json\/wp\/v2\/pages"}],"about":[{"href":"https:\/\/taxiwordpress.com\/fr\/wp-json\/wp\/v2\/types\/page"}],"author":[{"embeddable":true,"href":"https:\/\/taxiwordpress.com\/fr\/wp-json\/wp\/v2\/users\/1"}],"replies":[{"embeddable":true,"href":"https:\/\/taxiwordpress.com\/fr\/wp-json\/wp\/v2\/comments?post=2125"}],"version-history":[{"count":0,"href":"https:\/\/taxiwordpress.com\/fr\/wp-json\/wp\/v2\/pages\/2125\/revisions"}],"wp:attachment":[{"href":"https:\/\/taxiwordpress.com\/fr\/wp-json\/wp\/v2\/media?parent=2125"}],"curies":[{"name":"wp","href":"https:\/\/api.w.org\/{rel}","templated":true}]}}