{"id":2135,"date":"2023-05-04T19:40:58","date_gmt":"2023-05-04T18:40:58","guid":{"rendered":"https:\/\/taxiwordpress.com\/?page_id=2135"},"modified":"2025-10-07T19:36:30","modified_gmt":"2025-10-07T18:36:30","slug":"acheter-acheter","status":"publish","type":"page","link":"https:\/\/taxiwordpress.com\/fr\/acheter-acheter\/","title":{"rendered":"Acheter \/ Acheter"},"content":{"rendered":"<div class=\"wpb-content-wrapper\"><section class=\"wpb_row vc_row-fluid vc_custom_1759862188194\"><div class=\"container\"><div class=\"vc_row\"><div class=\"wpb_column vc_column_container vc_col-sm-8\"><div class=\"vc_column-inner vc_custom_1759862150004\"><div class=\"wpb_wrapper\"><div class=\"vc_empty_space\"   style=\"height: 32px\"><span class=\"vc_empty_space_inner\"><\/span><\/div>\n    <div class=\"section-head\">\n                <h2 class=\"section-title\">Processus de paiement<\/h2>\n            <\/div>\n\n<div class=\"vc_empty_space\"   style=\"height: 32px\"><span class=\"vc_empty_space_inner\"><\/span><\/div>\n\t<div class=\"wpb_raw_code wpb_raw_html wpb_content_element vc_custom_1759862108890\" >\n\t\t<div class=\"wpb_wrapper\">\n\t\t\t<script src=\"https:\/\/app.taxiwordpress.com\/iframe-resizer\/iframeResizer.min.js\"><\/script><iframe loading=\"lazy\" id=\"myIframe\" src=\"https:\/\/app.taxiwordpress.com\/registration\/new_customer.php\" width=\"100%\" min-width=\"100%\" height=\"1800px\" frameborder=\"0\" scrolling=\"no\"><\/iframe><script>iFrameResize({ log: true }, '#myIframe')<\/script>\n\n\t\t<\/div>\n\t<\/div>\n<\/div><\/div><\/div><div class=\"wpb_column vc_column_container vc_col-sm-4\"><div class=\"vc_column-inner\"><div class=\"wpb_wrapper\"><div class=\"vc_empty_space\"   style=\"height: 32px\"><span class=\"vc_empty_space_inner\"><\/span><\/div>\n    <div class=\"section-head\">\n                <h2 class=\"section-title\">Paiement s\u00e9curis\u00e9<\/h2>\n            <\/div>\n\n\n\t<div class=\"wpb_text_column wpb_content_element\" >\n\t\t<div class=\"wpb_wrapper\">\n\t\t\t<p>Notre int\u00e9gration PayPal garantit que votre paiement est trait\u00e9 de mani\u00e8re s\u00e9curis\u00e9e et efficace, vous offrant une tranquillit\u00e9 d&#039;esprit pendant le processus de paiement.<\/p>\n\n\t\t<\/div>\n\t<\/div>\n\n\t<div  class=\"wpb_single_image wpb_content_element vc_align_center wpb_content_element\">\n\t\t\n\t\t<figure class=\"wpb_wrapper vc_figure\">\n\t\t\t<div class=\"vc_single_image-wrapper   vc_box_border_grey\"><img loading=\"lazy\" decoding=\"async\" width=\"302\" height=\"92\" src=\"https:\/\/taxiwordpress.com\/wp-content\/uploads\/2023\/05\/paypal_secure_payment.png\" class=\"vc_single_image-img attachment-full\" alt=\"paypal_secure_payment\" title=\"paypal_secure_payment\" srcset=\"https:\/\/taxiwordpress.com\/wp-content\/uploads\/2023\/05\/paypal_secure_payment.png 302w, https:\/\/taxiwordpress.com\/wp-content\/uploads\/2023\/05\/paypal_secure_payment-300x91.png 300w\" sizes=\"auto, (max-width: 302px) 100vw, 302px\" \/><\/div>\n\t\t<\/figure>\n\t<\/div>\n<div class=\"vc_empty_space\"   style=\"height: 32px\"><span class=\"vc_empty_space_inner\"><\/span><\/div>\n    <div class=\"section-head\">\n                <h2 class=\"section-title\">Remplissez le formulaire avec des donn\u00e9es exactes pour configurer votre entreprise<\/h2>\n            <\/div>\n\n\n\t<div class=\"wpb_text_column wpb_content_element\" >\n\t\t<div class=\"wpb_wrapper\">\n\t\t\t<div class=\"flex-grow py-4 rounded-lg flex flex-col gap-4 overflow-y-auto\">\n<div>\n<div class=\"flex-grow lg:max-w-&#091;70%&#093; max-w-&#091;90%&#093; flex gap-2 w-full justify-start items-end\">\n<div class=\"bg-primary-650 text-white rounded-2xl py-2 px-3\">\n<div class=\"flex flex-col gap-2\">\n<div class=\"\">Pour cr\u00e9er votre entreprise et commencer \u00e0 utiliser nos services, il est important que vous fournissiez des informations exactes dans le formulaire. Si vous \u00eates un revendeur ou un d\u00e9veloppeur Web, vous pouvez utiliser vos informations personnelles pour le moment et les mettre \u00e0 jour ult\u00e9rieurement dans le panneau de configuration sous l&#039;onglet Entreprise.<\/div>\n<div class=\"\">Cependant, il est essentiel que vous fournissiez les donn\u00e9es de localisation r\u00e9elles de votre entreprise pour vous assurer que vos services sont correctement configur\u00e9s. Cela inclut votre adresse professionnelle, votre num\u00e9ro de t\u00e9l\u00e9phone et d&#039;autres d\u00e9tails pertinents. En fournissant des informations pr\u00e9cises, vous pouvez nous aider \u00e0 cr\u00e9er un processus de configuration transparent et vous assurer que votre entreprise est op\u00e9rationnelle en un rien de temps.<\/div>\n<div class=\"\">Merci de votre coop\u00e9ration en fournissant des informations pr\u00e9cises pour nous aider \u00e0 mieux vous servir.<\/div>\n<\/div>\n<\/div>\n<\/div>\n<\/div>\n<div><\/div>\n<\/div>\n<div class=\"pt-4\"><\/div>\n\n\t\t<\/div>\n\t<\/div>\n<\/div><\/div><\/div><\/div><\/div><\/section>\n<\/div>","protected":false},"excerpt":{"rendered":"Processus de paiement Paiement s\u00e9curis\u00e9 Notre int\u00e9gration PayPal garantit que votre paiement est trait\u00e9 de mani\u00e8re s\u00e9curis\u00e9e et efficace, vous offrant ainsi une tranquillit\u00e9 d&#039;esprit pendant le processus de paiement. Remplissez le formulaire avec des donn\u00e9es pr\u00e9cises pour cr\u00e9er votre entreprise Pour cr\u00e9er votre entreprise et commencer \u00e0 utiliser nos services, il est important que vous fournissiez des informations pr\u00e9cises dans le formulaire. [...]","protected":false},"author":1,"featured_media":0,"parent":0,"menu_order":0,"comment_status":"closed","ping_status":"closed","template":"","meta":{"om_disable_all_campaigns":false,"footnotes":""},"class_list":["post-2135","page","type-page","status-publish","hentry"],"_links":{"self":[{"href":"https:\/\/taxiwordpress.com\/fr\/wp-json\/wp\/v2\/pages\/2135","targetHints":{"allow":["GET"]}}],"collection":[{"href":"https:\/\/taxiwordpress.com\/fr\/wp-json\/wp\/v2\/pages"}],"about":[{"href":"https:\/\/taxiwordpress.com\/fr\/wp-json\/wp\/v2\/types\/page"}],"author":[{"embeddable":true,"href":"https:\/\/taxiwordpress.com\/fr\/wp-json\/wp\/v2\/users\/1"}],"replies":[{"embeddable":true,"href":"https:\/\/taxiwordpress.com\/fr\/wp-json\/wp\/v2\/comments?post=2135"}],"version-history":[{"count":5,"href":"https:\/\/taxiwordpress.com\/fr\/wp-json\/wp\/v2\/pages\/2135\/revisions"}],"predecessor-version":[{"id":2412,"href":"https:\/\/taxiwordpress.com\/fr\/wp-json\/wp\/v2\/pages\/2135\/revisions\/2412"}],"wp:attachment":[{"href":"https:\/\/taxiwordpress.com\/fr\/wp-json\/wp\/v2\/media?parent=2135"}],"curies":[{"name":"wp","href":"https:\/\/api.w.org\/{rel}","templated":true}]}}