{"id":2146,"date":"2023-05-06T07:56:51","date_gmt":"2023-05-06T06:56:51","guid":{"rendered":"https:\/\/taxiwordpress.com\/?page_id=2146"},"modified":"2023-05-13T16:47:51","modified_gmt":"2023-05-13T15:47:51","slug":"tarification","status":"publish","type":"page","link":"https:\/\/taxiwordpress.com\/fr\/tarification\/","title":{"rendered":"Tarification"},"content":{"rendered":"<div class=\"wpb-content-wrapper\"><section class=\"wpb_row vc_row-fluid\"><div class=\"container\"><div class=\"vc_row\"><div class=\"wpb_column vc_column_container vc_col-sm-12\"><div class=\"vc_column-inner vc_custom_1683361845543\"><div class=\"wpb_wrapper\">\n    <div class=\"section-head\">\n                <h2 class=\"section-title\">Tableau des prix<\/h2>\n            <\/div>\n\n\n\t<div class=\"wpb_text_column wpb_content_element\" >\n\t\t<div class=\"wpb_wrapper\">\n\t\t\t<div id=\"rpt_pricr\" class=\"rpt_plans rpt_3_plans rpt_style_basic\"><div class=\"\"><div class=\"rpt_plan  rpt_plugin_f rpt_plan_0\"><div style=\"text-align:center;\" class=\"rpt_title rpt_title_0\">Bronze<\/div><div class=\"rpt_head rpt_head_0\"><div class=\"rpt_recurrence rpt_recurrence_0\">Cotisation annuelle 49 \u00a3<\/div><div class=\"rpt_price rpt_price_0\">99 \u00a3<\/div><div style=\"color:#dd9933;\" class=\"rpt_subtitle rpt_subtitle_0\">Licence de logiciel<\/div><div class=\"rpt_description rpt_description_0\">Passerelle de paiement Paypal uniquement<\/div><\/div><div class=\"rpt_custom_btn\" style=\"background-color:#dd9933\"><a target=\"_self\" href=\"\/fr\/acheter-acheter\/\" style=\"background:#dd9933;\" class=\"rpt_foot rpt_foot_0\">Achat<\/a><\/div><\/div><div class=\"rpt_plan  rpt_plugin_f rpt_plan_1 rpt_recommended_plan\"><div style=\"text-align:center;\" class=\"rpt_title rpt_title_1\">Argent<img decoding=\"async\" style=\"height:30px !important; width:30px !important;\" class=\"rpt_recommended\" src=\"https:\/\/taxiwordpress.com\/wp-content\/plugins\/dk-pricr-responsive-pricing-table\/inc\/img\/rpt_recommended.png\"\/><\/div><div class=\"rpt_head rpt_head_1\"><div class=\"rpt_recurrence rpt_recurrence_1\">Cotisation annuelle 99 \u00a3<\/div><div class=\"rpt_price rpt_price_1\">149 \u00a3<\/div><div style=\"color:#f26522;\" class=\"rpt_subtitle rpt_subtitle_1\">Licence de logiciel<\/div><div class=\"rpt_description rpt_description_1\">Avec la passerelle de paiement Stripe<\/div><\/div><div class=\"rpt_custom_btn\" style=\"background-color:#f26522\"><a target=\"_self\" href=\"#\" style=\"background:#f26522\" class=\"rpt_foot rpt_foot_0\">Bient\u00f4t<\/a><\/div><\/div><div class=\"rpt_plan  rpt_plugin_f rpt_plan_2\"><div style=\"text-align:center;\" class=\"rpt_title rpt_title_2\">Or<\/div><div class=\"rpt_head rpt_head_2\"><div class=\"rpt_recurrence rpt_recurrence_2\">Cotisation annuelle 149 \u00a3<\/div><div class=\"rpt_price rpt_price_2\">250 \u00a3<\/div><div style=\"color:#dd9933;\" class=\"rpt_subtitle rpt_subtitle_2\">Licence de logiciel<\/div><div class=\"rpt_description rpt_description_2\">Avec Stripe &amp; Site Web<\/div><\/div><div class=\"rpt_custom_btn\" style=\"background-color:#dd9933\"><a target=\"_self\" href=\"#\" style=\"background:#dd9933\" class=\"rpt_foot rpt_foot_0\">Bient\u00f4t<\/a><\/div><\/div><\/div><\/div><div style=\"clear:both;\"><\/div>\n\n\t\t<\/div>\n\t<\/div>\n<div class=\"vc_empty_space\"   style=\"height: 32px\"><span class=\"vc_empty_space_inner\"><\/span><\/div><\/div><\/div><\/div><\/div><\/div><\/section><section id=\"faq\" class=\"wpb_row vc_row-fluid\"><div class=\"container\"><div class=\"vc_row\"><div class=\"wpb_column vc_column_container vc_col-sm-12\"><div class=\"vc_column-inner\"><div class=\"wpb_wrapper\"><div class=\"vc_empty_space\"   style=\"height: 32px\"><span class=\"vc_empty_space_inner\"><\/span><\/div>\n    <div class=\"section-head\">\n                    <h6><span>FAQ&#039;s - Cliquez sur les questions pour voir les r\u00e9ponses<\/span><\/h6>\n                <h2 class=\"section-title\">Foire aux questions<\/h2>\n            <\/div>\n\n<div class=\"vc_empty_space\"   style=\"height: 32px\"><span class=\"vc_empty_space_inner\"><\/span><\/div><div  class=\"vc_do_toggle vc_toggle vc_toggle_default vc_toggle_color_default  vc_toggle_size_md\"><div class=\"vc_toggle_title\"><h4>Pourquoi dois-je payer des frais annuels?<\/h4><i class=\"vc_toggle_icon\"><\/i><\/div><div class=\"vc_toggle_content\"><p>La raison pour laquelle vous devez payer des frais annuels pour un plugin cloud pour WordPress est que le plugin n\u00e9cessite une maintenance et une assistance continues pour le maintenir \u00e0 jour et fonctionner correctement. Cela inclut des mises \u00e0 jour r\u00e9guli\u00e8res pour assurer la compatibilit\u00e9 avec les derni\u00e8res versions de WordPress, des correctifs de s\u00e9curit\u00e9 pour se prot\u00e9ger contre les vuln\u00e9rabilit\u00e9s et un support technique pour vous aider \u00e0 r\u00e9soudre les probl\u00e8mes que vous pourriez rencontrer. De plus, les frais annuels peuvent \u00e9galement couvrir le co\u00fbt des services d&#039;h\u00e9bergement cloud utilis\u00e9s par le plug-in pour stocker et g\u00e9rer les donn\u00e9es de votre site Web. Par cons\u00e9quent, le paiement d&#039;une redevance annuelle garantit que vous b\u00e9n\u00e9ficiez d&#039;une assistance, d&#039;une maintenance et d&#039;un acc\u00e8s continus aux derni\u00e8res fonctionnalit\u00e9s et mises \u00e0 jour du plug-in.<\/p>\n<\/div><\/div><div  class=\"vc_do_toggle vc_toggle vc_toggle_default vc_toggle_color_default  vc_toggle_size_md\"><div class=\"vc_toggle_title\"><h4>Quelles sont les fonctionnalit\u00e9s du plugin ?<\/h4><i class=\"vc_toggle_icon\"><\/i><\/div><div class=\"vc_toggle_content\"><div class=\"\">Notre logiciel regorge de fonctionnalit\u00e9s qui vous aideront \u00e0 rationaliser vos op\u00e9rations, \u00e0 am\u00e9liorer la satisfaction de vos clients et \u00e0 d\u00e9velopper votre entreprise. Voici ce \u00e0 quoi vous pouvez vous attendre\u00a0:<\/div>\n<div class=\"\">Bas\u00e9 sur Google A to B avec des arr\u00eats Way\u00a0: notre logiciel utilise Google Maps pour calculer le meilleur itin\u00e9raire pour vos clients, y compris les arr\u00eats qu&#039;ils peuvent avoir \u00e0 faire en cours de route.<\/div>\n<div>\n<div class=\"rounded-full h-1 w-1 bg-primary-300 mt-&#091;10px&#093;\"><\/div>\n<\/div>\n<div class=\"\">Recevez des r\u00e9servations \/ r\u00e9servations directes\u00a0: les clients peuvent r\u00e9server un taxi directement via votre site Web ou votre application mobile, sans avoir besoin d&#039;appels t\u00e9l\u00e9phoniques ou d&#039;e-mails.<\/div>\n<div>\n<div class=\"rounded-full h-1 w-1 bg-primary-300 mt-&#091;10px&#093;\"><\/div>\n<\/div>\n<div class=\"\">Devis tarifaire imm\u00e9diat : Notre logiciel peut fournir un devis tarifaire instantan\u00e9 en fonction de la distance et de l&#039;heure de la journ\u00e9e.<\/div>\n<div>\n<div class=\"rounded-full h-1 w-1 bg-primary-300 mt-&#091;10px&#093;\"><\/div>\n<\/div>\n<div class=\"\">Configuration de la tarification des v\u00e9hicules\u00a0: vous pouvez configurer diff\u00e9rents niveaux de tarification pour diff\u00e9rents types de v\u00e9hicules, tels que les voitures de luxe ou les camionnettes.<\/div>\n<div>\n<div class=\"rounded-full h-1 w-1 bg-primary-300 mt-&#091;10px&#093;\"><\/div>\n<\/div>\n<div class=\"\">Images d&#039;en-t\u00eate et de pied de page\u00a0: personnalisez votre page de r\u00e9servation avec votre propre marque et vos propres images.<\/div>\n<div>\n<div class=\"rounded-full h-1 w-1 bg-primary-300 mt-&#091;10px&#093;\"><\/div>\n<\/div>\n<div class=\"\">Mod\u00e8le d&#039;e-mail\u00a0: envoyez des e-mails automatis\u00e9s aux clients confirmant leur r\u00e9servation et fournissant tous les d\u00e9tails dont ils ont besoin.<\/div>\n<div>\n<div class=\"rounded-full h-1 w-1 bg-primary-300 mt-&#091;10px&#093;\"><\/div>\n<\/div>\n<div class=\"\">Multilingue : Notre logiciel prend en charge plusieurs langues, vous pouvez donc r\u00e9pondre aux clients du monde entier.<\/div>\n<div>\n<div class=\"rounded-full h-1 w-1 bg-primary-300 mt-&#091;10px&#093;\"><\/div>\n<\/div>\n<div class=\"\">Attribuer un chauffeur \u00e0 la r\u00e9servation : Attribuez un chauffeur sp\u00e9cifique \u00e0 une r\u00e9servation pour assurer une prise en charge et un retour en douceur.<\/div>\n<div>\n<div class=\"rounded-full h-1 w-1 bg-primary-300 mt-&#091;10px&#093;\"><\/div>\n<\/div>\n<div class=\"\">Attribuer une voiture \u00e0 une r\u00e9servation : Attribuez une voiture sp\u00e9cifique \u00e0 une r\u00e9servation pour vous assurer que le client obtient le type de v\u00e9hicule dont il a besoin.<\/div>\n<div>\n<div class=\"rounded-full h-1 w-1 bg-primary-300 mt-&#091;10px&#093;\"><\/div>\n<\/div>\n<div class=\"\">T\u00e9l\u00e9chargez les images de votre flotte\u00a0: t\u00e9l\u00e9chargez des images de votre flotte pour montrer aux clients les v\u00e9hicules parmi lesquels ils peuvent choisir.<\/div>\n<div>\n<div class=\"rounded-full h-1 w-1 bg-primary-300 mt-&#091;10px&#093;\"><\/div>\n<\/div>\n<div class=\"\">Comptes d&#039;entreprise\u00a0: cr\u00e9ez des comptes d&#039;entreprise pour les entreprises qui utilisent r\u00e9guli\u00e8rement votre service de taxi.<\/div>\n<div>\n<div class=\"rounded-full h-1 w-1 bg-primary-300 mt-&#091;10px&#093;\"><\/div>\n<\/div>\n<div class=\"\">Contr\u00f4le CSS\u00a0: personnalisez l&#039;apparence de votre page de r\u00e9servation \u00e0 l&#039;aide de CSS.<\/div>\n<div>\n<div class=\"rounded-full h-1 w-1 bg-primary-300 mt-&#091;10px&#093;\"><\/div>\n<\/div>\n<div class=\"\">Facturation aux clients\u00a0: g\u00e9n\u00e9rez et envoyez automatiquement des factures aux clients.<\/div>\n<div>\n<div class=\"rounded-full h-1 w-1 bg-primary-300 mt-&#091;10px&#093;\"><\/div>\n<\/div>\n<div class=\"\">Facturation aux chauffeurs\u00a0: g\u00e9n\u00e9rez et envoyez automatiquement des factures aux chauffeurs.<\/div>\n<div>\n<div class=\"rounded-full h-1 w-1 bg-primary-300 mt-&#091;10px&#093;\"><\/div>\n<\/div>\n<div class=\"\">Prix aller simple : configurez les tarifs pour les allers simples.<\/div>\n<div>\n<div class=\"rounded-full h-1 w-1 bg-primary-300 mt-&#091;10px&#093;\"><\/div>\n<\/div>\n<div class=\"\">Prix aller-retour\u00a0: configurez la tarification des trajets aller-retour.<\/div>\n<div>\n<div class=\"rounded-full h-1 w-1 bg-primary-300 mt-&#091;10px&#093;\"><\/div>\n<\/div>\n<div class=\"\">Frais permanents\u00a0: \u00e9tablissez des frais permanents pour le temps d&#039;attente.<\/div>\n<div>\n<div class=\"rounded-full h-1 w-1 bg-primary-300 mt-&#091;10px&#093;\"><\/div>\n<\/div>\n<div class=\"\">Prix de la base \u00e0 la prise en charge\u00a0: \u00e9tablissez un prix de base pour la prise en charge des passagers.<\/div>\n<div>\n<div class=\"rounded-full h-1 w-1 bg-primary-300 mt-&#091;10px&#093;\"><\/div>\n<\/div>\n<div class=\"\">Prix du d\u00e9p\u00f4t \u00e0 la base\u00a0: \u00e9tablissez un prix de base pour le d\u00e9p\u00f4t des passagers.<\/div>\n<div>\n<div class=\"rounded-full h-1 w-1 bg-primary-300 mt-&#091;10px&#093;\"><\/div>\n<\/div>\n<div class=\"\">Prix minimum : D\u00e9finissez un prix minimum pour chaque voyage.<\/div>\n<div>\n<div class=\"rounded-full h-1 w-1 bg-primary-300 mt-&#091;10px&#093;\"><\/div>\n<\/div>\n<div class=\"\">Prix Meet &amp; Greet: D\u00e9finissez un prix pour les services de rencontre et d&#039;accueil.<\/div>\n<div>\n<div class=\"rounded-full h-1 w-1 bg-primary-300 mt-&#091;10px&#093;\"><\/div>\n<\/div>\n<div class=\"\">Prix des si\u00e8ges b\u00e9b\u00e9 : \u00c9tablissez un prix pour les si\u00e8ges b\u00e9b\u00e9.<\/div>\n<div>\n<div class=\"rounded-full h-1 w-1 bg-primary-300 mt-&#091;10px&#093;\"><\/div>\n<\/div>\n<div class=\"\">Prix du si\u00e8ge d&#039;appoint\u00a0: \u00e9tablissez un prix pour les si\u00e8ges d&#039;appoint.<\/div>\n<div>\n<div class=\"rounded-full h-1 w-1 bg-primary-300 mt-&#091;10px&#093;\"><\/div>\n<\/div>\n<div class=\"\">Dates sp\u00e9ciales\u00a0: configurez des tarifs sp\u00e9ciaux pour les jours f\u00e9ri\u00e9s et autres dates sp\u00e9ciales.<\/div>\n<div>\n<div class=\"rounded-full h-1 w-1 bg-primary-300 mt-&#091;10px&#093;\"><\/div>\n<\/div>\n<div class=\"\">Frais de passager\u00a0: \u00e9tablissez des frais pour les passagers suppl\u00e9mentaires.<\/div>\n<div>\n<div class=\"rounded-full h-1 w-1 bg-primary-300 mt-&#091;10px&#093;\"><\/div>\n<\/div>\n<div class=\"\">Frais pour les animaux de compagnie\u00a0: \u00e9tablissez des frais pour les animaux de compagnie.<\/div>\n<div>\n<div class=\"rounded-full h-1 w-1 bg-primary-300 mt-&#091;10px&#093;\"><\/div>\n<\/div>\n<div class=\"\">Tarification d&#039;attente des chauffeurs par minute\u00a0: configurez la tarification du temps d&#039;attente des chauffeurs.<\/div>\n<div>\n<div class=\"rounded-full h-1 w-1 bg-primary-300 mt-&#091;10px&#093;\"><\/div>\n<\/div>\n<div class=\"\">Frais de bagages suppl\u00e9mentaires\u00a0: \u00e9tablissez des frais pour les bagages suppl\u00e9mentaires.<\/div>\n<div>\n<div class=\"rounded-full h-1 w-1 bg-primary-300 mt-&#091;10px&#093;\"><\/div>\n<\/div>\n<div class=\"\">Tarif horaire\u00a0: configurez la tarification des trajets horaires.<\/div>\n<div>\n<div class=\"rounded-full h-1 w-1 bg-primary-300 mt-&#091;10px&#093;\"><\/div>\n<\/div>\n<div class=\"\">Paiement par carte de cr\u00e9dit et de d\u00e9bit\u00a0: acceptez les paiements par cartes de cr\u00e9dit et de d\u00e9bit.<\/div>\n<div>\n<div class=\"rounded-full h-1 w-1 bg-primary-300 mt-&#091;10px&#093;\"><\/div>\n<\/div>\n<div class=\"\">Passerelle PayPal\u00a0: acceptez les paiements via PayPal.<\/div>\n<\/div><\/div><div  class=\"vc_do_toggle vc_toggle vc_toggle_default vc_toggle_color_default  vc_toggle_size_md\"><div class=\"vc_toggle_title\"><h4>Ce plugin peut-il \u00eatre impl\u00e9ment\u00e9 dans Wix ?<\/h4><i class=\"vc_toggle_icon\"><\/i><\/div><div class=\"vc_toggle_content\"><p>Oui, notre plugin cloud pour WordPress peut fonctionner avec tout type de site Web, y compris Wix. En effet, le processus de mise en \u0153uvre ne n\u00e9cessite que l&#039;int\u00e9gration d&#039;un code iframe sur votre site Web. Par cons\u00e9quent, vous pouvez facilement int\u00e9grer notre plugin dans votre site Web Wix en suivant les \u00e9tapes simples d&#039;int\u00e9gration du code iframe.<\/p>\n<\/div><\/div><div  class=\"vc_do_toggle vc_toggle vc_toggle_default vc_toggle_color_default  vc_toggle_size_md\"><div class=\"vc_toggle_title\"><h4>Avez-vous une d\u00e9mo pour tester le logiciel ?<\/h4><i class=\"vc_toggle_icon\"><\/i><\/div><div class=\"vc_toggle_content\"><p>Malheureusement, nous n&#039;avons pas de d\u00e9mo d&#039;administration disponible pour tester le logiciel pour le moment. Cependant, nous avons fourni certains sites Web de clients dans le <a href=\"https:\/\/taxiwordpress.com\/fr\/demo\/\">onglet d\u00e9mo<\/a> et un aper\u00e7u vid\u00e9o du plugin complet que vous pouvez consulter pour avoir une meilleure id\u00e9e du fonctionnement du logiciel. Si vous avez des questions sp\u00e9cifiques sur le logiciel ou si vous souhaitez plus d&#039;informations, n&#039;h\u00e9sitez pas \u00e0 nous contacter.<\/p>\n<\/div><\/div><div  class=\"vc_do_toggle vc_toggle vc_toggle_default vc_toggle_color_default  vc_toggle_size_md\"><div class=\"vc_toggle_title\"><h4>Quel est le prix du plugin en euros ?<\/h4><i class=\"vc_toggle_icon\"><\/i><\/div><div class=\"vc_toggle_content\"><p>Si vous souhaitez conna\u00eetre le prix du plugin dans une devise autre que la livre, comme l&#039;euro, vous pouvez utiliser un outil de conversion de devise comme <a href=\"https:\/\/xe.com\" target=\"_blank\" rel=\"noopener\">xe.com<\/a> pour v\u00e9rifier les derniers taux de conversion. Convertissez simplement le prix du plugin de livres en euros en utilisant le taux de change actuel pour obtenir une estimation du co\u00fbt en euros. N&#039;oubliez pas que le montant exact peut varier en fonction du taux de change au moment de l&#039;achat.<\/p>\n<\/div><\/div><div  class=\"vc_do_toggle vc_toggle vc_toggle_default vc_toggle_color_default  vc_toggle_size_md\"><div class=\"vc_toggle_title\"><h4>Comment puis-je acc\u00e9der au panneau de contr\u00f4le\u00a0?<\/h4><i class=\"vc_toggle_icon\"><\/i><\/div><div class=\"vc_toggle_content\"><div class=\"\">Pour acc\u00e9der au panneau de contr\u00f4le du plugin taxi WordPress, veuillez suivre ces \u00e9tapes :<\/div>\n<ol class=\"my-2\">\n<li class=\"ml-4 flex gap-2\">1. Apr\u00e8s votre achat, vous recevrez un e-mail contenant un fichier zip.<\/li>\n<li class=\"ml-4 flex gap-2\">2. T\u00e9l\u00e9chargez le fichier zip dans l&#039;onglet plugins de votre administrateur WordPress.<\/li>\n<li class=\"ml-4 flex gap-2\">3. Une fois t\u00e9l\u00e9charg\u00e9, vous trouverez un &quot;Taxis WordPress Plugin&quot; dans le menu en haut \u00e0 gauche de votre administrateur WordPress.<\/li>\n<li class=\"ml-4 flex gap-2\">4. Cliquez sur le \u00ab Taxi WordPress Plugin \u00bb pour acc\u00e9der au sous-menu.<\/li>\n<li class=\"ml-4 flex gap-2\">5. Depuis le sous-menu, vous pouvez acc\u00e9der au panneau de contr\u00f4le et \u00e0 tous les codes n\u00e9cessaires pour mettre en \u0153uvre le formulaire de r\u00e9servation.<\/li>\n<\/ol>\n<\/div><\/div><div  class=\"vc_do_toggle vc_toggle vc_toggle_default vc_toggle_color_default  vc_toggle_size_md\"><div class=\"vc_toggle_title\"><h4>Avez-vous une vid\u00e9o pour voir comment le plugin fonctionne?<\/h4><i class=\"vc_toggle_icon\"><\/i><\/div><div class=\"vc_toggle_content\"><p>Oui, nous avons plusieurs vid\u00e9os disponibles qui montrent le fonctionnement de notre plugin. Ces vid\u00e9os fournissent des instructions \u00e9tape par \u00e9tape sur la fa\u00e7on d&#039;installer et d&#039;utiliser le plug-in, ainsi que sur ses fonctionnalit\u00e9s et ses capacit\u00e9s. Vous pouvez trouver ces vid\u00e9os sur notre site Web ou sur notre cha\u00eene YouTube. Nous vous recommandons vivement de regarder ces vid\u00e9os pour mieux comprendre comment notre plugin peut b\u00e9n\u00e9ficier \u00e0 votre site Web ou \u00e0 votre boutique en ligne.<\/p>\n<\/div><\/div><div  class=\"vc_do_toggle vc_toggle vc_toggle_default vc_toggle_color_default  vc_toggle_size_md\"><div class=\"vc_toggle_title\"><h4>Quelles sont les diff\u00e9rences entre le bronze, l&#039;argent et l&#039;or ?<\/h4><i class=\"vc_toggle_icon\"><\/i><\/div><div class=\"vc_toggle_content\"><p>Nos packs bronze, argent et or sont tous livr\u00e9s avec le m\u00eame plugin WordPress de taxi, mais il existe quelques diff\u00e9rences entre eux. Le pack argent comprend la passerelle de paiement Stripe, qui vous permet d&#039;accepter les paiements en ligne de vos clients. Le pack Gold comprend \u00e0 la fois la passerelle de paiement Stripe et un site Web, ce qui vous permet d&#039;avoir une pr\u00e9sence professionnelle en ligne pour votre entreprise de taxi. Avec le site Web, vous pouvez pr\u00e9senter vos services, fournir des informations sur votre entreprise et permettre aux clients de r\u00e9server des trajets en ligne. Donc, si vous cherchez une solution simple pour g\u00e9rer votre activit\u00e9 de taxi, le pack bronze est un excellent choix. Si vous souhaitez proposer des paiements en ligne \u00e0 vos clients, le pack argent est la solution. Et si vous voulez une pr\u00e9sence en ligne compl\u00e8te pour votre entreprise de taxi, le pack or est le choix parfait.<\/p>\n<\/div><\/div><div  class=\"vc_do_toggle vc_toggle vc_toggle_default vc_toggle_color_default  vc_toggle_size_md\"><div class=\"vc_toggle_title\"><h4>Apr\u00e8s l&#039;achat, que dois-je faire ?<\/h4><i class=\"vc_toggle_icon\"><\/i><\/div><div class=\"vc_toggle_content\"><ol class=\"my-2\">\n<li class=\"ml-4 flex gap-2\">1. Apr\u00e8s votre achat, vous recevrez un e-mail contenant un fichier zip.<\/li>\n<li class=\"ml-4 flex gap-2\">2. T\u00e9l\u00e9chargez le fichier zip dans l&#039;onglet plugins de votre administrateur WordPress.<\/li>\n<li class=\"ml-4 flex gap-2\">3. Une fois t\u00e9l\u00e9charg\u00e9, vous trouverez un &quot;Taxis WordPress Plugin&quot; dans le menu en haut \u00e0 gauche de votre administrateur WordPress.<\/li>\n<li class=\"ml-4 flex gap-2\">4. Cliquez sur le \u00ab Taxi WordPress Plugin \u00bb pour acc\u00e9der au sous-menu.<\/li>\n<li class=\"ml-4 flex gap-2\">5. Depuis le sous-menu, vous pouvez acc\u00e9der au panneau de contr\u00f4le et \u00e0 tous les codes n\u00e9cessaires pour mettre en \u0153uvre le formulaire de r\u00e9servation.<\/li>\n<\/ol>\n<\/div><\/div><\/div><\/div><\/div><\/div><\/div><\/section>\n<\/div>","protected":false},"excerpt":{"rendered":"","protected":false},"author":1,"featured_media":0,"parent":0,"menu_order":0,"comment_status":"closed","ping_status":"closed","template":"","meta":{"om_disable_all_campaigns":false,"footnotes":""},"class_list":["post-2146","page","type-page","status-publish","hentry"],"_links":{"self":[{"href":"https:\/\/taxiwordpress.com\/fr\/wp-json\/wp\/v2\/pages\/2146","targetHints":{"allow":["GET"]}}],"collection":[{"href":"https:\/\/taxiwordpress.com\/fr\/wp-json\/wp\/v2\/pages"}],"about":[{"href":"https:\/\/taxiwordpress.com\/fr\/wp-json\/wp\/v2\/types\/page"}],"author":[{"embeddable":true,"href":"https:\/\/taxiwordpress.com\/fr\/wp-json\/wp\/v2\/users\/1"}],"replies":[{"embeddable":true,"href":"https:\/\/taxiwordpress.com\/fr\/wp-json\/wp\/v2\/comments?post=2146"}],"version-history":[{"count":0,"href":"https:\/\/taxiwordpress.com\/fr\/wp-json\/wp\/v2\/pages\/2146\/revisions"}],"wp:attachment":[{"href":"https:\/\/taxiwordpress.com\/fr\/wp-json\/wp\/v2\/media?parent=2146"}],"curies":[{"name":"wp","href":"https:\/\/api.w.org\/{rel}","templated":true}]}}