{"id":2201,"date":"2023-05-06T12:17:56","date_gmt":"2023-05-06T11:17:56","guid":{"rendered":"https:\/\/taxiwordpress.com\/?page_id=2201"},"modified":"2024-10-13T23:39:47","modified_gmt":"2024-10-13T22:39:47","slug":"demo","status":"publish","type":"page","link":"https:\/\/taxiwordpress.com\/fr\/demo\/","title":{"rendered":"D\u00e9mo"},"content":{"rendered":"<div class=\"wpb-content-wrapper\"><section class=\"wpb_row vc_row-fluid vc_custom_1683372033137\"><div class=\"container\"><div class=\"vc_row\"><div class=\"wpb_column vc_column_container vc_col-sm-4\"><div class=\"vc_column-inner\"><div class=\"wpb_wrapper\">\n    <div class=\"career-box\">\n        <h5>Taxi de l&#039;a\u00e9roport Sky Ride<\/h5>\n        <div class=\"content-box\">\n            <p><img loading=\"lazy\" decoding=\"async\" class=\"alignnone size-medium wp-image-2213 aligncenter\" src=\"https:\/\/taxiwordpress.com\/wp-content\/uploads\/2023\/05\/sky_ride_airport_taxi-300x200.jpg\" alt=\"\" width=\"300\" height=\"200\" srcset=\"https:\/\/taxiwordpress.com\/wp-content\/uploads\/2023\/05\/sky_ride_airport_taxi-300x200.jpg 300w, https:\/\/taxiwordpress.com\/wp-content\/uploads\/2023\/05\/sky_ride_airport_taxi-1024x683.jpg 1024w, https:\/\/taxiwordpress.com\/wp-content\/uploads\/2023\/05\/sky_ride_airport_taxi-768x512.jpg 768w, https:\/\/taxiwordpress.com\/wp-content\/uploads\/2023\/05\/sky_ride_airport_taxi-750x500.jpg 750w, https:\/\/taxiwordpress.com\/wp-content\/uploads\/2023\/05\/sky_ride_airport_taxi.jpg 1200w\" sizes=\"auto, (max-width: 300px) 100vw, 300px\" \/><\/p>\n            <a class=\"btn\" href=\"https:\/\/skyrideairporttaxi.com\" target=\"_blank\" rel=\"noopener\">V\u00e9rifier le site Web<\/a>        <\/div>\n    <\/div>\n\n    <\/div><\/div><\/div><div class=\"wpb_column vc_column_container vc_col-sm-4\"><div class=\"vc_column-inner\"><div class=\"wpb_wrapper\">\n    <div class=\"career-box\">\n        <h5>Prestige Drive<\/h5>\n        <div class=\"content-box\">\n            <p><img loading=\"lazy\" decoding=\"async\" class=\"size-medium wp-image-2215 aligncenter\" src=\"https:\/\/taxiwordpress.com\/wp-content\/uploads\/2023\/05\/prestige_drive-300x200.jpg\" alt=\"\" width=\"300\" height=\"200\" srcset=\"https:\/\/taxiwordpress.com\/wp-content\/uploads\/2023\/05\/prestige_drive-300x200.jpg 300w, https:\/\/taxiwordpress.com\/wp-content\/uploads\/2023\/05\/prestige_drive-1024x683.jpg 1024w, https:\/\/taxiwordpress.com\/wp-content\/uploads\/2023\/05\/prestige_drive-768x512.jpg 768w, https:\/\/taxiwordpress.com\/wp-content\/uploads\/2023\/05\/prestige_drive-750x500.jpg 750w, https:\/\/taxiwordpress.com\/wp-content\/uploads\/2023\/05\/prestige_drive.jpg 1200w\" sizes=\"auto, (max-width: 300px) 100vw, 300px\" \/><\/p>\n            <a class=\"btn\" href=\"https:\/\/prestigedrivelimoservices.be\/\" target=\"_blank\" rel=\"noopener\">V\u00e9rifier le site Web<\/a>        <\/div>\n    <\/div>\n\n    <\/div><\/div><\/div><div class=\"wpb_column vc_column_container vc_col-sm-4\"><div class=\"vc_column-inner\"><div class=\"wpb_wrapper\">\n    <div class=\"career-box\">\n        <h5>A\u00e9roport d&#039;\u00c9dimbourg<\/h5>\n        <div class=\"content-box\">\n            <p><img loading=\"lazy\" decoding=\"async\" class=\"size-medium wp-image-2217 aligncenter\" src=\"https:\/\/taxiwordpress.com\/wp-content\/uploads\/2023\/05\/edinburgh_airport_transfer-300x200.jpg\" alt=\"\" width=\"300\" height=\"200\" srcset=\"https:\/\/taxiwordpress.com\/wp-content\/uploads\/2023\/05\/edinburgh_airport_transfer-300x200.jpg 300w, https:\/\/taxiwordpress.com\/wp-content\/uploads\/2023\/05\/edinburgh_airport_transfer-1024x683.jpg 1024w, https:\/\/taxiwordpress.com\/wp-content\/uploads\/2023\/05\/edinburgh_airport_transfer-768x512.jpg 768w, https:\/\/taxiwordpress.com\/wp-content\/uploads\/2023\/05\/edinburgh_airport_transfer-750x500.jpg 750w, https:\/\/taxiwordpress.com\/wp-content\/uploads\/2023\/05\/edinburgh_airport_transfer.jpg 1200w\" sizes=\"auto, (max-width: 300px) 100vw, 300px\" \/><\/p>\n            <a class=\"btn\" href=\"https:\/\/edinburghairporttransfer.co.uk\/\" target=\"_blank\" rel=\"noopener\">V\u00e9rifier le site Web<\/a>        <\/div>\n    <\/div>\n\n    <\/div><\/div><\/div><\/div><\/div><\/section><section class=\"wpb_row vc_row-fluid vc_custom_1683372033137\"><div class=\"container\"><div class=\"vc_row\"><div class=\"wpb_column vc_column_container vc_col-sm-4\"><div class=\"vc_column-inner\"><div class=\"wpb_wrapper\">\n    <div class=\"career-box\">\n        <h5>Taxi Salzbourg 24<\/h5>\n        <div class=\"content-box\">\n            <p><img loading=\"lazy\" decoding=\"async\" class=\"alignnone size-medium wp-image-2230\" src=\"https:\/\/taxiwordpress.com\/wp-content\/uploads\/2023\/05\/taxi_salzburg-300x200.jpg\" alt=\"\" width=\"300\" height=\"200\" srcset=\"https:\/\/taxiwordpress.com\/wp-content\/uploads\/2023\/05\/taxi_salzburg-300x200.jpg 300w, https:\/\/taxiwordpress.com\/wp-content\/uploads\/2023\/05\/taxi_salzburg-1024x683.jpg 1024w, https:\/\/taxiwordpress.com\/wp-content\/uploads\/2023\/05\/taxi_salzburg-768x512.jpg 768w, https:\/\/taxiwordpress.com\/wp-content\/uploads\/2023\/05\/taxi_salzburg-750x500.jpg 750w, https:\/\/taxiwordpress.com\/wp-content\/uploads\/2023\/05\/taxi_salzburg.jpg 1200w\" sizes=\"auto, (max-width: 300px) 100vw, 300px\" \/><\/p>\n            <a class=\"btn\" href=\"https:\/\/www.taxisalzburg24.eu\/\" target=\"_blank\" rel=\"noopener\">V\u00e9rifier le site Web<\/a>        <\/div>\n    <\/div>\n\n    <\/div><\/div><\/div><div class=\"wpb_column vc_column_container vc_col-sm-4\"><div class=\"vc_column-inner\"><div class=\"wpb_wrapper\">\n    <div class=\"career-box\">\n        <h5>Axis Travel Londres<\/h5>\n        <div class=\"content-box\">\n            <p><img loading=\"lazy\" decoding=\"async\" class=\"size-medium wp-image-2232 aligncenter\" src=\"https:\/\/taxiwordpress.com\/wp-content\/uploads\/2023\/05\/axia_london-300x200.jpg\" alt=\"\" width=\"300\" height=\"200\" srcset=\"https:\/\/taxiwordpress.com\/wp-content\/uploads\/2023\/05\/axia_london-300x200.jpg 300w, https:\/\/taxiwordpress.com\/wp-content\/uploads\/2023\/05\/axia_london-1024x683.jpg 1024w, https:\/\/taxiwordpress.com\/wp-content\/uploads\/2023\/05\/axia_london-768x512.jpg 768w, https:\/\/taxiwordpress.com\/wp-content\/uploads\/2023\/05\/axia_london-750x500.jpg 750w, https:\/\/taxiwordpress.com\/wp-content\/uploads\/2023\/05\/axia_london.jpg 1200w\" sizes=\"auto, (max-width: 300px) 100vw, 300px\" \/><\/p>\n            <a class=\"btn\" href=\"https:\/\/axialondon.com\/\" target=\"_blank\" rel=\"noopener\">V\u00e9rifier le site Web<\/a>        <\/div>\n    <\/div>\n\n    <\/div><\/div><\/div><div class=\"wpb_column vc_column_container vc_col-sm-4\"><div class=\"vc_column-inner\"><div class=\"wpb_wrapper\">\n    <div class=\"career-box\">\n        <h5>GF Chauffeurs<\/h5>\n        <div class=\"content-box\">\n            <p><img loading=\"lazy\" decoding=\"async\" class=\"size-medium wp-image-2225 aligncenter\" src=\"https:\/\/taxiwordpress.com\/wp-content\/uploads\/2023\/05\/gf-chauffeur-300x200.jpg\" alt=\"\" width=\"300\" height=\"200\" srcset=\"https:\/\/taxiwordpress.com\/wp-content\/uploads\/2023\/05\/gf-chauffeur-300x200.jpg 300w, https:\/\/taxiwordpress.com\/wp-content\/uploads\/2023\/05\/gf-chauffeur-1024x683.jpg 1024w, https:\/\/taxiwordpress.com\/wp-content\/uploads\/2023\/05\/gf-chauffeur-768x512.jpg 768w, https:\/\/taxiwordpress.com\/wp-content\/uploads\/2023\/05\/gf-chauffeur-750x500.jpg 750w, https:\/\/taxiwordpress.com\/wp-content\/uploads\/2023\/05\/gf-chauffeur.jpg 1200w\" sizes=\"auto, (max-width: 300px) 100vw, 300px\" \/><\/p>\n            <a class=\"btn\" href=\"https:\/\/gf-chauffeurs.com\/\" target=\"_blank\" rel=\"noopener\">V\u00e9rifier le site Web<\/a>        <\/div>\n    <\/div>\n\n    <\/div><\/div><\/div><\/div><\/div><\/section><section class=\"wpb_row vc_row-fluid vc_custom_1683372033137\"><div class=\"container\"><div class=\"vc_row\"><div class=\"wpb_column vc_column_container vc_col-sm-4\"><div class=\"vc_column-inner\"><div class=\"wpb_wrapper\">\n    <div class=\"career-box\">\n        <h5>Taxi a\u00e9roport Ohare<\/h5>\n        <div class=\"content-box\">\n            <p><img loading=\"lazy\" decoding=\"async\" class=\"size-medium wp-image-2222 aligncenter\" src=\"https:\/\/taxiwordpress.com\/wp-content\/uploads\/2023\/05\/airport_taxi_ohare-300x200.jpg\" alt=\"\" width=\"300\" height=\"200\" srcset=\"https:\/\/taxiwordpress.com\/wp-content\/uploads\/2023\/05\/airport_taxi_ohare-300x200.jpg 300w, https:\/\/taxiwordpress.com\/wp-content\/uploads\/2023\/05\/airport_taxi_ohare-1024x683.jpg 1024w, https:\/\/taxiwordpress.com\/wp-content\/uploads\/2023\/05\/airport_taxi_ohare-768x512.jpg 768w, https:\/\/taxiwordpress.com\/wp-content\/uploads\/2023\/05\/airport_taxi_ohare-750x500.jpg 750w, https:\/\/taxiwordpress.com\/wp-content\/uploads\/2023\/05\/airport_taxi_ohare.jpg 1200w\" sizes=\"auto, (max-width: 300px) 100vw, 300px\" \/><\/p>\n            <a class=\"btn\" href=\"https:\/\/airporttaxiohare.com\/\" target=\"_blank\" rel=\"noopener\">V\u00e9rifier le site Web<\/a>        <\/div>\n    <\/div>\n\n    <\/div><\/div><\/div><div class=\"wpb_column vc_column_container vc_col-sm-4\"><div class=\"vc_column-inner\"><div class=\"wpb_wrapper\"><\/div><\/div><\/div><div class=\"wpb_column vc_column_container vc_col-sm-4\"><div class=\"vc_column-inner\"><div class=\"wpb_wrapper\"><\/div><\/div><\/div><\/div><\/div><\/section>\n<\/div>","protected":false},"excerpt":{"rendered":"Sky Ride Airport Taxi V\u00e9rifier le site Web Prestige Drive V\u00e9rifier le site Web A\u00e9roport d&#039;\u00c9dimbourg V\u00e9rifier le site Web Taxi Salzburg 24 V\u00e9rifier le site Web Axis Travel Londres V\u00e9rifier le site Web GF Chauffeurs V\u00e9rifier le site Web Airport Taxi Ohare V\u00e9rifier le site Web","protected":false},"author":1,"featured_media":0,"parent":0,"menu_order":0,"comment_status":"closed","ping_status":"closed","template":"","meta":{"om_disable_all_campaigns":false,"footnotes":""},"class_list":["post-2201","page","type-page","status-publish","hentry"],"_links":{"self":[{"href":"https:\/\/taxiwordpress.com\/fr\/wp-json\/wp\/v2\/pages\/2201","targetHints":{"allow":["GET"]}}],"collection":[{"href":"https:\/\/taxiwordpress.com\/fr\/wp-json\/wp\/v2\/pages"}],"about":[{"href":"https:\/\/taxiwordpress.com\/fr\/wp-json\/wp\/v2\/types\/page"}],"author":[{"embeddable":true,"href":"https:\/\/taxiwordpress.com\/fr\/wp-json\/wp\/v2\/users\/1"}],"replies":[{"embeddable":true,"href":"https:\/\/taxiwordpress.com\/fr\/wp-json\/wp\/v2\/comments?post=2201"}],"version-history":[{"count":3,"href":"https:\/\/taxiwordpress.com\/fr\/wp-json\/wp\/v2\/pages\/2201\/revisions"}],"predecessor-version":[{"id":2405,"href":"https:\/\/taxiwordpress.com\/fr\/wp-json\/wp\/v2\/pages\/2201\/revisions\/2405"}],"wp:attachment":[{"href":"https:\/\/taxiwordpress.com\/fr\/wp-json\/wp\/v2\/media?parent=2201"}],"curies":[{"name":"wp","href":"https:\/\/api.w.org\/{rel}","templated":true}]}}