{"id":2114,"date":"2023-05-04T18:55:55","date_gmt":"2023-05-04T17:55:55","guid":{"rendered":"https:\/\/taxiwordpress.com\/?page_id=2114"},"modified":"2023-05-04T19:04:38","modified_gmt":"2023-05-04T18:04:38","slug":"termini-e-condizioni","status":"publish","type":"page","link":"https:\/\/taxiwordpress.com\/it\/termini-e-condizioni\/","title":{"rendered":"Termini &amp; Condizioni"},"content":{"rendered":"<div class=\"wpb-content-wrapper\"><section class=\"wpb_row vc_row-fluid\"><div class=\"container\"><div class=\"vc_row\"><div class=\"wpb_column vc_column_container vc_col-sm-12\"><div class=\"vc_column-inner\"><div class=\"wpb_wrapper\"><div class=\"vc_empty_space\"   style=\"height: 32px\"><span class=\"vc_empty_space_inner\"><\/span><\/div>\n    <div class=\"section-head\">\n                <h2 class=\"section-title\">T&amp;C per Taxi WordPress Plugin<\/h2>\n            <\/div>\n\n<div class=\"vc_empty_space\"   style=\"height: 32px\"><span class=\"vc_empty_space_inner\"><\/span><\/div>\n\t<div class=\"wpb_text_column wpb_content_element\" >\n\t\t<div class=\"wpb_wrapper\">\n\t\t\t<ol class=\"my-2\">\n<li class=\"ml-4 flex gap-2\"><strong>Accettazione dei Termini.<\/strong>\u00a0Utilizzando il Taxi WordPress Plugin (il &quot;Plugin&quot;), accetti questi Termini e Condizioni (&quot;Termini&quot;). Se non accetti questi Termini, non utilizzare il Plugin.<\/li>\n<li class=\"ml-4 flex gap-2\"><strong>Licenza.<\/strong>\u00a0Ti concediamo una licenza limitata, non esclusiva, non trasferibile e revocabile per l&#039;utilizzo del Plugin per scopi personali o commerciali, soggetta ai presenti Termini ea qualsiasi legge e regolamento applicabile.<\/li>\n<li class=\"ml-4 flex gap-2\"><strong>Modifica.<\/strong>\u00a0Ci riserviamo il diritto di modificare o aggiornare questi Termini in qualsiasi momento senza preavviso. L&#039;uso continuato del plug-in dopo tali modifiche o aggiornamenti costituisce l&#039;accettazione dei Termini modificati.<\/li>\n<li class=\"ml-4 flex gap-2\"><strong>Propriet\u00e0 intellettuale.<\/strong>\u00a0Il Plugin e tutti i contenuti e i materiali relativi al Plugin, inclusi ma non limitati a testo, grafica, loghi, immagini e software, sono di nostra propriet\u00e0 o di propriet\u00e0 dei nostri licenziatari e sono protetti da copyright, marchi commerciali e altre leggi sulla propriet\u00e0 intellettuale .<\/li>\n<li class=\"ml-4 flex gap-2\"><strong>Limitazione di responsabilit\u00e0.<\/strong>\u00a0Non siamo responsabili per eventuali danni, inclusi ma non limitati a danni diretti, indiretti, incidentali, consequenziali o punitivi, derivanti da o in connessione con l&#039;uso del Plugin o dei presenti Termini.<\/li>\n<li class=\"ml-4 flex gap-2\"><strong>Indennizzo.<\/strong>\u00a0Accetti di indennizzare, difenderci e tenerci indenni da qualsiasi pretesa, danno, responsabilit\u00e0, costo e spesa, incluse le ragionevoli spese legali, derivanti da o in connessione con il tuo utilizzo del Plugin o la tua violazione di questi Termini.<\/li>\n<li class=\"ml-4 flex gap-2\"><strong>Risoluzione.<\/strong>\u00a0Possiamo interrompere la tua licenza per utilizzare il Plugin in qualsiasi momento, con o senza causa, senza preavviso. In caso di cessazione, \u00e8 necessario cessare immediatamente qualsiasi utilizzo del Plugin ed eliminare tutte le copie del Plugin dal proprio computer o dispositivo.<\/li>\n<li class=\"ml-4 flex gap-2\"><strong>Legge governativa.<\/strong>\u00a0I presenti Termini e l&#039;utilizzo del Plugin da parte dell&#039;utente sono regolati dalle leggi dello stato o del paese in cui ci troviamo, indipendentemente dalle disposizioni sui conflitti di legge.<\/li>\n<li class=\"ml-4 flex gap-2\"><strong>Intero accordo.<\/strong>\u00a0I presenti Termini costituiscono l&#039;intero accordo tra te e noi in merito al tuo utilizzo del Plugin e sostituiscono tutti gli accordi e le intese precedenti, sia scritti che orali.<\/li>\n<\/ol>\n<div class=\"\">In caso di domande o dubbi sui presenti Termini, si prega di <a href=\"https:\/\/taxiwordpress.com\/it\/contattaci\/\">Contattaci<\/a><\/div>\n\n\t\t<\/div>\n\t<\/div>\n<div class=\"vc_empty_space\"   style=\"height: 32px\"><span class=\"vc_empty_space_inner\"><\/span><\/div><\/div><\/div><\/div><\/div><\/div><\/section>\n<\/div>","protected":false},"excerpt":{"rendered":"Termini e condizioni per il plugin Taxi WordPress Accettazione dei termini. Utilizzando il plugin Taxi WordPress (il \u201cPlugin\u201d), accetti i presenti Termini e condizioni (\u201cTermini\u201d). Se non accetti questi Termini, non utilizzare il Plugin. Licenza. Ti concediamo una licenza limitata, non esclusiva, non trasferibile e revocabile per utilizzare il plug-in per scopi personali o commerciali [...]","protected":false},"author":1,"featured_media":0,"parent":0,"menu_order":0,"comment_status":"closed","ping_status":"closed","template":"","meta":{"om_disable_all_campaigns":false,"footnotes":""},"class_list":["post-2114","page","type-page","status-publish","hentry"],"_links":{"self":[{"href":"https:\/\/taxiwordpress.com\/it\/wp-json\/wp\/v2\/pages\/2114","targetHints":{"allow":["GET"]}}],"collection":[{"href":"https:\/\/taxiwordpress.com\/it\/wp-json\/wp\/v2\/pages"}],"about":[{"href":"https:\/\/taxiwordpress.com\/it\/wp-json\/wp\/v2\/types\/page"}],"author":[{"embeddable":true,"href":"https:\/\/taxiwordpress.com\/it\/wp-json\/wp\/v2\/users\/1"}],"replies":[{"embeddable":true,"href":"https:\/\/taxiwordpress.com\/it\/wp-json\/wp\/v2\/comments?post=2114"}],"version-history":[{"count":0,"href":"https:\/\/taxiwordpress.com\/it\/wp-json\/wp\/v2\/pages\/2114\/revisions"}],"wp:attachment":[{"href":"https:\/\/taxiwordpress.com\/it\/wp-json\/wp\/v2\/media?parent=2114"}],"curies":[{"name":"parola chiave","href":"https:\/\/api.w.org\/{rel}","templated":true}]}}