{"id":2125,"date":"2023-05-04T19:06:52","date_gmt":"2023-05-04T18:06:52","guid":{"rendered":"https:\/\/taxiwordpress.com\/?page_id=2125"},"modified":"2023-05-04T19:15:03","modified_gmt":"2023-05-04T18:15:03","slug":"politica-sulla-riservatezza","status":"publish","type":"page","link":"https:\/\/taxiwordpress.com\/it\/politica-sulla-riservatezza\/","title":{"rendered":"politica sulla riservatezza"},"content":{"rendered":"<div class=\"wpb-content-wrapper\"><section class=\"wpb_row vc_row-fluid\"><div class=\"container\"><div class=\"vc_row\"><div class=\"wpb_column vc_column_container vc_col-sm-12\"><div class=\"vc_column-inner\"><div class=\"wpb_wrapper\"><div class=\"vc_empty_space\"   style=\"height: 32px\"><span class=\"vc_empty_space_inner\"><\/span><\/div>\n    <div class=\"section-head\">\n                <h2 class=\"section-title\">politica sulla riservatezza<\/h2>\n            <\/div>\n\n<div class=\"vc_empty_space\"   style=\"height: 32px\"><span class=\"vc_empty_space_inner\"><\/span><\/div>\n\t<div class=\"wpb_text_column wpb_content_element\" >\n\t\t<div class=\"wpb_wrapper\">\n\t\t\t<div class=\"\">La presente Informativa sulla privacy descrive come raccogliamo, utilizziamo e divulghiamo le informazioni quando utilizzi il nostro plug-in Taxi WordPress (il &quot;Plugin&quot;).<\/div>\n<div class=\"\"><strong>Informazioni che raccogliamo<\/strong><\/div>\n<div class=\"\">Potremmo raccogliere le seguenti informazioni da te:<\/div>\n<ol class=\"my-2\">\n<li class=\"ml-4 flex gap-2\">\n<div>\n<div class=\"rounded-full h-1 w-1 bg-primary-300 mt-&#091;10px&#093;\"><\/div>\n<\/div>\n<div class=\"\"><strong>Informazione personale:<\/strong>\u00a0Quando utilizzi il nostro plug-in, potremmo raccogliere informazioni personali come il tuo nome, indirizzo e-mail e numero di telefono.<\/div>\n<\/li>\n<li class=\"ml-4 flex gap-2\">\n<div>\n<div class=\"rounded-full h-1 w-1 bg-primary-300 mt-&#091;10px&#093;\"><\/div>\n<\/div>\n<div class=\"\"><strong>Informazioni sull&#039;utilizzo:<\/strong>\u00a0Potremmo raccogliere informazioni su come utilizzi il nostro Plugin, come le pagine che visiti e le funzionalit\u00e0 che utilizzi.<\/div>\n<\/li>\n<li class=\"ml-4 flex gap-2\">\n<div>\n<div class=\"rounded-full h-1 w-1 bg-primary-300 mt-&#091;10px&#093;\"><\/div>\n<\/div>\n<div class=\"\"><strong>Informazioni sul dispositivo:<\/strong>\u00a0Potremmo raccogliere informazioni sul dispositivo che usi per accedere al nostro Plugin, come il tuo indirizzo IP, il tipo di browser e il sistema operativo.<\/div>\n<\/li>\n<\/ol>\n<div class=\"\"><strong>Come utilizziamo le informazioni<\/strong><\/div>\n<div class=\"\">Possiamo utilizzare le informazioni che raccogliamo per i seguenti scopi:<\/div>\n<ol class=\"my-2\">\n<li class=\"ml-4 flex gap-2\">\n<div>\n<div class=\"rounded-full h-1 w-1 bg-primary-300 mt-&#091;10px&#093;\"><\/div>\n<\/div>\n<div class=\"\">Per fornire e mantenere il nostro Plugin.<\/div>\n<\/li>\n<li class=\"ml-4 flex gap-2\">\n<div>\n<div class=\"rounded-full h-1 w-1 bg-primary-300 mt-&#091;10px&#093;\"><\/div>\n<\/div>\n<div class=\"\">Per migliorare il nostro plugin e sviluppare nuove funzionalit\u00e0.<\/div>\n<\/li>\n<li class=\"ml-4 flex gap-2\">\n<div>\n<div class=\"rounded-full h-1 w-1 bg-primary-300 mt-&#091;10px&#093;\"><\/div>\n<\/div>\n<div class=\"\">Per comunicare con te in merito al nostro plug-in, inclusi aggiornamenti e promozioni.<\/div>\n<\/li>\n<li class=\"ml-4 flex gap-2\">\n<div>\n<div class=\"rounded-full h-1 w-1 bg-primary-300 mt-&#091;10px&#093;\"><\/div>\n<\/div>\n<div class=\"\">Per proteggere i nostri diritti e interessi, ad esempio in caso di controversia legale.<\/div>\n<\/li>\n<\/ol>\n<div class=\"\"><strong>Come condividiamo le informazioni<\/strong><\/div>\n<div class=\"\">Potremmo condividere le informazioni che raccogliamo con le seguenti parti:<\/div>\n<ol class=\"my-2\">\n<li class=\"ml-4 flex gap-2\">\n<div>\n<div class=\"rounded-full h-1 w-1 bg-primary-300 mt-&#091;10px&#093;\"><\/div>\n<\/div>\n<div class=\"\"><strong>Fornitori di servizi:<\/strong>\u00a0Potremmo condividere informazioni con fornitori di servizi di terze parti che ci aiutano a fornire e mantenere il nostro Plugin.<\/div>\n<\/li>\n<li class=\"ml-4 flex gap-2\">\n<div>\n<div class=\"rounded-full h-1 w-1 bg-primary-300 mt-&#091;10px&#093;\"><\/div>\n<\/div>\n<div class=\"\"><strong>Obblighi di legge:<\/strong>\u00a0Potremmo condividere le informazioni se richiesto dalla legge o in risposta a una richiesta legale.<\/div>\n<\/li>\n<li class=\"ml-4 flex gap-2\">\n<div>\n<div class=\"rounded-full h-1 w-1 bg-primary-300 mt-&#091;10px&#093;\"><\/div>\n<\/div>\n<div class=\"\"><strong>Trasferimenti aziendali:<\/strong>\u00a0Potremmo condividere informazioni in relazione a una transazione commerciale, come una fusione o un&#039;acquisizione.<\/div>\n<\/li>\n<\/ol>\n<div class=\"\"><strong>Le tue scelte<\/strong><\/div>\n<div class=\"\">Puoi scegliere di non fornirci determinate informazioni, ma ci\u00f2 potrebbe limitare la tua capacit\u00e0 di utilizzare determinate funzionalit\u00e0 del nostro Plugin.<\/div>\n<div class=\"\"><strong>Sicurezza<\/strong><\/div>\n<div class=\"\">Adottiamo misure ragionevoli per proteggere le informazioni che raccogliamo da accessi o divulgazioni non autorizzati.<\/div>\n<div class=\"\"><strong>Modifiche alla presente Informativa sulla privacy<\/strong><\/div>\n<div class=\"\">Potremmo aggiornare la presente Informativa sulla privacy di volta in volta. Ti informeremo di eventuali modifiche pubblicando la nuova Informativa sulla privacy sul nostro sito web.<\/div>\n<div class=\"\"><strong>Contattaci<\/strong><\/div>\n<div class=\"\">In caso di domande sulla presente Informativa sulla privacy, si prega di <a href=\"https:\/\/taxiwordpress.com\/it\/contattaci\/\">Contattaci<\/a>.<\/div>\n\n\t\t<\/div>\n\t<\/div>\n<div class=\"vc_empty_space\"   style=\"height: 32px\"><span class=\"vc_empty_space_inner\"><\/span><\/div><\/div><\/div><\/div><\/div><\/div><\/section>\n<\/div>","protected":false},"excerpt":{"rendered":"Informativa sulla privacy La presente Informativa sulla privacy descrive come raccogliamo, utilizziamo e divulghiamo le informazioni quando utilizzi il nostro plugin Taxi WordPress (il &quot;Plugin&quot;). Informazioni che raccogliamo Potremmo raccogliere le seguenti informazioni da te: Informazioni personali: quando usi il nostro plugin, potremmo raccogliere informazioni personali come nome, indirizzo email e numero di telefono. Informazioni sull&#039;utilizzo: Noi [...]","protected":false},"author":1,"featured_media":0,"parent":0,"menu_order":0,"comment_status":"closed","ping_status":"closed","template":"","meta":{"om_disable_all_campaigns":false,"footnotes":""},"class_list":["post-2125","page","type-page","status-publish","hentry"],"_links":{"self":[{"href":"https:\/\/taxiwordpress.com\/it\/wp-json\/wp\/v2\/pages\/2125","targetHints":{"allow":["GET"]}}],"collection":[{"href":"https:\/\/taxiwordpress.com\/it\/wp-json\/wp\/v2\/pages"}],"about":[{"href":"https:\/\/taxiwordpress.com\/it\/wp-json\/wp\/v2\/types\/page"}],"author":[{"embeddable":true,"href":"https:\/\/taxiwordpress.com\/it\/wp-json\/wp\/v2\/users\/1"}],"replies":[{"embeddable":true,"href":"https:\/\/taxiwordpress.com\/it\/wp-json\/wp\/v2\/comments?post=2125"}],"version-history":[{"count":0,"href":"https:\/\/taxiwordpress.com\/it\/wp-json\/wp\/v2\/pages\/2125\/revisions"}],"wp:attachment":[{"href":"https:\/\/taxiwordpress.com\/it\/wp-json\/wp\/v2\/media?parent=2125"}],"curies":[{"name":"parola chiave","href":"https:\/\/api.w.org\/{rel}","templated":true}]}}