{"id":2135,"date":"2023-05-04T19:40:58","date_gmt":"2023-05-04T18:40:58","guid":{"rendered":"https:\/\/taxiwordpress.com\/?page_id=2135"},"modified":"2025-10-07T19:36:30","modified_gmt":"2025-10-07T18:36:30","slug":"acquistare-acquistare","status":"publish","type":"page","link":"https:\/\/taxiwordpress.com\/it\/acquistare-acquistare\/","title":{"rendered":"Acquista \/ Acquista"},"content":{"rendered":"<div class=\"wpb-content-wrapper\"><section class=\"wpb_row vc_row-fluid vc_custom_1759862188194\"><div class=\"container\"><div class=\"vc_row\"><div class=\"wpb_column vc_column_container vc_col-sm-8\"><div class=\"vc_column-inner vc_custom_1759862150004\"><div class=\"wpb_wrapper\"><div class=\"vc_empty_space\"   style=\"height: 32px\"><span class=\"vc_empty_space_inner\"><\/span><\/div>\n    <div class=\"section-head\">\n                <h2 class=\"section-title\">Processo di pagamento<\/h2>\n            <\/div>\n\n<div class=\"vc_empty_space\"   style=\"height: 32px\"><span class=\"vc_empty_space_inner\"><\/span><\/div>\n\t<div class=\"wpb_raw_code wpb_raw_html wpb_content_element vc_custom_1759862108890\" >\n\t\t<div class=\"wpb_wrapper\">\n\t\t\t<script src=\"https:\/\/app.taxiwordpress.com\/iframe-resizer\/iframeResizer.min.js\"><\/script><iframe loading=\"lazy\" id=\"myIframe\" src=\"https:\/\/app.taxiwordpress.com\/registration\/new_customer.php\" width=\"100%\" min-width=\"100%\" height=\"1800px\" frameborder=\"0\" scrolling=\"no\"><\/iframe><script>iFrameResize({ log: true }, '#myIframe')<\/script>\n\n\t\t<\/div>\n\t<\/div>\n<\/div><\/div><\/div><div class=\"wpb_column vc_column_container vc_col-sm-4\"><div class=\"vc_column-inner\"><div class=\"wpb_wrapper\"><div class=\"vc_empty_space\"   style=\"height: 32px\"><span class=\"vc_empty_space_inner\"><\/span><\/div>\n    <div class=\"section-head\">\n                <h2 class=\"section-title\">Pagamento sicuro<\/h2>\n            <\/div>\n\n\n\t<div class=\"wpb_text_column wpb_content_element\" >\n\t\t<div class=\"wpb_wrapper\">\n\t\t\t<p>La nostra integrazione con PayPal garantisce che il tuo pagamento venga elaborato in modo sicuro ed efficiente, offrendoti la massima tranquillit\u00e0 durante il processo di pagamento.<\/p>\n\n\t\t<\/div>\n\t<\/div>\n\n\t<div  class=\"wpb_single_image wpb_content_element vc_align_center wpb_content_element\">\n\t\t\n\t\t<figure class=\"wpb_wrapper vc_figure\">\n\t\t\t<div class=\"vc_single_image-wrapper   vc_box_border_grey\"><img loading=\"lazy\" decoding=\"async\" width=\"302\" height=\"92\" src=\"https:\/\/taxiwordpress.com\/wp-content\/uploads\/2023\/05\/paypal_secure_payment.png\" class=\"vc_single_image-img attachment-full\" alt=\"paypal_secure_payment\" title=\"paypal_secure_payment\" srcset=\"https:\/\/taxiwordpress.com\/wp-content\/uploads\/2023\/05\/paypal_secure_payment.png 302w, https:\/\/taxiwordpress.com\/wp-content\/uploads\/2023\/05\/paypal_secure_payment-300x91.png 300w\" sizes=\"auto, (max-width: 302px) 100vw, 302px\" \/><\/div>\n\t\t<\/figure>\n\t<\/div>\n<div class=\"vc_empty_space\"   style=\"height: 32px\"><span class=\"vc_empty_space_inner\"><\/span><\/div>\n    <div class=\"section-head\">\n                <h2 class=\"section-title\">Compila il modulo con dati precisi per avviare la tua attivit\u00e0<\/h2>\n            <\/div>\n\n\n\t<div class=\"wpb_text_column wpb_content_element\" >\n\t\t<div class=\"wpb_wrapper\">\n\t\t\t<div class=\"flex-grow py-4 rounded-lg flex flex-col gap-4 overflow-y-auto\">\n<div>\n<div class=\"flex-grow lg:max-w-&#091;70%&#093; max-w-&#091;90%&#093; flex gap-2 w-full justify-start items-end\">\n<div class=\"bg-primary-650 text-white rounded-2xl py-2 px-3\">\n<div class=\"flex flex-col gap-2\">\n<div class=\"\">Per creare la tua azienda e iniziare a utilizzare i nostri servizi, \u00e8 importante che tu fornisca informazioni accurate nel modulo. Se sei un rivenditore o uno sviluppatore web, puoi utilizzare le tue informazioni personali per ora e aggiornarle successivamente nel pannello di controllo nella scheda Azienda.<\/div>\n<div class=\"\">Tuttavia, \u00e8 fondamentale fornire i dati sulla posizione reale della tua attivit\u00e0 per assicurarti che i tuoi servizi siano configurati correttamente. Ci\u00f2 include l&#039;indirizzo della tua attivit\u00e0, il numero di telefono e altri dettagli rilevanti. Fornendo informazioni accurate, puoi aiutarci a creare un processo di installazione senza interruzioni e garantire che la tua attivit\u00e0 sia operativa in pochissimo tempo.<\/div>\n<div class=\"\">Grazie per la vostra collaborazione nel fornire informazioni accurate per aiutarci a servirvi meglio.<\/div>\n<\/div>\n<\/div>\n<\/div>\n<\/div>\n<div><\/div>\n<\/div>\n<div class=\"pt-4\"><\/div>\n\n\t\t<\/div>\n\t<\/div>\n<\/div><\/div><\/div><\/div><\/div><\/section>\n<\/div>","protected":false},"excerpt":{"rendered":"Processo di pagamento Pagamento sicuro La nostra integrazione PayPal garantisce che il tuo pagamento venga elaborato in modo sicuro ed efficiente, offrendoti tranquillit\u00e0 durante il processo di pagamento. Compila il modulo con dati precisi per avviare la tua attivit\u00e0 Per creare la tua azienda e iniziare a utilizzare i nostri servizi, \u00e8 importante fornire informazioni precise nel modulo. [...]","protected":false},"author":1,"featured_media":0,"parent":0,"menu_order":0,"comment_status":"closed","ping_status":"closed","template":"","meta":{"om_disable_all_campaigns":false,"footnotes":""},"class_list":["post-2135","page","type-page","status-publish","hentry"],"_links":{"self":[{"href":"https:\/\/taxiwordpress.com\/it\/wp-json\/wp\/v2\/pages\/2135","targetHints":{"allow":["GET"]}}],"collection":[{"href":"https:\/\/taxiwordpress.com\/it\/wp-json\/wp\/v2\/pages"}],"about":[{"href":"https:\/\/taxiwordpress.com\/it\/wp-json\/wp\/v2\/types\/page"}],"author":[{"embeddable":true,"href":"https:\/\/taxiwordpress.com\/it\/wp-json\/wp\/v2\/users\/1"}],"replies":[{"embeddable":true,"href":"https:\/\/taxiwordpress.com\/it\/wp-json\/wp\/v2\/comments?post=2135"}],"version-history":[{"count":5,"href":"https:\/\/taxiwordpress.com\/it\/wp-json\/wp\/v2\/pages\/2135\/revisions"}],"predecessor-version":[{"id":2412,"href":"https:\/\/taxiwordpress.com\/it\/wp-json\/wp\/v2\/pages\/2135\/revisions\/2412"}],"wp:attachment":[{"href":"https:\/\/taxiwordpress.com\/it\/wp-json\/wp\/v2\/media?parent=2135"}],"curies":[{"name":"parola chiave","href":"https:\/\/api.w.org\/{rel}","templated":true}]}}