{"id":2146,"date":"2023-05-06T07:56:51","date_gmt":"2023-05-06T06:56:51","guid":{"rendered":"https:\/\/taxiwordpress.com\/?page_id=2146"},"modified":"2023-05-13T16:47:51","modified_gmt":"2023-05-13T15:47:51","slug":"prezzi","status":"publish","type":"page","link":"https:\/\/taxiwordpress.com\/it\/prezzi\/","title":{"rendered":"Prezzi"},"content":{"rendered":"<div class=\"wpb-content-wrapper\"><section class=\"wpb_row vc_row-fluid\"><div class=\"container\"><div class=\"vc_row\"><div class=\"wpb_column vc_column_container vc_col-sm-12\"><div class=\"vc_column-inner vc_custom_1683361845543\"><div class=\"wpb_wrapper\">\n    <div class=\"section-head\">\n                <h2 class=\"section-title\">Tabella dei prezzi<\/h2>\n            <\/div>\n\n\n\t<div class=\"wpb_text_column wpb_content_element\" >\n\t\t<div class=\"wpb_wrapper\">\n\t\t\t<div id=\"rpt_pricr\" class=\"rpt_plans rpt_3_plans rpt_style_basic\"><div class=\"\"><div class=\"rpt_plan  rpt_plugin_f rpt_plan_0\"><div style=\"text-align:center;\" class=\"rpt_title rpt_title_0\">Bronzo<\/div><div class=\"rpt_head rpt_head_0\"><div class=\"rpt_recurrence rpt_recurrence_0\">Canone annuale 49 \u00a3<\/div><div class=\"rpt_price rpt_price_0\">99 \u00a3<\/div><div style=\"color:#dd9933;\" class=\"rpt_subtitle rpt_subtitle_0\">Licenza software<\/div><div class=\"rpt_description rpt_description_0\">Solo gateway di pagamento Paypal<\/div><\/div><div class=\"rpt_custom_btn\" style=\"background-color:#dd9933\"><a target=\"_self\" href=\"\/it\/acquistare-acquistare\/\" style=\"background:#dd9933;\" class=\"rpt_foot rpt_foot_0\">Acquistare<\/a><\/div><\/div><div class=\"rpt_plan  rpt_plugin_f rpt_plan_1 rpt_recommended_plan\"><div style=\"text-align:center;\" class=\"rpt_title rpt_title_1\">Argento<img decoding=\"async\" style=\"height:30px !important; width:30px !important;\" class=\"rpt_recommended\" src=\"https:\/\/taxiwordpress.com\/wp-content\/plugins\/dk-pricr-responsive-pricing-table\/inc\/img\/rpt_recommended.png\"\/><\/div><div class=\"rpt_head rpt_head_1\"><div class=\"rpt_recurrence rpt_recurrence_1\">Canone annuale 99 \u00a3<\/div><div class=\"rpt_price rpt_price_1\">149 \u00a3<\/div><div style=\"color:#f26522;\" class=\"rpt_subtitle rpt_subtitle_1\">Licenza software<\/div><div class=\"rpt_description rpt_description_1\">Con gateway di pagamento Stripe<\/div><\/div><div class=\"rpt_custom_btn\" style=\"background-color:#f26522\"><a target=\"_self\" href=\"#\" style=\"background:#f26522\" class=\"rpt_foot rpt_foot_0\">Presto<\/a><\/div><\/div><div class=\"rpt_plan  rpt_plugin_f rpt_plan_2\"><div style=\"text-align:center;\" class=\"rpt_title rpt_title_2\">Oro<\/div><div class=\"rpt_head rpt_head_2\"><div class=\"rpt_recurrence rpt_recurrence_2\">Canone annuale 149 \u00a3<\/div><div class=\"rpt_price rpt_price_2\">250 \u00a3<\/div><div style=\"color:#dd9933;\" class=\"rpt_subtitle rpt_subtitle_2\">Licenza software<\/div><div class=\"rpt_description rpt_description_2\">Con striscia e sito web<\/div><\/div><div class=\"rpt_custom_btn\" style=\"background-color:#dd9933\"><a target=\"_self\" href=\"#\" style=\"background:#dd9933\" class=\"rpt_foot rpt_foot_0\">Presto<\/a><\/div><\/div><\/div><\/div><div style=\"clear:both;\"><\/div>\n\n\t\t<\/div>\n\t<\/div>\n<div class=\"vc_empty_space\"   style=\"height: 32px\"><span class=\"vc_empty_space_inner\"><\/span><\/div><\/div><\/div><\/div><\/div><\/div><\/section><section id=\"faq\" class=\"wpb_row vc_row-fluid\"><div class=\"container\"><div class=\"vc_row\"><div class=\"wpb_column vc_column_container vc_col-sm-12\"><div class=\"vc_column-inner\"><div class=\"wpb_wrapper\"><div class=\"vc_empty_space\"   style=\"height: 32px\"><span class=\"vc_empty_space_inner\"><\/span><\/div>\n    <div class=\"section-head\">\n                    <h6><span>FAQ - Clicca sulle domande per vedere le risposte<\/span><\/h6>\n                <h2 class=\"section-title\">Domande frequenti<\/h2>\n            <\/div>\n\n<div class=\"vc_empty_space\"   style=\"height: 32px\"><span class=\"vc_empty_space_inner\"><\/span><\/div><div  class=\"vc_do_toggle vc_toggle vc_toggle_default vc_toggle_color_default  vc_toggle_size_md\"><div class=\"vc_toggle_title\"><h4>Perch\u00e9 devo pagare la quota annuale?<\/h4><i class=\"vc_toggle_icon\"><\/i><\/div><div class=\"vc_toggle_content\"><p>Il motivo per cui devi pagare una tariffa annuale per un plug-in cloud per WordPress \u00e8 perch\u00e9 il plug-in richiede manutenzione e supporto continui per mantenerlo aggiornato e funzionare correttamente. Ci\u00f2 include aggiornamenti regolari per garantire la compatibilit\u00e0 con le ultime versioni di WordPress, patch di sicurezza per proteggere dalle vulnerabilit\u00e0 e supporto tecnico per aiutarti con qualsiasi problema tu possa incontrare. Inoltre, la tariffa annuale pu\u00f2 anche coprire il costo dei servizi di cloud hosting utilizzati dal plug-in per archiviare e gestire i dati del tuo sito web. Pertanto, il pagamento di una quota annuale garantisce di ricevere supporto continuo, manutenzione e accesso alle funzionalit\u00e0 e agli aggiornamenti pi\u00f9 recenti per il plug-in.<\/p>\n<\/div><\/div><div  class=\"vc_do_toggle vc_toggle vc_toggle_default vc_toggle_color_default  vc_toggle_size_md\"><div class=\"vc_toggle_title\"><h4>Quali sono le caratteristiche del plug-in?<\/h4><i class=\"vc_toggle_icon\"><\/i><\/div><div class=\"vc_toggle_content\"><div class=\"\">Il nostro software \u00e8 ricco di funzionalit\u00e0 che ti aiuteranno a semplificare le tue operazioni, migliorare la soddisfazione dei clienti e far crescere la tua attivit\u00e0. Ecco cosa puoi aspettarti:<\/div>\n<div class=\"\">Basato su Google dalla A alla B con fermate intermedie: il nostro software utilizza Google Maps per calcolare il percorso migliore per i tuoi clienti, comprese eventuali soste che potrebbero dover effettuare lungo il percorso.<\/div>\n<div>\n<div class=\"rounded-full h-1 w-1 bg-primary-300 mt-&#091;10px&#093;\"><\/div>\n<\/div>\n<div class=\"\">Ricevi prenotazioni \/ prenotazioni dirette: i clienti possono prenotare un taxi direttamente tramite il tuo sito Web o app mobile, senza bisogno di telefonate o e-mail.<\/div>\n<div>\n<div class=\"rounded-full h-1 w-1 bg-primary-300 mt-&#091;10px&#093;\"><\/div>\n<\/div>\n<div class=\"\">Preventivo tariffario immediato: il nostro software pu\u00f2 fornire un preventivo tariffario istantaneo in base alla distanza e all&#039;ora del giorno.<\/div>\n<div>\n<div class=\"rounded-full h-1 w-1 bg-primary-300 mt-&#091;10px&#093;\"><\/div>\n<\/div>\n<div class=\"\">Configurazione dei prezzi dei veicoli: puoi impostare diversi livelli di prezzo per diversi tipi di veicoli, come auto di lusso o furgoni.<\/div>\n<div>\n<div class=\"rounded-full h-1 w-1 bg-primary-300 mt-&#091;10px&#093;\"><\/div>\n<\/div>\n<div class=\"\">Immagini di intestazione e pi\u00e8 di pagina: personalizza la tua pagina di prenotazione con il tuo marchio e le tue immagini.<\/div>\n<div>\n<div class=\"rounded-full h-1 w-1 bg-primary-300 mt-&#091;10px&#093;\"><\/div>\n<\/div>\n<div class=\"\">Modello e-mail: invia e-mail automatiche ai clienti confermando la loro prenotazione e fornendo tutti i dettagli di cui hanno bisogno.<\/div>\n<div>\n<div class=\"rounded-full h-1 w-1 bg-primary-300 mt-&#091;10px&#093;\"><\/div>\n<\/div>\n<div class=\"\">Multilingua: il nostro software supporta pi\u00f9 lingue, quindi puoi soddisfare i clienti di tutto il mondo.<\/div>\n<div>\n<div class=\"rounded-full h-1 w-1 bg-primary-300 mt-&#091;10px&#093;\"><\/div>\n<\/div>\n<div class=\"\">Assegna conducente alla prenotazione: assegna un conducente specifico a una prenotazione per garantire un ritiro e una riconsegna senza problemi.<\/div>\n<div>\n<div class=\"rounded-full h-1 w-1 bg-primary-300 mt-&#091;10px&#093;\"><\/div>\n<\/div>\n<div class=\"\">Assegna auto a prenotazione: assegna un&#039;auto specifica a una prenotazione per garantire che il cliente riceva il tipo di veicolo di cui ha bisogno.<\/div>\n<div>\n<div class=\"rounded-full h-1 w-1 bg-primary-300 mt-&#091;10px&#093;\"><\/div>\n<\/div>\n<div class=\"\">Carica le immagini della tua flotta: carica le immagini della tua flotta per mostrare ai clienti i veicoli tra cui possono scegliere.<\/div>\n<div>\n<div class=\"rounded-full h-1 w-1 bg-primary-300 mt-&#091;10px&#093;\"><\/div>\n<\/div>\n<div class=\"\">Account aziendali: crea account aziendali per le aziende che utilizzano regolarmente il tuo servizio di taxi.<\/div>\n<div>\n<div class=\"rounded-full h-1 w-1 bg-primary-300 mt-&#091;10px&#093;\"><\/div>\n<\/div>\n<div class=\"\">Controllo CSS: personalizza l&#039;aspetto della tua pagina di prenotazione utilizzando i CSS.<\/div>\n<div>\n<div class=\"rounded-full h-1 w-1 bg-primary-300 mt-&#091;10px&#093;\"><\/div>\n<\/div>\n<div class=\"\">Fatturazione ai clienti: genera e invia automaticamente le fatture ai clienti.<\/div>\n<div>\n<div class=\"rounded-full h-1 w-1 bg-primary-300 mt-&#091;10px&#093;\"><\/div>\n<\/div>\n<div class=\"\">Fatturazione agli autisti: genera e invia automaticamente fatture agli autisti.<\/div>\n<div>\n<div class=\"rounded-full h-1 w-1 bg-primary-300 mt-&#091;10px&#093;\"><\/div>\n<\/div>\n<div class=\"\">Prezzo di sola andata: imposta i prezzi per i viaggi di sola andata.<\/div>\n<div>\n<div class=\"rounded-full h-1 w-1 bg-primary-300 mt-&#091;10px&#093;\"><\/div>\n<\/div>\n<div class=\"\">Prezzo di ritorno: imposta i prezzi per i viaggi di andata e ritorno.<\/div>\n<div>\n<div class=\"rounded-full h-1 w-1 bg-primary-300 mt-&#091;10px&#093;\"><\/div>\n<\/div>\n<div class=\"\">Commissione permanente: imposta una commissione permanente per il tempo di attesa.<\/div>\n<div>\n<div class=\"rounded-full h-1 w-1 bg-primary-300 mt-&#091;10px&#093;\"><\/div>\n<\/div>\n<div class=\"\">Prezzo dalla base al prelievo: imposta un prezzo base per il prelievo dei passeggeri.<\/div>\n<div>\n<div class=\"rounded-full h-1 w-1 bg-primary-300 mt-&#091;10px&#093;\"><\/div>\n<\/div>\n<div class=\"\">Prezzo dalla discesa alla base: imposta un prezzo base per la discesa dei passeggeri.<\/div>\n<div>\n<div class=\"rounded-full h-1 w-1 bg-primary-300 mt-&#091;10px&#093;\"><\/div>\n<\/div>\n<div class=\"\">Prezzo minimo: imposta un prezzo minimo per ogni viaggio.<\/div>\n<div>\n<div class=\"rounded-full h-1 w-1 bg-primary-300 mt-&#091;10px&#093;\"><\/div>\n<\/div>\n<div class=\"\">Prezzo Meet &amp; Greet: imposta un prezzo per i servizi Meet and Greet.<\/div>\n<div>\n<div class=\"rounded-full h-1 w-1 bg-primary-300 mt-&#091;10px&#093;\"><\/div>\n<\/div>\n<div class=\"\">Prezzo del seggiolino per bambini: imposta un prezzo per i seggiolini per bambini.<\/div>\n<div>\n<div class=\"rounded-full h-1 w-1 bg-primary-300 mt-&#091;10px&#093;\"><\/div>\n<\/div>\n<div class=\"\">Prezzo del seggiolino: imposta un prezzo per il seggiolino.<\/div>\n<div>\n<div class=\"rounded-full h-1 w-1 bg-primary-300 mt-&#091;10px&#093;\"><\/div>\n<\/div>\n<div class=\"\">Date speciali: imposta prezzi speciali per festivit\u00e0 e altre date speciali.<\/div>\n<div>\n<div class=\"rounded-full h-1 w-1 bg-primary-300 mt-&#091;10px&#093;\"><\/div>\n<\/div>\n<div class=\"\">Tariffa passeggero: imposta una tariffa per i passeggeri aggiuntivi.<\/div>\n<div>\n<div class=\"rounded-full h-1 w-1 bg-primary-300 mt-&#091;10px&#093;\"><\/div>\n<\/div>\n<div class=\"\">Tariffa per animali domestici: imposta una tariffa per gli animali domestici.<\/div>\n<div>\n<div class=\"rounded-full h-1 w-1 bg-primary-300 mt-&#091;10px&#093;\"><\/div>\n<\/div>\n<div class=\"\">Prezzi in attesa del conducente al minuto: impostare i prezzi per il tempo di attesa del conducente.<\/div>\n<div>\n<div class=\"rounded-full h-1 w-1 bg-primary-300 mt-&#091;10px&#093;\"><\/div>\n<\/div>\n<div class=\"\">Tariffa bagaglio extra: imposta una tariffa per il bagaglio extra.<\/div>\n<div>\n<div class=\"rounded-full h-1 w-1 bg-primary-300 mt-&#091;10px&#093;\"><\/div>\n<\/div>\n<div class=\"\">Prezzo orario: imposta i prezzi per le corse orarie.<\/div>\n<div>\n<div class=\"rounded-full h-1 w-1 bg-primary-300 mt-&#091;10px&#093;\"><\/div>\n<\/div>\n<div class=\"\">Pagamento con carta di credito e debito: accetta pagamenti tramite carte di credito e debito.<\/div>\n<div>\n<div class=\"rounded-full h-1 w-1 bg-primary-300 mt-&#091;10px&#093;\"><\/div>\n<\/div>\n<div class=\"\">PayPal Gateway: accetta pagamenti tramite PayPal.<\/div>\n<\/div><\/div><div  class=\"vc_do_toggle vc_toggle vc_toggle_default vc_toggle_color_default  vc_toggle_size_md\"><div class=\"vc_toggle_title\"><h4>Questo plugin pu\u00f2 essere implementato in Wix?<\/h4><i class=\"vc_toggle_icon\"><\/i><\/div><div class=\"vc_toggle_content\"><p>S\u00ec, il nostro plug-in cloud per WordPress pu\u00f2 funzionare con qualsiasi tipo di sito Web, incluso Wix. Questo perch\u00e9 il processo di implementazione richiede solo l&#039;incorporamento di un codice iframe sul tuo sito web. Pertanto, puoi integrare facilmente il nostro plug-in nel tuo sito Web Wix seguendo i semplici passaggi per incorporare il codice iframe.<\/p>\n<\/div><\/div><div  class=\"vc_do_toggle vc_toggle vc_toggle_default vc_toggle_color_default  vc_toggle_size_md\"><div class=\"vc_toggle_title\"><h4>Hai una demo per testare il software?<\/h4><i class=\"vc_toggle_icon\"><\/i><\/div><div class=\"vc_toggle_content\"><p>Sfortunatamente, al momento non disponiamo di una demo di amministrazione disponibile per testare il software. Tuttavia, abbiamo fornito alcuni siti Web dei clienti in <a href=\"https:\/\/taxiwordpress.com\/it\/dimostrazione\/\">scheda dimostrativa<\/a> e una panoramica video del plug-in completo che puoi controllare per avere un&#039;idea migliore di come funziona il software. Se hai domande specifiche sul software o desideri maggiori informazioni, non esitare a contattarci.<\/p>\n<\/div><\/div><div  class=\"vc_do_toggle vc_toggle vc_toggle_default vc_toggle_color_default  vc_toggle_size_md\"><div class=\"vc_toggle_title\"><h4>Qual \u00e8 il prezzo del plugin in euro?<\/h4><i class=\"vc_toggle_icon\"><\/i><\/div><div class=\"vc_toggle_content\"><p>Se desideri conoscere il prezzo del plug-in in una valuta diversa dalle sterline, come gli euro, puoi utilizzare uno strumento di conversione di valuta come <a href=\"https:\/\/xe.com\" target=\"_blank\" rel=\"noopener\">xe. com<\/a> per controllare gli ultimi tassi di conversione. Basta convertire il prezzo del plugin da sterline a euro utilizzando il tasso di cambio corrente per ottenere una stima del costo in euro. Tieni presente che l&#039;importo esatto pu\u00f2 variare a seconda del tasso di cambio al momento dell&#039;acquisto.<\/p>\n<\/div><\/div><div  class=\"vc_do_toggle vc_toggle vc_toggle_default vc_toggle_color_default  vc_toggle_size_md\"><div class=\"vc_toggle_title\"><h4>Come posso accedere al pannello di controllo?<\/h4><i class=\"vc_toggle_icon\"><\/i><\/div><div class=\"vc_toggle_content\"><div class=\"\">Per accedere al pannello di controllo del plug-in taxi WordPress, segui questi passaggi:<\/div>\n<ol class=\"my-2\">\n<li class=\"ml-4 flex gap-2\">1. Dopo l&#039;acquisto, riceverai un&#039;e-mail contenente un file zip.<\/li>\n<li class=\"ml-4 flex gap-2\">2. Carica il file zip nella scheda dei plugin del tuo pannello di amministrazione di WordPress.<\/li>\n<li class=\"ml-4 flex gap-2\">3. Una volta caricato, troverai un &quot;Taxi WordPress Plugin&quot; nel menu in alto a sinistra del tuo amministratore di WordPress.<\/li>\n<li class=\"ml-4 flex gap-2\">4. Fare clic su &quot;Taxi WordPress Plugin&quot; per accedere al sottomenu.<\/li>\n<li class=\"ml-4 flex gap-2\">5. Dal sottomenu \u00e8 possibile accedere al pannello di controllo ea tutti i codici necessari per implementare il modulo di prenotazione.<\/li>\n<\/ol>\n<\/div><\/div><div  class=\"vc_do_toggle vc_toggle vc_toggle_default vc_toggle_color_default  vc_toggle_size_md\"><div class=\"vc_toggle_title\"><h4>Hai qualche video per vedere come funziona il plugin?<\/h4><i class=\"vc_toggle_icon\"><\/i><\/div><div class=\"vc_toggle_content\"><p>S\u00ec, abbiamo diversi video disponibili che dimostrano come funziona il nostro plugin. Questi video forniscono istruzioni dettagliate su come installare e utilizzare il plug-in, oltre a mostrare le sue caratteristiche e capacit\u00e0. Puoi trovare questi video sul nostro sito Web o sul nostro canale YouTube. Ti consigliamo vivamente di guardare questi video per capire meglio come il nostro plug-in pu\u00f2 beneficiare il tuo sito Web o negozio online.<\/p>\n<\/div><\/div><div  class=\"vc_do_toggle vc_toggle vc_toggle_default vc_toggle_color_default  vc_toggle_size_md\"><div class=\"vc_toggle_title\"><h4>Quali sono le differenze tra bronzo, argento e oro?<\/h4><i class=\"vc_toggle_icon\"><\/i><\/div><div class=\"vc_toggle_content\"><p>I nostri pacchetti bronzo, argento e oro sono tutti dotati dello stesso plug-in taxi per WordPress, ma ci sono alcune differenze tra loro. Il Silver Pack include il gateway di pagamento Stripe, che ti consente di accettare pagamenti online dai tuoi clienti. Il Gold Pack include sia il gateway di pagamento Stripe che un sito Web, cos\u00ec puoi avere una presenza online professionale per la tua attivit\u00e0 di taxi. Con il sito Web puoi mostrare i tuoi servizi, fornire informazioni sulla tua azienda e consentire ai clienti di prenotare corse online. Quindi, se stai cercando una soluzione semplice per gestire la tua attivit\u00e0 di taxi, il pacchetto bronzo \u00e8 un&#039;ottima scelta. Se desideri offrire pagamenti online ai tuoi clienti, il pacchetto argento \u00e8 la strada da percorrere. E se desideri una presenza online completa per la tua attivit\u00e0 di taxi, il pacchetto oro \u00e8 la scelta perfetta.<\/p>\n<\/div><\/div><div  class=\"vc_do_toggle vc_toggle vc_toggle_default vc_toggle_color_default  vc_toggle_size_md\"><div class=\"vc_toggle_title\"><h4>Dopo l&#039;acquisto cosa devo fare?<\/h4><i class=\"vc_toggle_icon\"><\/i><\/div><div class=\"vc_toggle_content\"><ol class=\"my-2\">\n<li class=\"ml-4 flex gap-2\">1. Dopo l&#039;acquisto, riceverai un&#039;e-mail contenente un file zip.<\/li>\n<li class=\"ml-4 flex gap-2\">2. Carica il file zip nella scheda dei plugin del tuo pannello di amministrazione di WordPress.<\/li>\n<li class=\"ml-4 flex gap-2\">3. Una volta caricato, troverai un &quot;Taxi WordPress Plugin&quot; nel menu in alto a sinistra del tuo amministratore di WordPress.<\/li>\n<li class=\"ml-4 flex gap-2\">4. Fare clic su &quot;Taxi WordPress Plugin&quot; per accedere al sottomenu.<\/li>\n<li class=\"ml-4 flex gap-2\">5. Dal sottomenu \u00e8 possibile accedere al pannello di controllo ea tutti i codici necessari per implementare il modulo di prenotazione.<\/li>\n<\/ol>\n<\/div><\/div><\/div><\/div><\/div><\/div><\/div><\/section>\n<\/div>","protected":false},"excerpt":{"rendered":"","protected":false},"author":1,"featured_media":0,"parent":0,"menu_order":0,"comment_status":"closed","ping_status":"closed","template":"","meta":{"om_disable_all_campaigns":false,"footnotes":""},"class_list":["post-2146","page","type-page","status-publish","hentry"],"_links":{"self":[{"href":"https:\/\/taxiwordpress.com\/it\/wp-json\/wp\/v2\/pages\/2146","targetHints":{"allow":["GET"]}}],"collection":[{"href":"https:\/\/taxiwordpress.com\/it\/wp-json\/wp\/v2\/pages"}],"about":[{"href":"https:\/\/taxiwordpress.com\/it\/wp-json\/wp\/v2\/types\/page"}],"author":[{"embeddable":true,"href":"https:\/\/taxiwordpress.com\/it\/wp-json\/wp\/v2\/users\/1"}],"replies":[{"embeddable":true,"href":"https:\/\/taxiwordpress.com\/it\/wp-json\/wp\/v2\/comments?post=2146"}],"version-history":[{"count":0,"href":"https:\/\/taxiwordpress.com\/it\/wp-json\/wp\/v2\/pages\/2146\/revisions"}],"wp:attachment":[{"href":"https:\/\/taxiwordpress.com\/it\/wp-json\/wp\/v2\/media?parent=2146"}],"curies":[{"name":"parola chiave","href":"https:\/\/api.w.org\/{rel}","templated":true}]}}