{"id":2114,"date":"2023-05-04T18:55:55","date_gmt":"2023-05-04T17:55:55","guid":{"rendered":"https:\/\/taxiwordpress.com\/?page_id=2114"},"modified":"2023-05-04T19:04:38","modified_gmt":"2023-05-04T18:04:38","slug":"algemene-voorwaarden","status":"publish","type":"page","link":"https:\/\/taxiwordpress.com\/nl\/algemene-voorwaarden\/","title":{"rendered":"algemene voorwaarden"},"content":{"rendered":"<div class=\"wpb-content-wrapper\"><section class=\"wpb_row vc_row-fluid\"><div class=\"container\"><div class=\"vc_row\"><div class=\"wpb_column vc_column_container vc_col-sm-12\"><div class=\"vc_column-inner\"><div class=\"wpb_wrapper\"><div class=\"vc_empty_space\"   style=\"height: 32px\"><span class=\"vc_empty_space_inner\"><\/span><\/div>\n    <div class=\"section-head\">\n                <h2 class=\"section-title\">T&amp;C voor Taxi WordPress Plugin<\/h2>\n            <\/div>\n\n<div class=\"vc_empty_space\"   style=\"height: 32px\"><span class=\"vc_empty_space_inner\"><\/span><\/div>\n\t<div class=\"wpb_text_column wpb_content_element\" >\n\t\t<div class=\"wpb_wrapper\">\n\t\t\t<ol class=\"my-2\">\n<li class=\"ml-4 flex gap-2\"><strong>Aanvaarding van voorwaarden.<\/strong>\u00a0Door gebruik te maken van de Taxi WordPress Plugin (de \u201cPlugin\u201d), gaat u akkoord met deze Algemene Voorwaarden (\u201cVoorwaarden\u201d). Als u niet akkoord gaat met deze voorwaarden, gebruik de plug-in dan niet.<\/li>\n<li class=\"ml-4 flex gap-2\"><strong>Licentie.<\/strong>\u00a0We verlenen u een beperkte, niet-exclusieve, niet-overdraagbare en herroepbare licentie om de plug-in te gebruiken voor uw persoonlijke of commerci\u00eble doeleinden, met inachtneming van deze voorwaarden en eventuele toepasselijke wet- en regelgeving.<\/li>\n<li class=\"ml-4 flex gap-2\"><strong>Wijziging.<\/strong>\u00a0We behouden ons het recht voor om deze Voorwaarden op elk moment zonder kennisgeving aan u te wijzigen of bij te werken. Als u de plug-in blijft gebruiken na dergelijke wijzigingen of updates, betekent dit dat u akkoord gaat met de herziene voorwaarden.<\/li>\n<li class=\"ml-4 flex gap-2\"><strong>Intellectueel eigendom.<\/strong>\u00a0De plug-in en alle inhoud en materialen met betrekking tot de plug-in, inclusief maar niet beperkt tot tekst, afbeeldingen, logo&#039;s, afbeeldingen en software, zijn ons eigendom of het eigendom van onze licentiegevers en worden beschermd door copyright, handelsmerken en andere intellectuele eigendomsrechten. .<\/li>\n<li class=\"ml-4 flex gap-2\"><strong>Beperking van aansprakelijkheid.<\/strong>\u00a0Wij zijn niet aansprakelijk voor enige schade, inclusief maar niet beperkt tot directe, indirecte, incidentele, gevolg- of punitieve schade, die voortvloeit uit of verband houdt met het gebruik van de plug-in of deze voorwaarden.<\/li>\n<li class=\"ml-4 flex gap-2\"><strong>Vrijwaring.<\/strong>\u00a0U stemt ermee in ons schadeloos te stellen, te verdedigen en te vrijwaren van alle claims, schade, aansprakelijkheden, kosten en uitgaven, inclusief redelijke advocaatkosten, die voortvloeien uit of verband houden met uw gebruik van de plug-in of uw schending van deze voorwaarden.<\/li>\n<li class=\"ml-4 flex gap-2\"><strong>Be\u00ebindiging.<\/strong>\u00a0We kunnen uw licentie om de plug-in te gebruiken op elk moment be\u00ebindigen, met of zonder reden, zonder kennisgeving aan u. Bij be\u00ebindiging moet u onmiddellijk alle gebruik van de plug-in staken en alle kopie\u00ebn van de plug-in van uw computer of apparaat verwijderen.<\/li>\n<li class=\"ml-4 flex gap-2\"><strong>Toepasselijk recht.<\/strong>\u00a0Deze voorwaarden en uw gebruik van de plug-in worden beheerst door de wetten van de staat of het land waarin wij gevestigd zijn, zonder rekening te houden met conflicterende wettelijke bepalingen.<\/li>\n<li class=\"ml-4 flex gap-2\"><strong>Volledige overeenkomst.<\/strong>\u00a0Deze voorwaarden vormen de volledige overeenkomst tussen u en ons met betrekking tot uw gebruik van de plug-in en vervangen alle eerdere overeenkomsten en afspraken, zowel schriftelijk als mondeling.<\/li>\n<\/ol>\n<div class=\"\">Als u vragen of opmerkingen heeft over deze voorwaarden, neem dan contact met ons op <a href=\"https:\/\/taxiwordpress.com\/nl\/neem-contact-met-ons-op\/\">Neem contact met ons op<\/a><\/div>\n\n\t\t<\/div>\n\t<\/div>\n<div class=\"vc_empty_space\"   style=\"height: 32px\"><span class=\"vc_empty_space_inner\"><\/span><\/div><\/div><\/div><\/div><\/div><\/div><\/section>\n<\/div>","protected":false},"excerpt":{"rendered":"Algemene voorwaarden voor Taxi WordPress Plugin Acceptatie van voorwaarden. Door de Taxi WordPress Plugin (de \u201cPlugin\u201d) te gebruiken, gaat u akkoord met deze Algemene Voorwaarden (\u201cVoorwaarden\u201d). Als u niet akkoord gaat met deze voorwaarden, gebruik de plug-in dan niet. Licentie. Wij verlenen u een beperkte, niet-exclusieve, niet-overdraagbare en herroepbare licentie om de Plug-in te gebruiken voor uw persoonlijke of commerci\u00eble [...]","protected":false},"author":1,"featured_media":0,"parent":0,"menu_order":0,"comment_status":"closed","ping_status":"closed","template":"","meta":{"om_disable_all_campaigns":false,"footnotes":""},"class_list":["post-2114","page","type-page","status-publish","hentry"],"_links":{"self":[{"href":"https:\/\/taxiwordpress.com\/nl\/wp-json\/wp\/v2\/pages\/2114","targetHints":{"allow":["GET"]}}],"collection":[{"href":"https:\/\/taxiwordpress.com\/nl\/wp-json\/wp\/v2\/pages"}],"about":[{"href":"https:\/\/taxiwordpress.com\/nl\/wp-json\/wp\/v2\/types\/page"}],"author":[{"embeddable":true,"href":"https:\/\/taxiwordpress.com\/nl\/wp-json\/wp\/v2\/users\/1"}],"replies":[{"embeddable":true,"href":"https:\/\/taxiwordpress.com\/nl\/wp-json\/wp\/v2\/comments?post=2114"}],"version-history":[{"count":0,"href":"https:\/\/taxiwordpress.com\/nl\/wp-json\/wp\/v2\/pages\/2114\/revisions"}],"wp:attachment":[{"href":"https:\/\/taxiwordpress.com\/nl\/wp-json\/wp\/v2\/media?parent=2114"}],"curies":[{"name":"wp","href":"https:\/\/api.w.org\/{rel}","templated":true}]}}