{"id":2114,"date":"2023-05-04T18:55:55","date_gmt":"2023-05-04T17:55:55","guid":{"rendered":"https:\/\/taxiwordpress.com\/?page_id=2114"},"modified":"2023-05-04T19:04:38","modified_gmt":"2023-05-04T18:04:38","slug":"termos-e-condicoes","status":"publish","type":"page","link":"https:\/\/taxiwordpress.com\/pt\/termos-e-condicoes\/","title":{"rendered":"termos e Condi\u00e7\u00f5es"},"content":{"rendered":"<div class=\"wpb-content-wrapper\"><section class=\"wpb_row vc_row-fluid\"><div class=\"container\"><div class=\"vc_row\"><div class=\"wpb_column vc_column_container vc_col-sm-12\"><div class=\"vc_column-inner\"><div class=\"wpb_wrapper\"><div class=\"vc_empty_space\"   style=\"height: 32px\"><span class=\"vc_empty_space_inner\"><\/span><\/div>\n    <div class=\"section-head\">\n                <h2 class=\"section-title\">Termos e Condi\u00e7\u00f5es do Plug-in WordPress de T\u00e1xi<\/h2>\n            <\/div>\n\n<div class=\"vc_empty_space\"   style=\"height: 32px\"><span class=\"vc_empty_space_inner\"><\/span><\/div>\n\t<div class=\"wpb_text_column wpb_content_element\" >\n\t\t<div class=\"wpb_wrapper\">\n\t\t\t<ol class=\"my-2\">\n<li class=\"ml-4 flex gap-2\"><strong>Aceita\u00e7\u00e3o dos Termos.<\/strong>\u00a0Ao usar o Taxi WordPress Plugin (o \u201cPlugin\u201d), voc\u00ea concorda com estes Termos e Condi\u00e7\u00f5es (\u201cTermos\u201d). Se voc\u00ea n\u00e3o concorda com estes Termos, n\u00e3o use o Plugin.<\/li>\n<li class=\"ml-4 flex gap-2\"><strong>Licen\u00e7a.<\/strong>\u00a0Concedemos a voc\u00ea uma licen\u00e7a limitada, n\u00e3o exclusiva, intransfer\u00edvel e revog\u00e1vel para usar o plug-in para fins pessoais ou comerciais, sujeito a estes Termos e a quaisquer leis e regulamentos aplic\u00e1veis.<\/li>\n<li class=\"ml-4 flex gap-2\"><strong>Modifica\u00e7\u00e3o.<\/strong>\u00a0Reservamo-nos o direito de modificar ou atualizar estes Termos a qualquer momento sem aviso pr\u00e9vio. Seu uso continuado do Plug-in ap\u00f3s tais modifica\u00e7\u00f5es ou atualiza\u00e7\u00f5es constitui sua aceita\u00e7\u00e3o dos Termos revisados.<\/li>\n<li class=\"ml-4 flex gap-2\"><strong>Propriedade intelectual.<\/strong>\u00a0O plug-in e todo o conte\u00fado e materiais relacionados ao plug-in, incluindo, entre outros, texto, gr\u00e1ficos, logotipos, imagens e software, s\u00e3o de nossa propriedade ou de nossos licenciadores e s\u00e3o protegidos por direitos autorais, marcas registradas e outras leis de propriedade intelectual .<\/li>\n<li class=\"ml-4 flex gap-2\"><strong>Limita\u00e7\u00e3o de responsabilidade.<\/strong>\u00a0N\u00e3o somos respons\u00e1veis por quaisquer danos, incluindo, entre outros, danos diretos, indiretos, incidentais, consequenciais ou punitivos decorrentes ou relacionados ao uso do Plug-in ou destes Termos.<\/li>\n<li class=\"ml-4 flex gap-2\"><strong>Indeniza\u00e7\u00e3o.<\/strong>\u00a0Voc\u00ea concorda em indenizar, defender e isentar-nos de quaisquer reivindica\u00e7\u00f5es, danos, responsabilidades, custos e despesas, incluindo honor\u00e1rios advocat\u00edcios razo\u00e1veis, decorrentes ou relacionados ao seu uso do Plug-in ou \u00e0 viola\u00e7\u00e3o destes Termos.<\/li>\n<li class=\"ml-4 flex gap-2\"><strong>Termina\u00e7\u00e3o.<\/strong>\u00a0Podemos rescindir sua licen\u00e7a de uso do Plugin a qualquer momento, com ou sem justa causa, sem aviso pr\u00e9vio. Ap\u00f3s a rescis\u00e3o, voc\u00ea deve interromper imediatamente todo o uso do plug-in e excluir todas as c\u00f3pias do plug-in do seu computador ou dispositivo.<\/li>\n<li class=\"ml-4 flex gap-2\"><strong>Lei Aplic\u00e1vel.<\/strong>\u00a0Estes Termos e seu uso do Plug-in s\u00e3o regidos pelas leis do estado ou pa\u00eds em que estamos localizados, independentemente de seu conflito de provis\u00f5es legais.<\/li>\n<li class=\"ml-4 flex gap-2\"><strong>Total acordo.<\/strong>\u00a0Estes Termos constituem o acordo integral entre voc\u00ea e n\u00f3s em rela\u00e7\u00e3o ao uso do Plugin e substituem todos os acordos e entendimentos anteriores, escritos ou verbais.<\/li>\n<\/ol>\n<div class=\"\">Se voc\u00ea tiver alguma d\u00favida ou preocupa\u00e7\u00e3o sobre estes Termos, por favor <a href=\"https:\/\/taxiwordpress.com\/pt\/contate-nos\/\">Contate-nos<\/a><\/div>\n\n\t\t<\/div>\n\t<\/div>\n<div class=\"vc_empty_space\"   style=\"height: 32px\"><span class=\"vc_empty_space_inner\"><\/span><\/div><\/div><\/div><\/div><\/div><\/div><\/section>\n<\/div>","protected":false},"excerpt":{"rendered":"T&C for Taxi WordPress Plugin Acceptance of Terms.\u00a0By using the Taxi WordPress Plugin (the \u201cPlugin\u201d), you agree to these Terms and Conditions (\u201cTerms\u201d). If you do not agree to these Terms, do not use the Plugin. License.\u00a0We grant you a limited, non-exclusive, non-transferable, and revocable license to use the Plugin for your personal or commercial [...]","protected":false},"author":1,"featured_media":0,"parent":0,"menu_order":0,"comment_status":"closed","ping_status":"closed","template":"","meta":{"om_disable_all_campaigns":false,"footnotes":""},"class_list":["post-2114","page","type-page","status-publish","hentry"],"_links":{"self":[{"href":"https:\/\/taxiwordpress.com\/pt\/wp-json\/wp\/v2\/pages\/2114","targetHints":{"allow":["GET"]}}],"collection":[{"href":"https:\/\/taxiwordpress.com\/pt\/wp-json\/wp\/v2\/pages"}],"about":[{"href":"https:\/\/taxiwordpress.com\/pt\/wp-json\/wp\/v2\/types\/page"}],"author":[{"embeddable":true,"href":"https:\/\/taxiwordpress.com\/pt\/wp-json\/wp\/v2\/users\/1"}],"replies":[{"embeddable":true,"href":"https:\/\/taxiwordpress.com\/pt\/wp-json\/wp\/v2\/comments?post=2114"}],"version-history":[{"count":0,"href":"https:\/\/taxiwordpress.com\/pt\/wp-json\/wp\/v2\/pages\/2114\/revisions"}],"wp:attachment":[{"href":"https:\/\/taxiwordpress.com\/pt\/wp-json\/wp\/v2\/media?parent=2114"}],"curies":[{"name":"wp","href":"https:\/\/api.w.org\/{rel}","templated":true}]}}