{"id":2125,"date":"2023-05-04T19:06:52","date_gmt":"2023-05-04T18:06:52","guid":{"rendered":"https:\/\/taxiwordpress.com\/?page_id=2125"},"modified":"2023-05-04T19:15:03","modified_gmt":"2023-05-04T18:15:03","slug":"politica-de-privacidade","status":"publish","type":"page","link":"https:\/\/taxiwordpress.com\/pt\/politica-de-privacidade\/","title":{"rendered":"pol\u00edtica de Privacidade"},"content":{"rendered":"<div class=\"wpb-content-wrapper\"><section class=\"wpb_row vc_row-fluid\"><div class=\"container\"><div class=\"vc_row\"><div class=\"wpb_column vc_column_container vc_col-sm-12\"><div class=\"vc_column-inner\"><div class=\"wpb_wrapper\"><div class=\"vc_empty_space\"   style=\"height: 32px\"><span class=\"vc_empty_space_inner\"><\/span><\/div>\n    <div class=\"section-head\">\n                <h2 class=\"section-title\">pol\u00edtica de Privacidade<\/h2>\n            <\/div>\n\n<div class=\"vc_empty_space\"   style=\"height: 32px\"><span class=\"vc_empty_space_inner\"><\/span><\/div>\n\t<div class=\"wpb_text_column wpb_content_element\" >\n\t\t<div class=\"wpb_wrapper\">\n\t\t\t<div class=\"\">Esta Pol\u00edtica de Privacidade descreve como coletamos, usamos e divulgamos informa\u00e7\u00f5es quando voc\u00ea usa nosso Taxi WordPress Plugin (o \u201cPlugin\u201d).<\/div>\n<div class=\"\"><strong>Informa\u00e7\u00f5es que coletamos<\/strong><\/div>\n<div class=\"\">Podemos coletar as seguintes informa\u00e7\u00f5es de voc\u00ea:<\/div>\n<ol class=\"my-2\">\n<li class=\"ml-4 flex gap-2\">\n<div>\n<div class=\"rounded-full h-1 w-1 bg-primary-300 mt-&#091;10px&#093;\"><\/div>\n<\/div>\n<div class=\"\"><strong>Informa\u00e7\u00f5es pessoais:<\/strong>\u00a0Quando voc\u00ea usa nosso Plugin, podemos coletar informa\u00e7\u00f5es pessoais como seu nome, endere\u00e7o de e-mail e n\u00famero de telefone.<\/div>\n<\/li>\n<li class=\"ml-4 flex gap-2\">\n<div>\n<div class=\"rounded-full h-1 w-1 bg-primary-300 mt-&#091;10px&#093;\"><\/div>\n<\/div>\n<div class=\"\"><strong>Informa\u00e7\u00f5es de uso:<\/strong>\u00a0Podemos coletar informa\u00e7\u00f5es sobre como voc\u00ea usa nosso Plugin, como as p\u00e1ginas que voc\u00ea visita e os recursos que usa.<\/div>\n<\/li>\n<li class=\"ml-4 flex gap-2\">\n<div>\n<div class=\"rounded-full h-1 w-1 bg-primary-300 mt-&#091;10px&#093;\"><\/div>\n<\/div>\n<div class=\"\"><strong>Informa\u00e7\u00e3o de dispositivo:<\/strong>\u00a0Podemos coletar informa\u00e7\u00f5es sobre o dispositivo que voc\u00ea usa para acessar nosso plug-in, como seu endere\u00e7o IP, tipo de navegador e sistema operacional.<\/div>\n<\/li>\n<\/ol>\n<div class=\"\"><strong>Como usamos as informa\u00e7\u00f5es<\/strong><\/div>\n<div class=\"\">Podemos usar as informa\u00e7\u00f5es que coletamos para os seguintes fins:<\/div>\n<ol class=\"my-2\">\n<li class=\"ml-4 flex gap-2\">\n<div>\n<div class=\"rounded-full h-1 w-1 bg-primary-300 mt-&#091;10px&#093;\"><\/div>\n<\/div>\n<div class=\"\">Para fornecer e manter nosso Plugin.<\/div>\n<\/li>\n<li class=\"ml-4 flex gap-2\">\n<div>\n<div class=\"rounded-full h-1 w-1 bg-primary-300 mt-&#091;10px&#093;\"><\/div>\n<\/div>\n<div class=\"\">Para melhorar nosso Plugin e desenvolver novos recursos.<\/div>\n<\/li>\n<li class=\"ml-4 flex gap-2\">\n<div>\n<div class=\"rounded-full h-1 w-1 bg-primary-300 mt-&#091;10px&#093;\"><\/div>\n<\/div>\n<div class=\"\">Para se comunicar com voc\u00ea sobre nosso Plugin, incluindo atualiza\u00e7\u00f5es e promo\u00e7\u00f5es.<\/div>\n<\/li>\n<li class=\"ml-4 flex gap-2\">\n<div>\n<div class=\"rounded-full h-1 w-1 bg-primary-300 mt-&#091;10px&#093;\"><\/div>\n<\/div>\n<div class=\"\">Para proteger nossos direitos e interesses, como no caso de uma disputa legal.<\/div>\n<\/li>\n<\/ol>\n<div class=\"\"><strong>Como Compartilhamos Informa\u00e7\u00f5es<\/strong><\/div>\n<div class=\"\">Podemos compartilhar as informa\u00e7\u00f5es que coletamos com as seguintes partes:<\/div>\n<ol class=\"my-2\">\n<li class=\"ml-4 flex gap-2\">\n<div>\n<div class=\"rounded-full h-1 w-1 bg-primary-300 mt-&#091;10px&#093;\"><\/div>\n<\/div>\n<div class=\"\"><strong>Provedores de servi\u00e7o:<\/strong>\u00a0Podemos compartilhar informa\u00e7\u00f5es com provedores de servi\u00e7os terceirizados que nos ajudam a fornecer e manter nosso Plugin.<\/div>\n<\/li>\n<li class=\"ml-4 flex gap-2\">\n<div>\n<div class=\"rounded-full h-1 w-1 bg-primary-300 mt-&#091;10px&#093;\"><\/div>\n<\/div>\n<div class=\"\"><strong>Obriga\u00e7\u00f5es legais:<\/strong>\u00a0Podemos compartilhar informa\u00e7\u00f5es se exigido por lei ou em resposta a uma solicita\u00e7\u00e3o legal.<\/div>\n<\/li>\n<li class=\"ml-4 flex gap-2\">\n<div>\n<div class=\"rounded-full h-1 w-1 bg-primary-300 mt-&#091;10px&#093;\"><\/div>\n<\/div>\n<div class=\"\"><strong>Transfer\u00eancias de neg\u00f3cios:<\/strong>\u00a0Podemos compartilhar informa\u00e7\u00f5es relacionadas a uma transa\u00e7\u00e3o comercial, como uma fus\u00e3o ou aquisi\u00e7\u00e3o.<\/div>\n<\/li>\n<\/ol>\n<div class=\"\"><strong>Suas escolhas<\/strong><\/div>\n<div class=\"\">Voc\u00ea pode optar por n\u00e3o nos fornecer determinadas informa\u00e7\u00f5es, mas isso pode limitar sua capacidade de usar determinados recursos do nosso Plug-in.<\/div>\n<div class=\"\"><strong>Seguran\u00e7a<\/strong><\/div>\n<div class=\"\">Tomamos medidas razo\u00e1veis para proteger as informa\u00e7\u00f5es que coletamos de acesso ou divulga\u00e7\u00e3o n\u00e3o autorizados.<\/div>\n<div class=\"\"><strong>Altera\u00e7\u00f5es a esta Pol\u00edtica de Privacidade<\/strong><\/div>\n<div class=\"\">Podemos atualizar esta Pol\u00edtica de Privacidade de tempos em tempos. Iremos notific\u00e1-lo sobre quaisquer altera\u00e7\u00f5es publicando a nova Pol\u00edtica de Privacidade em nosso site.<\/div>\n<div class=\"\"><strong>Contate-nos<\/strong><\/div>\n<div class=\"\">Se voc\u00ea tiver alguma d\u00favida sobre esta Pol\u00edtica de Privacidade, por favor <a href=\"https:\/\/taxiwordpress.com\/pt\/contate-nos\/\">Contate-nos<\/a>.<\/div>\n\n\t\t<\/div>\n\t<\/div>\n<div class=\"vc_empty_space\"   style=\"height: 32px\"><span class=\"vc_empty_space_inner\"><\/span><\/div><\/div><\/div><\/div><\/div><\/div><\/section>\n<\/div>","protected":false},"excerpt":{"rendered":"Pol\u00edtica de Privacidade Esta Pol\u00edtica de Privacidade descreve como coletamos, usamos e divulgamos informa\u00e7\u00f5es quando voc\u00ea usa nosso Plugin Taxi WordPress (o &quot;Plugin&quot;). Informa\u00e7\u00f5es que coletamos Podemos coletar as seguintes informa\u00e7\u00f5es suas: Informa\u00e7\u00f5es pessoais: quando voc\u00ea usa nosso plug-in, podemos coletar informa\u00e7\u00f5es pessoais, como seu nome, endere\u00e7o de e-mail e n\u00famero de telefone. Informa\u00e7\u00f5es de uso: N\u00f3s [...]","protected":false},"author":1,"featured_media":0,"parent":0,"menu_order":0,"comment_status":"closed","ping_status":"closed","template":"","meta":{"om_disable_all_campaigns":false,"footnotes":""},"class_list":["post-2125","page","type-page","status-publish","hentry"],"_links":{"self":[{"href":"https:\/\/taxiwordpress.com\/pt\/wp-json\/wp\/v2\/pages\/2125","targetHints":{"allow":["GET"]}}],"collection":[{"href":"https:\/\/taxiwordpress.com\/pt\/wp-json\/wp\/v2\/pages"}],"about":[{"href":"https:\/\/taxiwordpress.com\/pt\/wp-json\/wp\/v2\/types\/page"}],"author":[{"embeddable":true,"href":"https:\/\/taxiwordpress.com\/pt\/wp-json\/wp\/v2\/users\/1"}],"replies":[{"embeddable":true,"href":"https:\/\/taxiwordpress.com\/pt\/wp-json\/wp\/v2\/comments?post=2125"}],"version-history":[{"count":0,"href":"https:\/\/taxiwordpress.com\/pt\/wp-json\/wp\/v2\/pages\/2125\/revisions"}],"wp:attachment":[{"href":"https:\/\/taxiwordpress.com\/pt\/wp-json\/wp\/v2\/media?parent=2125"}],"curies":[{"name":"wp","href":"https:\/\/api.w.org\/{rel}","templated":true}]}}