{"id":2135,"date":"2023-05-04T19:40:58","date_gmt":"2023-05-04T18:40:58","guid":{"rendered":"https:\/\/taxiwordpress.com\/?page_id=2135"},"modified":"2025-10-07T19:36:30","modified_gmt":"2025-10-07T18:36:30","slug":"comprar-comprar","status":"publish","type":"page","link":"https:\/\/taxiwordpress.com\/pt\/comprar-comprar\/","title":{"rendered":"Comprar a compra"},"content":{"rendered":"<div class=\"wpb-content-wrapper\"><section class=\"wpb_row vc_row-fluid vc_custom_1759862188194\"><div class=\"container\"><div class=\"vc_row\"><div class=\"wpb_column vc_column_container vc_col-sm-8\"><div class=\"vc_column-inner vc_custom_1759862150004\"><div class=\"wpb_wrapper\"><div class=\"vc_empty_space\"   style=\"height: 32px\"><span class=\"vc_empty_space_inner\"><\/span><\/div>\n    <div class=\"section-head\">\n                <h2 class=\"section-title\">Processo de Check-out<\/h2>\n            <\/div>\n\n<div class=\"vc_empty_space\"   style=\"height: 32px\"><span class=\"vc_empty_space_inner\"><\/span><\/div>\n\t<div class=\"wpb_raw_code wpb_raw_html wpb_content_element vc_custom_1759862108890\" >\n\t\t<div class=\"wpb_wrapper\">\n\t\t\t<script src=\"https:\/\/app.taxiwordpress.com\/iframe-resizer\/iframeResizer.min.js\"><\/script><iframe loading=\"lazy\" id=\"myIframe\" src=\"https:\/\/app.taxiwordpress.com\/registration\/new_customer.php\" width=\"100%\" min-width=\"100%\" height=\"1800px\" frameborder=\"0\" scrolling=\"no\"><\/iframe><script>iFrameResize({ log: true }, '#myIframe')<\/script>\n\n\t\t<\/div>\n\t<\/div>\n<\/div><\/div><\/div><div class=\"wpb_column vc_column_container vc_col-sm-4\"><div class=\"vc_column-inner\"><div class=\"wpb_wrapper\"><div class=\"vc_empty_space\"   style=\"height: 32px\"><span class=\"vc_empty_space_inner\"><\/span><\/div>\n    <div class=\"section-head\">\n                <h2 class=\"section-title\">Pagamento seguro<\/h2>\n            <\/div>\n\n\n\t<div class=\"wpb_text_column wpb_content_element\" >\n\t\t<div class=\"wpb_wrapper\">\n\t\t\t<p>Nossa integra\u00e7\u00e3o com o PayPal garante que seu pagamento seja processado com seguran\u00e7a e efici\u00eancia, proporcionando tranquilidade durante o processo de finaliza\u00e7\u00e3o da compra.<\/p>\n\n\t\t<\/div>\n\t<\/div>\n\n\t<div  class=\"wpb_single_image wpb_content_element vc_align_center wpb_content_element\">\n\t\t\n\t\t<figure class=\"wpb_wrapper vc_figure\">\n\t\t\t<div class=\"vc_single_image-wrapper   vc_box_border_grey\"><img loading=\"lazy\" decoding=\"async\" width=\"302\" height=\"92\" src=\"https:\/\/taxiwordpress.com\/wp-content\/uploads\/2023\/05\/paypal_secure_payment.png\" class=\"vc_single_image-img attachment-full\" alt=\"paypal_secure_payment\" title=\"paypal_secure_payment\" srcset=\"https:\/\/taxiwordpress.com\/wp-content\/uploads\/2023\/05\/paypal_secure_payment.png 302w, https:\/\/taxiwordpress.com\/wp-content\/uploads\/2023\/05\/paypal_secure_payment-300x91.png 300w\" sizes=\"auto, (max-width: 302px) 100vw, 302px\" \/><\/div>\n\t\t<\/figure>\n\t<\/div>\n<div class=\"vc_empty_space\"   style=\"height: 32px\"><span class=\"vc_empty_space_inner\"><\/span><\/div>\n    <div class=\"section-head\">\n                <h2 class=\"section-title\">Preencha o formul\u00e1rio com dados precisos para configurar seu neg\u00f3cio<\/h2>\n            <\/div>\n\n\n\t<div class=\"wpb_text_column wpb_content_element\" >\n\t\t<div class=\"wpb_wrapper\">\n\t\t\t<div class=\"flex-grow py-4 rounded-lg flex flex-col gap-4 overflow-y-auto\">\n<div>\n<div class=\"flex-grow lg:max-w-&#091;70%&#093; max-w-&#091;90%&#093; flex gap-2 w-full justify-start items-end\">\n<div class=\"bg-primary-650 text-white rounded-2xl py-2 px-3\">\n<div class=\"flex flex-col gap-2\">\n<div class=\"\">Para criar sua empresa e come\u00e7ar a utilizar nossos servi\u00e7os, \u00e9 importante que voc\u00ea forne\u00e7a informa\u00e7\u00f5es precisas no formul\u00e1rio. Se voc\u00ea for um revendedor ou desenvolvedor da Web, poder\u00e1 usar suas informa\u00e7\u00f5es pessoais por enquanto e atualiz\u00e1-las posteriormente no painel de controle na guia Empresa.<\/div>\n<div class=\"\">No entanto, \u00e9 crucial que voc\u00ea forne\u00e7a os dados reais de localiza\u00e7\u00e3o do seu neg\u00f3cio para garantir que seus servi\u00e7os sejam configurados corretamente. Isso inclui seu endere\u00e7o comercial, n\u00famero de telefone e outros detalhes relevantes. Ao fornecer informa\u00e7\u00f5es precisas, voc\u00ea pode nos ajudar a criar um processo de configura\u00e7\u00e3o perfeito e garantir que sua empresa esteja funcionando rapidamente.<\/div>\n<div class=\"\">Obrigado por sua coopera\u00e7\u00e3o em fornecer informa\u00e7\u00f5es precisas para nos ajudar a atend\u00ea-lo melhor.<\/div>\n<\/div>\n<\/div>\n<\/div>\n<\/div>\n<div><\/div>\n<\/div>\n<div class=\"pt-4\"><\/div>\n\n\t\t<\/div>\n\t<\/div>\n<\/div><\/div><\/div><\/div><\/div><\/section>\n<\/div>","protected":false},"excerpt":{"rendered":"Processo de checkout Pagamento seguro Nossa integra\u00e7\u00e3o com o PayPal garante que seu pagamento seja processado de forma segura e eficiente, proporcionando tranquilidade durante o processo de checkout. Preencha o formul\u00e1rio com dados precisos para montar seu neg\u00f3cio Para criar sua empresa e come\u00e7ar a utilizar nossos servi\u00e7os, \u00e9 importante que voc\u00ea forne\u00e7a informa\u00e7\u00f5es precisas no formul\u00e1rio. [...]","protected":false},"author":1,"featured_media":0,"parent":0,"menu_order":0,"comment_status":"closed","ping_status":"closed","template":"","meta":{"om_disable_all_campaigns":false,"footnotes":""},"class_list":["post-2135","page","type-page","status-publish","hentry"],"_links":{"self":[{"href":"https:\/\/taxiwordpress.com\/pt\/wp-json\/wp\/v2\/pages\/2135","targetHints":{"allow":["GET"]}}],"collection":[{"href":"https:\/\/taxiwordpress.com\/pt\/wp-json\/wp\/v2\/pages"}],"about":[{"href":"https:\/\/taxiwordpress.com\/pt\/wp-json\/wp\/v2\/types\/page"}],"author":[{"embeddable":true,"href":"https:\/\/taxiwordpress.com\/pt\/wp-json\/wp\/v2\/users\/1"}],"replies":[{"embeddable":true,"href":"https:\/\/taxiwordpress.com\/pt\/wp-json\/wp\/v2\/comments?post=2135"}],"version-history":[{"count":5,"href":"https:\/\/taxiwordpress.com\/pt\/wp-json\/wp\/v2\/pages\/2135\/revisions"}],"predecessor-version":[{"id":2412,"href":"https:\/\/taxiwordpress.com\/pt\/wp-json\/wp\/v2\/pages\/2135\/revisions\/2412"}],"wp:attachment":[{"href":"https:\/\/taxiwordpress.com\/pt\/wp-json\/wp\/v2\/media?parent=2135"}],"curies":[{"name":"wp","href":"https:\/\/api.w.org\/{rel}","templated":true}]}}