{"id":2146,"date":"2023-05-06T07:56:51","date_gmt":"2023-05-06T06:56:51","guid":{"rendered":"https:\/\/taxiwordpress.com\/?page_id=2146"},"modified":"2023-05-13T16:47:51","modified_gmt":"2023-05-13T15:47:51","slug":"precos","status":"publish","type":"page","link":"https:\/\/taxiwordpress.com\/pt\/precos\/","title":{"rendered":"Pre\u00e7os"},"content":{"rendered":"<div class=\"wpb-content-wrapper\"><section class=\"wpb_row vc_row-fluid\"><div class=\"container\"><div class=\"vc_row\"><div class=\"wpb_column vc_column_container vc_col-sm-12\"><div class=\"vc_column-inner vc_custom_1683361845543\"><div class=\"wpb_wrapper\">\n    <div class=\"section-head\">\n                <h2 class=\"section-title\">Tabela de pre\u00e7os<\/h2>\n            <\/div>\n\n\n\t<div class=\"wpb_text_column wpb_content_element\" >\n\t\t<div class=\"wpb_wrapper\">\n\t\t\t<div id=\"rpt_pricr\" class=\"rpt_plans rpt_3_plans rpt_style_basic\"><div class=\"\"><div class=\"rpt_plan  rpt_plugin_f rpt_plan_0\"><div style=\"text-align:center;\" class=\"rpt_title rpt_title_0\">Bronze<\/div><div class=\"rpt_head rpt_head_0\"><div class=\"rpt_recurrence rpt_recurrence_0\">Taxa Anual 49 \u00a3<\/div><div class=\"rpt_price rpt_price_0\">99 \u00a3<\/div><div style=\"color:#dd9933;\" class=\"rpt_subtitle rpt_subtitle_0\">Licen\u00e7a de software<\/div><div class=\"rpt_description rpt_description_0\">Apenas gateway de pagamento Paypal<\/div><\/div><div class=\"rpt_custom_btn\" style=\"background-color:#dd9933\"><a target=\"_self\" href=\"\/pt\/comprar-comprar\/\" style=\"background:#dd9933;\" class=\"rpt_foot rpt_foot_0\">Comprar<\/a><\/div><\/div><div class=\"rpt_plan  rpt_plugin_f rpt_plan_1 rpt_recommended_plan\"><div style=\"text-align:center;\" class=\"rpt_title rpt_title_1\">Prata<img decoding=\"async\" style=\"height:30px !important; width:30px !important;\" class=\"rpt_recommended\" src=\"https:\/\/taxiwordpress.com\/wp-content\/plugins\/dk-pricr-responsive-pricing-table\/inc\/img\/rpt_recommended.png\"\/><\/div><div class=\"rpt_head rpt_head_1\"><div class=\"rpt_recurrence rpt_recurrence_1\">Taxa Anual 99 \u00a3<\/div><div class=\"rpt_price rpt_price_1\">149 \u00a3<\/div><div style=\"color:#f26522;\" class=\"rpt_subtitle rpt_subtitle_1\">Licen\u00e7a de software<\/div><div class=\"rpt_description rpt_description_1\">Com Stripe Payment Gateway<\/div><\/div><div class=\"rpt_custom_btn\" style=\"background-color:#f26522\"><a target=\"_self\" href=\"#\" style=\"background:#f26522\" class=\"rpt_foot rpt_foot_0\">Breve<\/a><\/div><\/div><div class=\"rpt_plan  rpt_plugin_f rpt_plan_2\"><div style=\"text-align:center;\" class=\"rpt_title rpt_title_2\">Ouro<\/div><div class=\"rpt_head rpt_head_2\"><div class=\"rpt_recurrence rpt_recurrence_2\">Taxa Anual 149 \u00a3<\/div><div class=\"rpt_price rpt_price_2\">250 \u00a3<\/div><div style=\"color:#dd9933;\" class=\"rpt_subtitle rpt_subtitle_2\">Licen\u00e7a de software<\/div><div class=\"rpt_description rpt_description_2\">Com listra e site<\/div><\/div><div class=\"rpt_custom_btn\" style=\"background-color:#dd9933\"><a target=\"_self\" href=\"#\" style=\"background:#dd9933\" class=\"rpt_foot rpt_foot_0\">Breve<\/a><\/div><\/div><\/div><\/div><div style=\"clear:both;\"><\/div>\n\n\t\t<\/div>\n\t<\/div>\n<div class=\"vc_empty_space\"   style=\"height: 32px\"><span class=\"vc_empty_space_inner\"><\/span><\/div><\/div><\/div><\/div><\/div><\/div><\/section><section id=\"faq\" class=\"wpb_row vc_row-fluid\"><div class=\"container\"><div class=\"vc_row\"><div class=\"wpb_column vc_column_container vc_col-sm-12\"><div class=\"vc_column-inner\"><div class=\"wpb_wrapper\"><div class=\"vc_empty_space\"   style=\"height: 32px\"><span class=\"vc_empty_space_inner\"><\/span><\/div>\n    <div class=\"section-head\">\n                    <h6><span>FAQ&#039;s - Clique nas perguntas para ver as respostas<\/span><\/h6>\n                <h2 class=\"section-title\">Perguntas Frequentes<\/h2>\n            <\/div>\n\n<div class=\"vc_empty_space\"   style=\"height: 32px\"><span class=\"vc_empty_space_inner\"><\/span><\/div><div  class=\"vc_do_toggle vc_toggle vc_toggle_default vc_toggle_color_default  vc_toggle_size_md\"><div class=\"vc_toggle_title\"><h4>Por que eu tenho que pagar taxa anual?<\/h4><i class=\"vc_toggle_icon\"><\/i><\/div><div class=\"vc_toggle_content\"><p>A raz\u00e3o pela qual voc\u00ea tem que pagar uma taxa anual por um plug-in de nuvem para WordPress \u00e9 porque o plug-in requer manuten\u00e7\u00e3o e suporte cont\u00ednuos para mant\u00ea-lo atualizado e funcionando corretamente. Isso inclui atualiza\u00e7\u00f5es regulares para garantir a compatibilidade com as vers\u00f5es mais recentes do WordPress, patches de seguran\u00e7a para prote\u00e7\u00e3o contra vulnerabilidades e suporte t\u00e9cnico para ajud\u00e1-lo com quaisquer problemas que voc\u00ea possa encontrar. Al\u00e9m disso, a taxa anual tamb\u00e9m pode cobrir o custo dos servi\u00e7os de hospedagem em nuvem usados pelo plug-in para armazenar e gerenciar os dados do seu site. Portanto, pagar uma taxa anual garante que voc\u00ea receba suporte cont\u00ednuo, manuten\u00e7\u00e3o e acesso aos recursos e atualiza\u00e7\u00f5es mais recentes do plug-in.<\/p>\n<\/div><\/div><div  class=\"vc_do_toggle vc_toggle vc_toggle_default vc_toggle_color_default  vc_toggle_size_md\"><div class=\"vc_toggle_title\"><h4>Quais s\u00e3o os recursos do plug-in?<\/h4><i class=\"vc_toggle_icon\"><\/i><\/div><div class=\"vc_toggle_content\"><div class=\"\">Nosso software est\u00e1 repleto de recursos que o ajudar\u00e3o a simplificar suas opera\u00e7\u00f5es, melhorar a satisfa\u00e7\u00e3o do cliente e expandir seus neg\u00f3cios. Aqui est\u00e1 o que voc\u00ea pode esperar:<\/div>\n<div class=\"\">Com base no Google A a B com paradas no caminho: nosso software usa o Google Maps para calcular a melhor rota para seus clientes, incluindo as paradas que eles precisam fazer ao longo do caminho.<\/div>\n<div>\n<div class=\"rounded-full h-1 w-1 bg-primary-300 mt-&#091;10px&#093;\"><\/div>\n<\/div>\n<div class=\"\">Receba reservas\/reservas diretas: os clientes podem reservar um t\u00e1xi diretamente atrav\u00e9s do seu site ou aplicativo m\u00f3vel, sem necessidade de telefonemas ou e-mails.<\/div>\n<div>\n<div class=\"rounded-full h-1 w-1 bg-primary-300 mt-&#091;10px&#093;\"><\/div>\n<\/div>\n<div class=\"\">Cota\u00e7\u00e3o de Tarifa Imediata: Nosso software pode fornecer uma cota\u00e7\u00e3o de tarifa instant\u00e2nea com base na dist\u00e2ncia e hora do dia.<\/div>\n<div>\n<div class=\"rounded-full h-1 w-1 bg-primary-300 mt-&#091;10px&#093;\"><\/div>\n<\/div>\n<div class=\"\">Configura\u00e7\u00e3o de pre\u00e7os de ve\u00edculos: voc\u00ea pode configurar diferentes n\u00edveis de pre\u00e7os para diferentes tipos de ve\u00edculos, como carros de luxo ou vans.<\/div>\n<div>\n<div class=\"rounded-full h-1 w-1 bg-primary-300 mt-&#091;10px&#093;\"><\/div>\n<\/div>\n<div class=\"\">Imagens de cabe\u00e7alho e rodap\u00e9: personalize sua p\u00e1gina de reserva com sua pr\u00f3pria marca e imagens.<\/div>\n<div>\n<div class=\"rounded-full h-1 w-1 bg-primary-300 mt-&#091;10px&#093;\"><\/div>\n<\/div>\n<div class=\"\">Modelo de e-mail: envie e-mails automatizados para clientes confirmando sua reserva e fornecendo todos os detalhes necess\u00e1rios.<\/div>\n<div>\n<div class=\"rounded-full h-1 w-1 bg-primary-300 mt-&#091;10px&#093;\"><\/div>\n<\/div>\n<div class=\"\">Multil\u00edngue: Nosso software oferece suporte a v\u00e1rios idiomas, para que voc\u00ea possa atender clientes de todo o mundo.<\/div>\n<div>\n<div class=\"rounded-full h-1 w-1 bg-primary-300 mt-&#091;10px&#093;\"><\/div>\n<\/div>\n<div class=\"\">Atribuir motorista \u00e0 reserva: atribua um motorista espec\u00edfico a uma reserva para garantir um embarque e desembarque tranquilos.<\/div>\n<div>\n<div class=\"rounded-full h-1 w-1 bg-primary-300 mt-&#091;10px&#093;\"><\/div>\n<\/div>\n<div class=\"\">Atribuir carro \u00e0 reserva: atribua um carro espec\u00edfico a uma reserva para garantir que o cliente receba o tipo de ve\u00edculo de que precisa.<\/div>\n<div>\n<div class=\"rounded-full h-1 w-1 bg-primary-300 mt-&#091;10px&#093;\"><\/div>\n<\/div>\n<div class=\"\">Carregue as imagens da sua frota: Carregue imagens da sua frota para mostrar aos clientes os ve\u00edculos que podem escolher.<\/div>\n<div>\n<div class=\"rounded-full h-1 w-1 bg-primary-300 mt-&#091;10px&#093;\"><\/div>\n<\/div>\n<div class=\"\">Contas corporativas: configure contas corporativas para empresas que usam regularmente seu servi\u00e7o de t\u00e1xi.<\/div>\n<div>\n<div class=\"rounded-full h-1 w-1 bg-primary-300 mt-&#091;10px&#093;\"><\/div>\n<\/div>\n<div class=\"\">Controle de CSS: personalize a apar\u00eancia da sua p\u00e1gina de reserva usando CSS.<\/div>\n<div>\n<div class=\"rounded-full h-1 w-1 bg-primary-300 mt-&#091;10px&#093;\"><\/div>\n<\/div>\n<div class=\"\">Faturamento para clientes: gere e envie automaticamente faturas para clientes.<\/div>\n<div>\n<div class=\"rounded-full h-1 w-1 bg-primary-300 mt-&#091;10px&#093;\"><\/div>\n<\/div>\n<div class=\"\">Faturamento para Motoristas: Gere e envie automaticamente faturas para motoristas.<\/div>\n<div>\n<div class=\"rounded-full h-1 w-1 bg-primary-300 mt-&#091;10px&#093;\"><\/div>\n<\/div>\n<div class=\"\">Pre\u00e7o de ida: configure pre\u00e7os para viagens de ida.<\/div>\n<div>\n<div class=\"rounded-full h-1 w-1 bg-primary-300 mt-&#091;10px&#093;\"><\/div>\n<\/div>\n<div class=\"\">Pre\u00e7o de retorno: configure pre\u00e7os para viagens de retorno.<\/div>\n<div>\n<div class=\"rounded-full h-1 w-1 bg-primary-300 mt-&#091;10px&#093;\"><\/div>\n<\/div>\n<div class=\"\">Taxa permanente: configure uma taxa permanente para o tempo de espera.<\/div>\n<div>\n<div class=\"rounded-full h-1 w-1 bg-primary-300 mt-&#091;10px&#093;\"><\/div>\n<\/div>\n<div class=\"\">Pre\u00e7o da base at\u00e9 a coleta: defina um pre\u00e7o base para a coleta de passageiros.<\/div>\n<div>\n<div class=\"rounded-full h-1 w-1 bg-primary-300 mt-&#091;10px&#093;\"><\/div>\n<\/div>\n<div class=\"\">Pre\u00e7o do desembarque at\u00e9 a base: defina um pre\u00e7o base para desembarque de passageiros.<\/div>\n<div>\n<div class=\"rounded-full h-1 w-1 bg-primary-300 mt-&#091;10px&#093;\"><\/div>\n<\/div>\n<div class=\"\">Pre\u00e7o M\u00ednimo: Defina um pre\u00e7o m\u00ednimo para cada viagem.<\/div>\n<div>\n<div class=\"rounded-full h-1 w-1 bg-primary-300 mt-&#091;10px&#093;\"><\/div>\n<\/div>\n<div class=\"\">Pre\u00e7o Meet &amp; Greet: Defina um pre\u00e7o para os servi\u00e7os Meet and Greet.<\/div>\n<div>\n<div class=\"rounded-full h-1 w-1 bg-primary-300 mt-&#091;10px&#093;\"><\/div>\n<\/div>\n<div class=\"\">Pre\u00e7o do assento de beb\u00ea: defina um pre\u00e7o para assentos de beb\u00ea.<\/div>\n<div>\n<div class=\"rounded-full h-1 w-1 bg-primary-300 mt-&#091;10px&#093;\"><\/div>\n<\/div>\n<div class=\"\">Pre\u00e7o do Assento Elevat\u00f3rio: Configure um pre\u00e7o para assentos elevat\u00f3rios.<\/div>\n<div>\n<div class=\"rounded-full h-1 w-1 bg-primary-300 mt-&#091;10px&#093;\"><\/div>\n<\/div>\n<div class=\"\">Datas Especiais: Configure pre\u00e7os especiais para feriados e outras datas especiais.<\/div>\n<div>\n<div class=\"rounded-full h-1 w-1 bg-primary-300 mt-&#091;10px&#093;\"><\/div>\n<\/div>\n<div class=\"\">Taxa do passageiro: configure uma taxa para passageiros adicionais.<\/div>\n<div>\n<div class=\"rounded-full h-1 w-1 bg-primary-300 mt-&#091;10px&#093;\"><\/div>\n<\/div>\n<div class=\"\">Taxa de animais de estima\u00e7\u00e3o: configure uma taxa para animais de estima\u00e7\u00e3o.<\/div>\n<div>\n<div class=\"rounded-full h-1 w-1 bg-primary-300 mt-&#091;10px&#093;\"><\/div>\n<\/div>\n<div class=\"\">Pre\u00e7o de espera do motorista por minuto: configure o pre\u00e7o para o tempo de espera do motorista.<\/div>\n<div>\n<div class=\"rounded-full h-1 w-1 bg-primary-300 mt-&#091;10px&#093;\"><\/div>\n<\/div>\n<div class=\"\">Taxa de bagagem extra: configure uma taxa para bagagem extra.<\/div>\n<div>\n<div class=\"rounded-full h-1 w-1 bg-primary-300 mt-&#091;10px&#093;\"><\/div>\n<\/div>\n<div class=\"\">Pre\u00e7o por hora: configure pre\u00e7os para viagens por hora.<\/div>\n<div>\n<div class=\"rounded-full h-1 w-1 bg-primary-300 mt-&#091;10px&#093;\"><\/div>\n<\/div>\n<div class=\"\">Pagamento com Cart\u00e3o de Cr\u00e9dito e D\u00e9bito: Aceite pagamentos atrav\u00e9s de cart\u00f5es de cr\u00e9dito e d\u00e9bito.<\/div>\n<div>\n<div class=\"rounded-full h-1 w-1 bg-primary-300 mt-&#091;10px&#093;\"><\/div>\n<\/div>\n<div class=\"\">PayPal Gateway: Aceite pagamentos atrav\u00e9s do PayPal.<\/div>\n<\/div><\/div><div  class=\"vc_do_toggle vc_toggle vc_toggle_default vc_toggle_color_default  vc_toggle_size_md\"><div class=\"vc_toggle_title\"><h4>Este plugin pode ser implementado no wix?<\/h4><i class=\"vc_toggle_icon\"><\/i><\/div><div class=\"vc_toggle_content\"><p>Sim, nosso plugin de nuvem para WordPress pode funcionar com qualquer tipo de site, incluindo o Wix. Isso ocorre porque o processo de implementa\u00e7\u00e3o requer apenas a incorpora\u00e7\u00e3o de um c\u00f3digo iframe em seu site. Portanto, voc\u00ea pode integrar facilmente nosso plug-in ao seu site Wix seguindo as etapas simples de incorpora\u00e7\u00e3o do c\u00f3digo iframe.<\/p>\n<\/div><\/div><div  class=\"vc_do_toggle vc_toggle vc_toggle_default vc_toggle_color_default  vc_toggle_size_md\"><div class=\"vc_toggle_title\"><h4>Voc\u00ea tem uma demonstra\u00e7\u00e3o para testar o software?<\/h4><i class=\"vc_toggle_icon\"><\/i><\/div><div class=\"vc_toggle_content\"><p>Infelizmente, n\u00e3o temos uma demonstra\u00e7\u00e3o de administrador dispon\u00edvel para testar o software no momento. No entanto, fornecemos alguns sites de clientes no <a href=\"https:\/\/taxiwordpress.com\/pt\/demonstracao\/\">guia de demonstra\u00e7\u00e3o<\/a> e uma vis\u00e3o geral em v\u00eddeo do plug-in completo que voc\u00ea pode conferir para ter uma no\u00e7\u00e3o melhor de como o software funciona. Se voc\u00ea tiver alguma d\u00favida espec\u00edfica sobre o software ou quiser mais informa\u00e7\u00f5es, sinta-se \u00e0 vontade para entrar em contato conosco.<\/p>\n<\/div><\/div><div  class=\"vc_do_toggle vc_toggle vc_toggle_default vc_toggle_color_default  vc_toggle_size_md\"><div class=\"vc_toggle_title\"><h4>Qual \u00e9 o pre\u00e7o do plugin em euros?<\/h4><i class=\"vc_toggle_icon\"><\/i><\/div><div class=\"vc_toggle_content\"><p>Se voc\u00ea deseja saber o pre\u00e7o do plug-in em uma moeda diferente de libras, como euros, pode usar uma ferramenta de convers\u00e3o de moeda como <a href=\"https:\/\/xe.com\" target=\"_blank\" rel=\"noopener\">xe.com<\/a> para verificar as taxas de convers\u00e3o mais recentes. Basta converter o pre\u00e7o do plug-in de libras para euros usando a taxa de c\u00e2mbio atual para obter uma estimativa do custo em euros. Tenha em mente que o valor exato pode variar dependendo da taxa de c\u00e2mbio no momento da compra.<\/p>\n<\/div><\/div><div  class=\"vc_do_toggle vc_toggle vc_toggle_default vc_toggle_color_default  vc_toggle_size_md\"><div class=\"vc_toggle_title\"><h4>Como posso acessar o painel de controle?<\/h4><i class=\"vc_toggle_icon\"><\/i><\/div><div class=\"vc_toggle_content\"><div class=\"\">Para acessar o painel de controle do plugin Taxi WordPress, siga estes passos:<\/div>\n<ol class=\"my-2\">\n<li class=\"ml-4 flex gap-2\">1. Ap\u00f3s sua compra, voc\u00ea receber\u00e1 um e-mail contendo um arquivo zip.<\/li>\n<li class=\"ml-4 flex gap-2\">2. Carregue o arquivo zip na guia de plugins do seu administrador do WordPress.<\/li>\n<li class=\"ml-4 flex gap-2\">3. Uma vez carregado, voc\u00ea encontrar\u00e1 um \u201cTaxi WordPress Plugin\u201d no menu superior esquerdo do seu admin WordPress.<\/li>\n<li class=\"ml-4 flex gap-2\">4. Clique em \u201cTaxi WordPress Plugin\u201d para acessar o submenu.<\/li>\n<li class=\"ml-4 flex gap-2\">5. A partir do submenu, pode aceder ao painel de controlo e a todos os c\u00f3digos necess\u00e1rios para implementar o formul\u00e1rio de reserva.<\/li>\n<\/ol>\n<\/div><\/div><div  class=\"vc_do_toggle vc_toggle vc_toggle_default vc_toggle_color_default  vc_toggle_size_md\"><div class=\"vc_toggle_title\"><h4>Voc\u00ea tem algum v\u00eddeo para ver como o plugin funciona?<\/h4><i class=\"vc_toggle_icon\"><\/i><\/div><div class=\"vc_toggle_content\"><p>Sim, temos v\u00e1rios v\u00eddeos dispon\u00edveis que demonstram o funcionamento do nosso plugin. Esses v\u00eddeos fornecem instru\u00e7\u00f5es passo a passo sobre como instalar e usar o plug-in, al\u00e9m de mostrar seus recursos e capacidades. Voc\u00ea pode encontrar esses v\u00eddeos em nosso site ou em nosso canal no YouTube. \u00c9 altamente recomend\u00e1vel assistir a esses v\u00eddeos para entender melhor como nosso plug-in pode beneficiar seu site ou loja online.<\/p>\n<\/div><\/div><div  class=\"vc_do_toggle vc_toggle vc_toggle_default vc_toggle_color_default  vc_toggle_size_md\"><div class=\"vc_toggle_title\"><h4>Quais s\u00e3o as diferen\u00e7as entre bronze, prata e ouro?<\/h4><i class=\"vc_toggle_icon\"><\/i><\/div><div class=\"vc_toggle_content\"><p>Nossos pacotes de bronze, prata e ouro v\u00eam com o mesmo plug-in WordPress de t\u00e1xi, mas existem algumas diferen\u00e7as entre eles. O pacote Silver inclui o gateway de pagamento Stripe, que permite aceitar pagamentos online de seus clientes. O pacote gold inclui o gateway de pagamento Stripe e um site, para que voc\u00ea possa ter uma presen\u00e7a online profissional para o seu neg\u00f3cio de t\u00e1xi. Com o site, voc\u00ea pode mostrar seus servi\u00e7os, fornecer informa\u00e7\u00f5es sobre sua empresa e permitir que os clientes reservem passeios online. Assim, se procura uma solu\u00e7\u00e3o simples para gerir o seu neg\u00f3cio de t\u00e1xis, o pack bronze \u00e9 uma \u00f3ptima escolha. Se voc\u00ea deseja oferecer pagamentos online aos seus clientes, o Silver Pack \u00e9 o caminho certo. E se voc\u00ea deseja uma presen\u00e7a online completa para o seu neg\u00f3cio de t\u00e1xi, o pacote ouro \u00e9 a escolha perfeita.<\/p>\n<\/div><\/div><div  class=\"vc_do_toggle vc_toggle vc_toggle_default vc_toggle_color_default  vc_toggle_size_md\"><div class=\"vc_toggle_title\"><h4>Ap\u00f3s a compra, o que devo fazer?<\/h4><i class=\"vc_toggle_icon\"><\/i><\/div><div class=\"vc_toggle_content\"><ol class=\"my-2\">\n<li class=\"ml-4 flex gap-2\">1. Ap\u00f3s sua compra, voc\u00ea receber\u00e1 um e-mail contendo um arquivo zip.<\/li>\n<li class=\"ml-4 flex gap-2\">2. Carregue o arquivo zip na guia de plugins do seu administrador do WordPress.<\/li>\n<li class=\"ml-4 flex gap-2\">3. Uma vez carregado, voc\u00ea encontrar\u00e1 um \u201cTaxi WordPress Plugin\u201d no menu superior esquerdo do seu admin WordPress.<\/li>\n<li class=\"ml-4 flex gap-2\">4. Clique em \u201cTaxi WordPress Plugin\u201d para acessar o submenu.<\/li>\n<li class=\"ml-4 flex gap-2\">5. A partir do submenu, pode aceder ao painel de controlo e a todos os c\u00f3digos necess\u00e1rios para implementar o formul\u00e1rio de reserva.<\/li>\n<\/ol>\n<\/div><\/div><\/div><\/div><\/div><\/div><\/div><\/section>\n<\/div>","protected":false},"excerpt":{"rendered":"","protected":false},"author":1,"featured_media":0,"parent":0,"menu_order":0,"comment_status":"closed","ping_status":"closed","template":"","meta":{"om_disable_all_campaigns":false,"footnotes":""},"class_list":["post-2146","page","type-page","status-publish","hentry"],"_links":{"self":[{"href":"https:\/\/taxiwordpress.com\/pt\/wp-json\/wp\/v2\/pages\/2146","targetHints":{"allow":["GET"]}}],"collection":[{"href":"https:\/\/taxiwordpress.com\/pt\/wp-json\/wp\/v2\/pages"}],"about":[{"href":"https:\/\/taxiwordpress.com\/pt\/wp-json\/wp\/v2\/types\/page"}],"author":[{"embeddable":true,"href":"https:\/\/taxiwordpress.com\/pt\/wp-json\/wp\/v2\/users\/1"}],"replies":[{"embeddable":true,"href":"https:\/\/taxiwordpress.com\/pt\/wp-json\/wp\/v2\/comments?post=2146"}],"version-history":[{"count":0,"href":"https:\/\/taxiwordpress.com\/pt\/wp-json\/wp\/v2\/pages\/2146\/revisions"}],"wp:attachment":[{"href":"https:\/\/taxiwordpress.com\/pt\/wp-json\/wp\/v2\/media?parent=2146"}],"curies":[{"name":"wp","href":"https:\/\/api.w.org\/{rel}","templated":true}]}}